{"id":201839,"date":"2024-08-02T03:02:30","date_gmt":"2024-08-02T10:02:30","guid":{"rendered":"https:\/\/glandine.com\/product\/dolce-gabbana-eleganter-roter-nylon-leder-rucksack\/"},"modified":"2024-11-30T17:39:42","modified_gmt":"2024-11-30T16:39:42","slug":"dolce-gabbana-eleganter-roter-nylon-leder-rucksack","status":"publish","type":"product","link":"https:\/\/tpmadalina42.supserv.cozmoslabs.com\/fi\/tuote-2\/dolce-gabbana-eleganter-roter-nylon-leder-rucksack\/","title":{"rendered":"Dolce &amp; Gabbana Tyylik\u00e4s punainen nylonnahkareppu"},"content":{"rendered":"<p>Mit diesem auff\u00e4lligen Rucksack <strong>Kirjailija: Dolce &amp; Gabbana<\/strong>, der sich perfekt f\u00fcr modebewusste Menschen eignet, die viel unterwegs sind, setzen Sie auf Raffinesse und Stil. Dieser brandneue, authentische Rucksack vereint Luxus und Zweckm\u00e4\u00dfigkeit in sattem roten Nylon mit eleganten silbernen Metalldetails. Sein ger\u00e4umiges Hauptfach und die bequemen Schulterriemen machen ihn nicht nur zu einem modischen Statement, sondern auch zu einem vielseitigen Accessoire f\u00fcr den Alltag. Setzen Sie ein mutiges Statement mit unvergleichlicher Handwerkskunst made in Italy.<\/p>\n<ul>\n<li>Material: 68% Nylon, 16% Leder, 10% Baumwolle, 6% PC<\/li>\n<li>V\u00e4ri: punainen<\/li>\n<li>Riemen: Zwei Schulterriemen<\/li>\n<li>Innen: Schwarzes Innenfutter<\/li>\n<li>Sulkeminen: vetoketju<\/li>\n<li>Beschl\u00e4ge: Metall mit eingraviertem Logo<\/li>\n<li>Alkuper\u00e4: Valmistettu Italiassa<\/li>\n<li>Gr\u00f6\u00dfe: 30cm x 45cm x 11cm<\/li>\n<li>Riemenl\u00e4nge: 70cm x 5cm<\/li>\n<\/ul>","protected":false},"excerpt":{"rendered":"<p>Mit diesem auff\u00e4lligen Rucksack von Dolce &amp; Gabbana, der sich perfekt f\u00fcr modebewusste Menschen eignet, die viel unterwegs sind, setzen Sie auf Raffinesse und Stil. Dieser brandneue, authentische Rucksack vereint Luxus und Zweckm\u00e4\u00dfigkeit in sattem roten Nylon mit eleganten silbernen Metalldetails. Sein ger\u00e4umiges Hauptfach und die bequemen Schulterriemen machen ihn nicht nur zu einem modischen [&hellip;]<\/p>","protected":false},"featured_media":201832,"template":"","meta":[],"product_brand":[1620],"product_cat":[1629,1725],"product_tag":[],"class_list":{"0":"post-201839","1":"product","2":"type-product","3":"status-publish","4":"has-post-thumbnail","6":"product_brand-dolce-gabbana","7":"product_cat-maenner","8":"product_cat-rucksaecke","10":"first","11":"instock","12":"sale","13":"taxable","14":"shipping-taxable","15":"purchasable","16":"product-type-simple"},"_links":{"self":[{"href":"https:\/\/tpmadalina42.supserv.cozmoslabs.com\/fi\/wp-json\/wp\/v2\/product\/201839","targetHints":{"allow":["GET"]}}],"collection":[{"href":"https:\/\/tpmadalina42.supserv.cozmoslabs.com\/fi\/wp-json\/wp\/v2\/product"}],"about":[{"href":"https:\/\/tpmadalina42.supserv.cozmoslabs.com\/fi\/wp-json\/wp\/v2\/types\/product"}],"wp:featuredmedia":[{"embeddable":true,"href":"https:\/\/tpmadalina42.supserv.cozmoslabs.com\/fi\/wp-json\/wp\/v2\/media\/201832"}],"wp:attachment":[{"href":"https:\/\/tpmadalina42.supserv.cozmoslabs.com\/fi\/wp-json\/wp\/v2\/media?parent=201839"}],"wp:term":[{"taxonomy":"product_brand","embeddable":true,"href":"https:\/\/tpmadalina42.supserv.cozmoslabs.com\/fi\/wp-json\/wp\/v2\/product_brand?post=201839"},{"taxonomy":"product_cat","embeddable":true,"href":"https:\/\/tpmadalina42.supserv.cozmoslabs.com\/fi\/wp-json\/wp\/v2\/product_cat?post=201839"},{"taxonomy":"product_tag","embeddable":true,"href":"https:\/\/tpmadalina42.supserv.cozmoslabs.com\/fi\/wp-json\/wp\/v2\/product_tag?post=201839"}],"curies":[{"name":"wp","href":"https:\/\/api.w.org\/{rel}","templated":true}]}}