{"id":201857,"date":"2024-08-02T03:09:17","date_gmt":"2024-08-02T10:09:17","guid":{"rendered":"https:\/\/glandine.com\/product\/dolce-gabbana-elegantes-airpods-etui-aus-rotem-leder\/"},"modified":"2024-11-30T19:09:14","modified_gmt":"2024-11-30T18:09:14","slug":"dolce-gabbana-elegantes-airpods-etui-aus-rotem-leder","status":"publish","type":"product","link":"https:\/\/tpmadalina42.supserv.cozmoslabs.com\/fi\/tuote-2\/dolce-gabbana-elegantes-airpods-etui-aus-rotem-leder\/","title":{"rendered":"Dolce &amp; Gabbana Elegant Airpods -kotelo punaisesta nahasta"},"content":{"rendered":"<p>Suojaa Airpodisi tyylill\u00e4 ja eleganssilla kauniin ansiosta <strong>Dolce &amp; Gabbana<\/strong> Nahkainen Airpods-kotelo. T\u00e4m\u00e4 upea lis\u00e4tarvike, uusi etiketeill\u00e4 ja laatikolla, yhdist\u00e4\u00e4 hy\u00f6dyllisyyden huippumuotiin. Punainen vasikannahka huokuu hienostuneisuutta, kun taas yksityiskohtaiset logokorostukset lis\u00e4\u00e4v\u00e4t eksklusiivista tunnelmaa. Kotelo on suunniteltu tarjoamaan optimaalisen suojan teknologiallesi, ja se on valmistettu Italiassa huolella ammattitaitoisesti \u2013 t\u00e4ydellinen sekoitus muotia ja toimivuutta vaativalle yksil\u00f6lle.<\/p>\n<ul>\n<li>V\u00e4ri: punainen<\/li>\n<li>Materiaali: 100% vasikan nahka<\/li>\n<li>Alkuper\u00e4maa: IT<\/li>\n<li>Yksityiskohdat logosta<\/li>\n<li>Mitat: 7cm x 13cm x 1cm<\/li>\n<li>Hihna: 13 cm x 2,5 cm<\/li>\n<\/ul>","protected":false},"excerpt":{"rendered":"<p>Sch\u00fctzen Sie Ihre Airpods mit Stil und Eleganz, dank einer wundersch\u00f6nen Dolce &amp; Gabbana Leder Airpods H\u00fclle. Dieses atemberaubende Accessoire, neu mit Etikett und Box, verbindet N\u00fctzlichkeit mit High Fashion. Das rote Kalbsleder strahlt Raffinesse aus, w\u00e4hrend detaillierte Logo-Akzente f\u00fcr einen exklusiven Touch sorgen. Das Etui ist so strukturiert, dass Ihre Technologie optimal gesch\u00fctzt ist, [&hellip;]<\/p>","protected":false},"featured_media":201849,"template":"","meta":[],"product_brand":[1620],"product_cat":[1721,1629],"product_tag":[],"class_list":{"0":"post-201857","1":"product","2":"type-product","3":"status-publish","4":"has-post-thumbnail","6":"product_brand-dolce-gabbana","7":"product_cat-geldboersen","8":"product_cat-maenner","10":"first","11":"instock","12":"sale","13":"taxable","14":"shipping-taxable","15":"purchasable","16":"product-type-simple"},"_links":{"self":[{"href":"https:\/\/tpmadalina42.supserv.cozmoslabs.com\/fi\/wp-json\/wp\/v2\/product\/201857","targetHints":{"allow":["GET"]}}],"collection":[{"href":"https:\/\/tpmadalina42.supserv.cozmoslabs.com\/fi\/wp-json\/wp\/v2\/product"}],"about":[{"href":"https:\/\/tpmadalina42.supserv.cozmoslabs.com\/fi\/wp-json\/wp\/v2\/types\/product"}],"wp:featuredmedia":[{"embeddable":true,"href":"https:\/\/tpmadalina42.supserv.cozmoslabs.com\/fi\/wp-json\/wp\/v2\/media\/201849"}],"wp:attachment":[{"href":"https:\/\/tpmadalina42.supserv.cozmoslabs.com\/fi\/wp-json\/wp\/v2\/media?parent=201857"}],"wp:term":[{"taxonomy":"product_brand","embeddable":true,"href":"https:\/\/tpmadalina42.supserv.cozmoslabs.com\/fi\/wp-json\/wp\/v2\/product_brand?post=201857"},{"taxonomy":"product_cat","embeddable":true,"href":"https:\/\/tpmadalina42.supserv.cozmoslabs.com\/fi\/wp-json\/wp\/v2\/product_cat?post=201857"},{"taxonomy":"product_tag","embeddable":true,"href":"https:\/\/tpmadalina42.supserv.cozmoslabs.com\/fi\/wp-json\/wp\/v2\/product_tag?post=201857"}],"curies":[{"name":"wp","href":"https:\/\/api.w.org\/{rel}","templated":true}]}}