{"id":201885,"date":"2024-08-02T03:12:32","date_gmt":"2024-08-02T10:12:32","guid":{"rendered":"https:\/\/glandine.com\/product\/dolce-gabbana-elegante-leder-umhaengetasche-in-sattem-braun\/"},"modified":"2024-11-30T19:19:00","modified_gmt":"2024-11-30T18:19:00","slug":"dolce-gabbana-elegante-leder-umhaengetasche-in-sattem-braun","status":"publish","type":"product","link":"https:\/\/tpmadalina42.supserv.cozmoslabs.com\/fi\/tuote-2\/dolce-gabbana-elegante-leder-umhaengetasche-in-sattem-braun\/","title":{"rendered":"Dolce &amp; Gabbana Elegantti nahkainen olkalaukku t\u00e4ytel\u00e4isen ruskeana"},"content":{"rendered":"<p>Erleben Sie Luxus mit dieser makellosen <strong>Dolce &amp; Gabbana<\/strong> Leder-Umh\u00e4ngetasche, die Stil und Funktionalit\u00e4t miteinander verbindet. Dieses Accessoire ist aus kostbarem Leder in einem vielseitigen Braunton gefertigt und ein ikonisches Statement-St\u00fcck. Der magnetische \u00dcberschlag sichert Ihre wichtigsten Utensilien, w\u00e4hrend das markante Logodetail einen Hauch von Designer-Raffinesse verleiht. Diese in Italien gefertigte Tasche ist nicht nur ein praktischer Begleiter, sondern auch ein Beweis f\u00fcr exquisite Handwerkskunst.<\/p>\n<ul>\n<li>Materiaali: 100% nahka<\/li>\n<li>V\u00e4ri: Ruskea<\/li>\n<li>Alkuper\u00e4maa: IT<\/li>\n<li>Abmessungen: 17.5cm x 11cm x 2cm<\/li>\n<li>Riemen: 120cm x 1,5cm<\/li>\n<\/ul>\n<p>Obwohl dieses atemberaubende St\u00fcck kleine Kratzer auf der Vorder- und R\u00fcckseite aufweist, ist es eine einmalige Gelegenheit, einen Luxusartikel zu einem au\u00dfergew\u00f6hnlichen Wert zu besitzen. Ergreifen Sie die Chance, Ihre Sammlung mit dieser <strong>Dolce &amp; Gabbana<\/strong> Umh\u00e4ngetasche zu erweitern.<\/p>","protected":false},"excerpt":{"rendered":"<p>Erleben Sie Luxus mit dieser makellosen Dolce &amp; Gabbana Leder-Umh\u00e4ngetasche, die Stil und Funktionalit\u00e4t miteinander verbindet. Dieses Accessoire ist aus kostbarem Leder in einem vielseitigen Braunton gefertigt und ein ikonisches Statement-St\u00fcck. Der magnetische \u00dcberschlag sichert Ihre wichtigsten Utensilien, w\u00e4hrend das markante Logodetail einen Hauch von Designer-Raffinesse verleiht. Diese in Italien gefertigte Tasche ist nicht nur [&hellip;]<\/p>","protected":false},"featured_media":201879,"template":"","meta":[],"product_brand":[1620],"product_cat":[1629,1744],"product_tag":[],"class_list":{"0":"post-201885","1":"product","2":"type-product","3":"status-publish","4":"has-post-thumbnail","6":"product_brand-dolce-gabbana","7":"product_cat-maenner","8":"product_cat-umhaengetaschen","10":"first","11":"instock","12":"sale","13":"taxable","14":"shipping-taxable","15":"purchasable","16":"product-type-simple"},"_links":{"self":[{"href":"https:\/\/tpmadalina42.supserv.cozmoslabs.com\/fi\/wp-json\/wp\/v2\/product\/201885","targetHints":{"allow":["GET"]}}],"collection":[{"href":"https:\/\/tpmadalina42.supserv.cozmoslabs.com\/fi\/wp-json\/wp\/v2\/product"}],"about":[{"href":"https:\/\/tpmadalina42.supserv.cozmoslabs.com\/fi\/wp-json\/wp\/v2\/types\/product"}],"wp:featuredmedia":[{"embeddable":true,"href":"https:\/\/tpmadalina42.supserv.cozmoslabs.com\/fi\/wp-json\/wp\/v2\/media\/201879"}],"wp:attachment":[{"href":"https:\/\/tpmadalina42.supserv.cozmoslabs.com\/fi\/wp-json\/wp\/v2\/media?parent=201885"}],"wp:term":[{"taxonomy":"product_brand","embeddable":true,"href":"https:\/\/tpmadalina42.supserv.cozmoslabs.com\/fi\/wp-json\/wp\/v2\/product_brand?post=201885"},{"taxonomy":"product_cat","embeddable":true,"href":"https:\/\/tpmadalina42.supserv.cozmoslabs.com\/fi\/wp-json\/wp\/v2\/product_cat?post=201885"},{"taxonomy":"product_tag","embeddable":true,"href":"https:\/\/tpmadalina42.supserv.cozmoslabs.com\/fi\/wp-json\/wp\/v2\/product_tag?post=201885"}],"curies":[{"name":"wp","href":"https:\/\/api.w.org\/{rel}","templated":true}]}}