{"id":201933,"date":"2024-08-02T03:19:20","date_gmt":"2024-08-02T10:19:20","guid":{"rendered":"https:\/\/glandine.com\/product\/dolce-gabbana-braunes-leder-zip-logo-schluesselanhaenger-muenzgeldboerse-schluesselanhaenger-geldboerse\/"},"modified":"2024-11-30T19:36:10","modified_gmt":"2024-11-30T18:36:10","slug":"dolce-gabbana-braunes-leder-zip-logo-schluesselanhaenger-muenzgeldboerse-schluesselanhaenger-geldboerse","status":"publish","type":"product","link":"https:\/\/tpmadalina42.supserv.cozmoslabs.com\/fi\/tuote-2\/dolce-gabbana-braunes-leder-zip-logo-schluesselanhaenger-muenzgeldboerse-schluesselanhaenger-geldboerse\/","title":{"rendered":"Dolce &amp; Gabbana Ruskea nahkainen vetoketjulogoavaimenper\u00e4 Kolikkokukkaro Avaimenper\u00e4 kukkaro"},"content":{"rendered":"<p>DOLCE &amp; GABBANA<\/p>\n<p>Absolut atemberaubend, 100% authentisch, brandneu mit Etiketten Dolce &amp; Gabbana braunem Leder Kartenhalter mit Logo-Pr\u00e4gung auf der R\u00fcckseite, Kartenf\u00e4cher und Ringverschluss.<br \/>\nModell: Kartenhalter Brieftasche<br \/>\nV\u00e4ri: Ruskea<br \/>\nMateriaali: 100% vasikan nahka<br \/>\nMetall-Schnappverschluss<br \/>\nLogon yksityiskohdat<br \/>\nValmistettu Italiassa<br \/>\nAbmessungen: 11,5cm x 8cm x 1cm<\/p>","protected":false},"excerpt":{"rendered":"<p>DOLCE &amp; GABBANA Absolut atemberaubend, 100% authentisch, brandneu mit Etiketten Dolce &amp; Gabbana braunem Leder Kartenhalter mit Logo-Pr\u00e4gung auf der R\u00fcckseite, Kartenf\u00e4cher und Ringverschluss. Modell: Kartenhalter Brieftasche Farbe: Braun Material: 100% Kalbsleder Metall-Schnappverschluss Logo-Details Hergestellt in Italien Abmessungen: 11,5cm x 8cm x 1cm<\/p>","protected":false},"featured_media":201927,"template":"","meta":[],"product_brand":[1620],"product_cat":[1721,1629],"product_tag":[],"class_list":{"0":"post-201933","1":"product","2":"type-product","3":"status-publish","4":"has-post-thumbnail","6":"product_brand-dolce-gabbana","7":"product_cat-geldboersen","8":"product_cat-maenner","10":"first","11":"instock","12":"sale","13":"taxable","14":"shipping-taxable","15":"purchasable","16":"product-type-simple"},"_links":{"self":[{"href":"https:\/\/tpmadalina42.supserv.cozmoslabs.com\/fi\/wp-json\/wp\/v2\/product\/201933","targetHints":{"allow":["GET"]}}],"collection":[{"href":"https:\/\/tpmadalina42.supserv.cozmoslabs.com\/fi\/wp-json\/wp\/v2\/product"}],"about":[{"href":"https:\/\/tpmadalina42.supserv.cozmoslabs.com\/fi\/wp-json\/wp\/v2\/types\/product"}],"wp:featuredmedia":[{"embeddable":true,"href":"https:\/\/tpmadalina42.supserv.cozmoslabs.com\/fi\/wp-json\/wp\/v2\/media\/201927"}],"wp:attachment":[{"href":"https:\/\/tpmadalina42.supserv.cozmoslabs.com\/fi\/wp-json\/wp\/v2\/media?parent=201933"}],"wp:term":[{"taxonomy":"product_brand","embeddable":true,"href":"https:\/\/tpmadalina42.supserv.cozmoslabs.com\/fi\/wp-json\/wp\/v2\/product_brand?post=201933"},{"taxonomy":"product_cat","embeddable":true,"href":"https:\/\/tpmadalina42.supserv.cozmoslabs.com\/fi\/wp-json\/wp\/v2\/product_cat?post=201933"},{"taxonomy":"product_tag","embeddable":true,"href":"https:\/\/tpmadalina42.supserv.cozmoslabs.com\/fi\/wp-json\/wp\/v2\/product_tag?post=201933"}],"curies":[{"name":"wp","href":"https:\/\/api.w.org\/{rel}","templated":true}]}}