{"id":204126,"date":"2024-08-04T23:10:44","date_gmt":"2024-08-05T06:10:44","guid":{"rendered":"https:\/\/glandine.com\/product\/dolce-gabbana-schicke-braune-leder-knoechelriemen-wedges\/"},"modified":"2024-12-13T13:01:46","modified_gmt":"2024-12-13T12:01:46","slug":"dolce-gabbana-schicke-braune-leder-knoechelriemen-wedges","status":"publish","type":"product","link":"https:\/\/tpmadalina42.supserv.cozmoslabs.com\/fi\/tuote-2\/dolce-gabbana-schicke-braune-leder-knoechelriemen-wedges\/","title":{"rendered":"Dolce &amp; Gabbana Schicke braune Leder-Kn\u00f6chelriemen-Wedges"},"content":{"rendered":"<p>Gehen Sie stilvoll aus mit diesen umwerfenden braunen Riemchen-Keilschuhen des Luxus-Modehauses <strong>Dolce &amp; Gabbana<\/strong>. Diese Schuhe sind ein Sinnbild f\u00fcr Eleganz, mit einem gl\u00e4nzenden goldenen DG Amore Logo, das dem Design einen Hauch von Opulenz verleiht. Die Sohle aus Leder sorgt f\u00fcr Langlebigkeit und Komfort und macht diese Wedges perfekt f\u00fcr jede schicke Gelegenheit. Sie werden in Italien aus den besten Materialien hergestellt und spiegeln das Engagement der Marke f\u00fcr Exzellenz wider.<\/p>\n<ul>\n<li>V\u00e4ri: Ruskea<\/li>\n<li>Materiaali: 100% nahka<\/li>\n<li>Alkuper\u00e4maa: SE<\/li>\n<\/ul>","protected":false},"excerpt":{"rendered":"<p>Gehen Sie stilvoll aus mit diesen umwerfenden braunen Riemchen-Keilschuhen des Luxus-Modehauses Dolce &amp; Gabbana. Diese Schuhe sind ein Sinnbild f\u00fcr Eleganz, mit einem gl\u00e4nzenden goldenen DG Amore Logo, das dem Design einen Hauch von Opulenz verleiht. Die Sohle aus Leder sorgt f\u00fcr Langlebigkeit und Komfort und macht diese Wedges perfekt f\u00fcr jede schicke Gelegenheit. Sie [&hellip;]<\/p>","protected":false},"featured_media":204119,"template":"","meta":[],"product_brand":[1620],"product_cat":[1635,1692,1624],"product_tag":[],"class_list":{"0":"post-204126","1":"product","2":"type-product","3":"status-publish","4":"has-post-thumbnail","6":"product_brand-dolce-gabbana","7":"product_cat-frauen-schuhe","8":"product_cat-sandalen-frauen-schuhe","9":"product_cat-schuhe","11":"first","12":"instock","13":"sale","14":"taxable","15":"shipping-taxable","16":"purchasable","17":"product-type-variable"},"_links":{"self":[{"href":"https:\/\/tpmadalina42.supserv.cozmoslabs.com\/fi\/wp-json\/wp\/v2\/product\/204126","targetHints":{"allow":["GET"]}}],"collection":[{"href":"https:\/\/tpmadalina42.supserv.cozmoslabs.com\/fi\/wp-json\/wp\/v2\/product"}],"about":[{"href":"https:\/\/tpmadalina42.supserv.cozmoslabs.com\/fi\/wp-json\/wp\/v2\/types\/product"}],"wp:featuredmedia":[{"embeddable":true,"href":"https:\/\/tpmadalina42.supserv.cozmoslabs.com\/fi\/wp-json\/wp\/v2\/media\/204119"}],"wp:attachment":[{"href":"https:\/\/tpmadalina42.supserv.cozmoslabs.com\/fi\/wp-json\/wp\/v2\/media?parent=204126"}],"wp:term":[{"taxonomy":"product_brand","embeddable":true,"href":"https:\/\/tpmadalina42.supserv.cozmoslabs.com\/fi\/wp-json\/wp\/v2\/product_brand?post=204126"},{"taxonomy":"product_cat","embeddable":true,"href":"https:\/\/tpmadalina42.supserv.cozmoslabs.com\/fi\/wp-json\/wp\/v2\/product_cat?post=204126"},{"taxonomy":"product_tag","embeddable":true,"href":"https:\/\/tpmadalina42.supserv.cozmoslabs.com\/fi\/wp-json\/wp\/v2\/product_tag?post=204126"}],"curies":[{"name":"wp","href":"https:\/\/api.w.org\/{rel}","templated":true}]}}