{"id":204212,"date":"2024-08-05T07:26:32","date_gmt":"2024-08-05T14:26:32","guid":{"rendered":"https:\/\/glandine.com\/product\/maison-margiela-schickes-weisses-baumwoll-top-fuer-stil-enthusiasten\/"},"modified":"2024-12-13T12:10:47","modified_gmt":"2024-12-13T11:10:47","slug":"maison-margiela-schickes-weisses-baumwoll-top-fuer-stil-enthusiasten","status":"publish","type":"product","link":"https:\/\/tpmadalina42.supserv.cozmoslabs.com\/fi\/tuote-2\/maison-margiela-schickes-weisses-baumwoll-top-fuer-stil-enthusiasten\/","title":{"rendered":"Maison Margiela Chic valkoinen puuvillatoppi tyylin yst\u00e4ville"},"content":{"rendered":"<p>Umfassen Sie Eleganz und Schlichtheit mit unserem makellosen wei\u00dfen Oberteil von Maison Margiela. Das aus luxuri\u00f6ser Baumwolle geschneiderte Modell bietet Komfort, ohne auf Stil zu verzichten, und ist perfekt f\u00fcr die anspruchsvolle Fashionista, die ihre Alltagsgarderobe aufwerten m\u00f6chte.<\/p>\n<ul>\n<li>Materiaali: puuvilla<\/li>\n<li>Alkuper\u00e4maa: IT<\/li>\n<li>V\u00e4ri: Valkoinen<\/li>\n<\/ul>","protected":false},"excerpt":{"rendered":"<p>Umfassen Sie Eleganz und Schlichtheit mit unserem makellosen wei\u00dfen Oberteil von Maison Margiela. Das aus luxuri\u00f6ser Baumwolle geschneiderte Modell bietet Komfort, ohne auf Stil zu verzichten, und ist perfekt f\u00fcr die anspruchsvolle Fashionista, die ihre Alltagsgarderobe aufwerten m\u00f6chte. Material: Baumwolle Herkunftsland: IT Farbe: Wei\u00df<\/p>","protected":false},"featured_media":204209,"template":"","meta":[],"product_brand":[2429],"product_cat":[1637,1623,1714],"product_tag":[],"class_list":{"0":"post-204212","1":"product","2":"type-product","3":"status-publish","4":"has-post-thumbnail","6":"product_brand-maison-margiela","7":"product_cat-frauen-kleidung","8":"product_cat-kleidung","9":"product_cat-oberteile-t-shirts","11":"first","12":"instock","13":"sale","14":"taxable","15":"shipping-taxable","16":"purchasable","17":"product-type-variable"},"_links":{"self":[{"href":"https:\/\/tpmadalina42.supserv.cozmoslabs.com\/fi\/wp-json\/wp\/v2\/product\/204212","targetHints":{"allow":["GET"]}}],"collection":[{"href":"https:\/\/tpmadalina42.supserv.cozmoslabs.com\/fi\/wp-json\/wp\/v2\/product"}],"about":[{"href":"https:\/\/tpmadalina42.supserv.cozmoslabs.com\/fi\/wp-json\/wp\/v2\/types\/product"}],"wp:featuredmedia":[{"embeddable":true,"href":"https:\/\/tpmadalina42.supserv.cozmoslabs.com\/fi\/wp-json\/wp\/v2\/media\/204209"}],"wp:attachment":[{"href":"https:\/\/tpmadalina42.supserv.cozmoslabs.com\/fi\/wp-json\/wp\/v2\/media?parent=204212"}],"wp:term":[{"taxonomy":"product_brand","embeddable":true,"href":"https:\/\/tpmadalina42.supserv.cozmoslabs.com\/fi\/wp-json\/wp\/v2\/product_brand?post=204212"},{"taxonomy":"product_cat","embeddable":true,"href":"https:\/\/tpmadalina42.supserv.cozmoslabs.com\/fi\/wp-json\/wp\/v2\/product_cat?post=204212"},{"taxonomy":"product_tag","embeddable":true,"href":"https:\/\/tpmadalina42.supserv.cozmoslabs.com\/fi\/wp-json\/wp\/v2\/product_tag?post=204212"}],"curies":[{"name":"wp","href":"https:\/\/api.w.org\/{rel}","templated":true}]}}