{"id":204363,"date":"2024-08-06T02:52:57","date_gmt":"2024-08-06T09:52:57","guid":{"rendered":"https:\/\/glandine.com\/product\/dolce-gabbana-braune-handschuhe-aus-baumwollstretch-in-handgelenklaenge\/"},"modified":"2024-12-01T06:27:45","modified_gmt":"2024-12-01T05:27:45","slug":"dolce-gabbana-braune-handschuhe-aus-baumwollstretch-in-handgelenklaenge","status":"publish","type":"product","link":"https:\/\/tpmadalina42.supserv.cozmoslabs.com\/fi\/tuote-2\/dolce-gabbana-braune-handschuhe-aus-baumwollstretch-in-handgelenklaenge\/","title":{"rendered":"Dolce &amp; Gabbana Brown ranteeseen ulottuvat joustavat puuvillak\u00e4sineet"},"content":{"rendered":"<p>DOLCE &amp; GABBANA<\/p>\n<p>Wundersch\u00f6ne brandneu mit Tags, 100% Authentic Dolce &amp; Gabbana Handgelenk L\u00e4nge Baumwolle Handschuhe.<br \/>\nModell: Unisex Handgelenkl\u00e4nge<br \/>\nV\u00e4ri: Ruskea<br \/>\nMateriaali: 97% puuvilla 3% elastaani<br \/>\nVuori: 100% viskoosi<br \/>\nLogon yksityiskohdat<br \/>\nValmistettu Italiassa<br \/>\nEritt\u00e4in harvinainen l\u00f6yt\u00e4\u00e4 ja korkea k\u00e4sity\u00f6taito<\/p>","protected":false},"excerpt":{"rendered":"<p>DOLCE &amp; GABBANA Wundersch\u00f6ne brandneu mit Tags, 100% Authentic Dolce &amp; Gabbana Handgelenk L\u00e4nge Baumwolle Handschuhe. Modell: Unisex Handgelenkl\u00e4nge Farbe: Braun Material: 97% Baumwolle 3% Elastan Futter: 100% Viskose Logo-Details In Italien hergestellt Sehr selten zu finden und hohe Handwerkskunst<\/p>","protected":false},"featured_media":204358,"template":"","meta":[],"product_brand":[1620],"product_cat":[1621,1632,1663],"product_tag":[],"class_list":{"0":"post-204363","1":"product","2":"type-product","3":"status-publish","4":"has-post-thumbnail","6":"product_brand-dolce-gabbana","7":"product_cat-accessoire","8":"product_cat-frauen-zubehoer","9":"product_cat-handschuhe-frauen-zubehoer","11":"first","12":"instock","13":"sale","14":"taxable","15":"shipping-taxable","16":"purchasable","17":"product-type-variable"},"_links":{"self":[{"href":"https:\/\/tpmadalina42.supserv.cozmoslabs.com\/fi\/wp-json\/wp\/v2\/product\/204363","targetHints":{"allow":["GET"]}}],"collection":[{"href":"https:\/\/tpmadalina42.supserv.cozmoslabs.com\/fi\/wp-json\/wp\/v2\/product"}],"about":[{"href":"https:\/\/tpmadalina42.supserv.cozmoslabs.com\/fi\/wp-json\/wp\/v2\/types\/product"}],"wp:featuredmedia":[{"embeddable":true,"href":"https:\/\/tpmadalina42.supserv.cozmoslabs.com\/fi\/wp-json\/wp\/v2\/media\/204358"}],"wp:attachment":[{"href":"https:\/\/tpmadalina42.supserv.cozmoslabs.com\/fi\/wp-json\/wp\/v2\/media?parent=204363"}],"wp:term":[{"taxonomy":"product_brand","embeddable":true,"href":"https:\/\/tpmadalina42.supserv.cozmoslabs.com\/fi\/wp-json\/wp\/v2\/product_brand?post=204363"},{"taxonomy":"product_cat","embeddable":true,"href":"https:\/\/tpmadalina42.supserv.cozmoslabs.com\/fi\/wp-json\/wp\/v2\/product_cat?post=204363"},{"taxonomy":"product_tag","embeddable":true,"href":"https:\/\/tpmadalina42.supserv.cozmoslabs.com\/fi\/wp-json\/wp\/v2\/product_tag?post=204363"}],"curies":[{"name":"wp","href":"https:\/\/api.w.org\/{rel}","templated":true}]}}