{"id":204409,"date":"2024-08-06T03:12:16","date_gmt":"2024-08-06T10:12:16","guid":{"rendered":"https:\/\/glandine.com\/product\/dolce-gabbana-braune-acetat-spitzenhandschuhe-ohne-finger\/"},"modified":"2024-12-01T06:30:01","modified_gmt":"2024-12-01T05:30:01","slug":"dolce-gabbana-braune-acetat-spitzenhandschuhe-ohne-finger","status":"publish","type":"product","link":"https:\/\/tpmadalina42.supserv.cozmoslabs.com\/fi\/tuote-2\/dolce-gabbana-braune-acetat-spitzenhandschuhe-ohne-finger\/","title":{"rendered":"Dolce &amp; Gabbana ruskeat asetaattipitsisormettomat k\u00e4sineet"},"content":{"rendered":"<p>DOLCE &amp; GABBANA<\/p>\n<p>Gorgeous brandneu mit Tags, 100% Authentic Dolce &amp; Gabbana Ellenbogen L\u00e4nge Spitze bis fingerlose Handschuhe.<br \/>\nMalli: Kyyn\u00e4rp\u00e4\u00e4n pituus<br \/>\nV\u00e4ri: Ruskea<br \/>\nMateriaali: 65% asetaatti 29% nylon 8% elastaani<br \/>\nLogon yksityiskohdat<br \/>\nValmistettu Italiassa<br \/>\nEritt\u00e4in harvinainen l\u00f6yt\u00e4\u00e4 ja korkea k\u00e4sity\u00f6taito<\/p>","protected":false},"excerpt":{"rendered":"<p>DOLCE &amp; GABBANA Gorgeous brandneu mit Tags, 100% Authentic Dolce &amp; Gabbana Ellenbogen L\u00e4nge Spitze bis fingerlose Handschuhe. Modell: Ellenbogenl\u00e4nge Farbe: Braun Material: 65% Acetat 29% Nylon 8% Elastan Logo-Details In Italien hergestellt Sehr selten zu finden und hohe Handwerkskunst<\/p>","protected":false},"featured_media":204403,"template":"","meta":[],"product_brand":[1620],"product_cat":[1621,1632,1663],"product_tag":[],"class_list":{"0":"post-204409","1":"product","2":"type-product","3":"status-publish","4":"has-post-thumbnail","6":"product_brand-dolce-gabbana","7":"product_cat-accessoire","8":"product_cat-frauen-zubehoer","9":"product_cat-handschuhe-frauen-zubehoer","11":"first","12":"instock","13":"sale","14":"taxable","15":"shipping-taxable","16":"purchasable","17":"product-type-variable"},"_links":{"self":[{"href":"https:\/\/tpmadalina42.supserv.cozmoslabs.com\/fi\/wp-json\/wp\/v2\/product\/204409","targetHints":{"allow":["GET"]}}],"collection":[{"href":"https:\/\/tpmadalina42.supserv.cozmoslabs.com\/fi\/wp-json\/wp\/v2\/product"}],"about":[{"href":"https:\/\/tpmadalina42.supserv.cozmoslabs.com\/fi\/wp-json\/wp\/v2\/types\/product"}],"wp:featuredmedia":[{"embeddable":true,"href":"https:\/\/tpmadalina42.supserv.cozmoslabs.com\/fi\/wp-json\/wp\/v2\/media\/204403"}],"wp:attachment":[{"href":"https:\/\/tpmadalina42.supserv.cozmoslabs.com\/fi\/wp-json\/wp\/v2\/media?parent=204409"}],"wp:term":[{"taxonomy":"product_brand","embeddable":true,"href":"https:\/\/tpmadalina42.supserv.cozmoslabs.com\/fi\/wp-json\/wp\/v2\/product_brand?post=204409"},{"taxonomy":"product_cat","embeddable":true,"href":"https:\/\/tpmadalina42.supserv.cozmoslabs.com\/fi\/wp-json\/wp\/v2\/product_cat?post=204409"},{"taxonomy":"product_tag","embeddable":true,"href":"https:\/\/tpmadalina42.supserv.cozmoslabs.com\/fi\/wp-json\/wp\/v2\/product_tag?post=204409"}],"curies":[{"name":"wp","href":"https:\/\/api.w.org\/{rel}","templated":true}]}}