{"id":204569,"date":"2024-08-06T03:36:07","date_gmt":"2024-08-06T10:36:07","guid":{"rendered":"https:\/\/glandine.com\/product\/dolce-gabbana-eleganter-gepunkteter-kummerbund-aus-schwarzer-seide\/"},"modified":"2024-11-29T18:21:03","modified_gmt":"2024-11-29T17:21:03","slug":"dolce-gabbana-eleganter-gepunkteter-kummerbund-aus-schwarzer-seide","status":"publish","type":"product","link":"https:\/\/tpmadalina42.supserv.cozmoslabs.com\/fi\/tuote-2\/dolce-gabbana-eleganter-gepunkteter-kummerbund-aus-schwarzer-seide\/","title":{"rendered":"Dolce &amp; Gabbana Tyylik\u00e4s pilkullinen musta silkki"},"content":{"rendered":"<p>G\u00f6nnen Sie sich den Inbegriff von Luxus mit diesem exquisiten Kummerbund aus 100% echter Seide aus der prestigetr\u00e4chtigen MainLine BlackLabel Kollektion von Dolce &amp; Gabbana. Der zeitlose schwarze Stoff, der mit eleganten wei\u00dfen Punkten verziert ist, verleiht jedem formellen Ensemble einen Hauch von Raffinesse. Mit seinem verstellbaren Haken-Clip-Verschluss und dem Stretchband verbindet dieser Kummerbund Komfort mit der makellosen italienischen Handwerkskunst, f\u00fcr die Dolce &amp; Gabbana bekannt ist.<\/p>\n<ul>\n<li>Materiaali: 100% silkki<\/li>\n<li>V\u00e4ri: Musta valkoisilla pilkuilla<\/li>\n<li>S\u00e4\u00e4dett\u00e4v\u00e4 hakaskiinnitys<\/li>\n<li>Dehnbares Band f\u00fcr eine perfekte Passform<\/li>\n<li>Logodetails, die die Handschrift der Marke unterstreichen<\/li>\n<li>Valmistettu Italiassa<\/li>\n<li>Breite: 13 cm<\/li>\n<\/ul>","protected":false},"excerpt":{"rendered":"<p>G\u00f6nnen Sie sich den Inbegriff von Luxus mit diesem exquisiten Kummerbund aus 100% echter Seide aus der prestigetr\u00e4chtigen MainLine BlackLabel Kollektion von Dolce &amp; Gabbana. Der zeitlose schwarze Stoff, der mit eleganten wei\u00dfen Punkten verziert ist, verleiht jedem formellen Ensemble einen Hauch von Raffinesse. Mit seinem verstellbaren Haken-Clip-Verschluss und dem Stretchband verbindet dieser Kummerbund Komfort [&hellip;]<\/p>","protected":false},"featured_media":204564,"template":"","meta":[],"product_brand":[1620],"product_cat":[1621,1631,1724],"product_tag":[],"class_list":{"0":"post-204569","1":"product","2":"type-product","3":"status-publish","4":"has-post-thumbnail","6":"product_brand-dolce-gabbana","7":"product_cat-accessoire","8":"product_cat-maenner-zubehoer","9":"product_cat-kummerbund","11":"first","12":"instock","13":"sale","14":"taxable","15":"shipping-taxable","16":"purchasable","17":"product-type-variable"},"_links":{"self":[{"href":"https:\/\/tpmadalina42.supserv.cozmoslabs.com\/fi\/wp-json\/wp\/v2\/product\/204569","targetHints":{"allow":["GET"]}}],"collection":[{"href":"https:\/\/tpmadalina42.supserv.cozmoslabs.com\/fi\/wp-json\/wp\/v2\/product"}],"about":[{"href":"https:\/\/tpmadalina42.supserv.cozmoslabs.com\/fi\/wp-json\/wp\/v2\/types\/product"}],"wp:featuredmedia":[{"embeddable":true,"href":"https:\/\/tpmadalina42.supserv.cozmoslabs.com\/fi\/wp-json\/wp\/v2\/media\/204564"}],"wp:attachment":[{"href":"https:\/\/tpmadalina42.supserv.cozmoslabs.com\/fi\/wp-json\/wp\/v2\/media?parent=204569"}],"wp:term":[{"taxonomy":"product_brand","embeddable":true,"href":"https:\/\/tpmadalina42.supserv.cozmoslabs.com\/fi\/wp-json\/wp\/v2\/product_brand?post=204569"},{"taxonomy":"product_cat","embeddable":true,"href":"https:\/\/tpmadalina42.supserv.cozmoslabs.com\/fi\/wp-json\/wp\/v2\/product_cat?post=204569"},{"taxonomy":"product_tag","embeddable":true,"href":"https:\/\/tpmadalina42.supserv.cozmoslabs.com\/fi\/wp-json\/wp\/v2\/product_tag?post=204569"}],"curies":[{"name":"wp","href":"https:\/\/api.w.org\/{rel}","templated":true}]}}