{"id":204704,"date":"2024-08-06T05:34:51","date_gmt":"2024-08-06T12:34:51","guid":{"rendered":"https:\/\/glandine.com\/product\/dolce-gabbana-beige-acryl-gestrickt-pelz-handgelenk-faeustlinge-handschuhe\/"},"modified":"2024-12-01T06:30:27","modified_gmt":"2024-12-01T05:30:27","slug":"dolce-gabbana-beige-acryl-gestrickt-pelz-handgelenk-faeustlinge-handschuhe","status":"publish","type":"product","link":"https:\/\/tpmadalina42.supserv.cozmoslabs.com\/fi\/tuote-2\/dolce-gabbana-beige-acryl-gestrickt-pelz-handgelenk-faeustlinge-handschuhe\/","title":{"rendered":"Dolce &amp; Gabbana Beige akryylineulottu turkis rannek\u00e4sineet"},"content":{"rendered":"<p>DOLCE &amp; GABBANA<\/p>\n<p>Gorgeous brandneue mit Tags, 100% Authentic Dolce &amp; Gabbana gestrickt Pelz Handschuhe.<br \/>\nModell: Handgelenk L\u00e4nge<br \/>\nV\u00e4ri: beige<br \/>\nMaterial: 62% Polyacryl 38% Polyester<br \/>\nInnenfutter: 100% Baumwolle<br \/>\nLogon yksityiskohdat<br \/>\nValmistettu Italiassa<br \/>\nEritt\u00e4in harvinainen l\u00f6yt\u00e4\u00e4 ja korkea k\u00e4sity\u00f6taito<\/p>","protected":false},"excerpt":{"rendered":"<p>DOLCE &amp; GABBANA Gorgeous brandneue mit Tags, 100% Authentic Dolce &amp; Gabbana gestrickt Pelz Handschuhe. Modell: Handgelenk L\u00e4nge Farbe: Beige Material: 62% Polyacryl 38% Polyester Innenfutter: 100% Baumwolle Logo-Details Hergestellt in Italien Sehr selten zu finden und hohe Handwerkskunst<\/p>","protected":false},"featured_media":204698,"template":"","meta":[],"product_brand":[1620],"product_cat":[1621,1632,1663],"product_tag":[],"class_list":{"0":"post-204704","1":"product","2":"type-product","3":"status-publish","4":"has-post-thumbnail","6":"product_brand-dolce-gabbana","7":"product_cat-accessoire","8":"product_cat-frauen-zubehoer","9":"product_cat-handschuhe-frauen-zubehoer","11":"first","12":"instock","13":"sale","14":"taxable","15":"shipping-taxable","16":"purchasable","17":"product-type-simple"},"_links":{"self":[{"href":"https:\/\/tpmadalina42.supserv.cozmoslabs.com\/fi\/wp-json\/wp\/v2\/product\/204704","targetHints":{"allow":["GET"]}}],"collection":[{"href":"https:\/\/tpmadalina42.supserv.cozmoslabs.com\/fi\/wp-json\/wp\/v2\/product"}],"about":[{"href":"https:\/\/tpmadalina42.supserv.cozmoslabs.com\/fi\/wp-json\/wp\/v2\/types\/product"}],"wp:featuredmedia":[{"embeddable":true,"href":"https:\/\/tpmadalina42.supserv.cozmoslabs.com\/fi\/wp-json\/wp\/v2\/media\/204698"}],"wp:attachment":[{"href":"https:\/\/tpmadalina42.supserv.cozmoslabs.com\/fi\/wp-json\/wp\/v2\/media?parent=204704"}],"wp:term":[{"taxonomy":"product_brand","embeddable":true,"href":"https:\/\/tpmadalina42.supserv.cozmoslabs.com\/fi\/wp-json\/wp\/v2\/product_brand?post=204704"},{"taxonomy":"product_cat","embeddable":true,"href":"https:\/\/tpmadalina42.supserv.cozmoslabs.com\/fi\/wp-json\/wp\/v2\/product_cat?post=204704"},{"taxonomy":"product_tag","embeddable":true,"href":"https:\/\/tpmadalina42.supserv.cozmoslabs.com\/fi\/wp-json\/wp\/v2\/product_tag?post=204704"}],"curies":[{"name":"wp","href":"https:\/\/api.w.org\/{rel}","templated":true}]}}