{"id":204710,"date":"2024-08-06T05:36:56","date_gmt":"2024-08-06T12:36:56","guid":{"rendered":"https:\/\/glandine.com\/product\/dolce-gabbana-schwarz-rote-nylon-handschuhe-in-handgelenkslaenge\/"},"modified":"2024-12-01T06:30:35","modified_gmt":"2024-12-01T05:30:35","slug":"dolce-gabbana-schwarz-rote-nylon-handschuhe-in-handgelenkslaenge","status":"publish","type":"product","link":"https:\/\/tpmadalina42.supserv.cozmoslabs.com\/fi\/tuote-2\/dolce-gabbana-schwarz-rote-nylon-handschuhe-in-handgelenkslaenge\/","title":{"rendered":"Dolce &amp; Gabbana Schwarz-rote Nylon-Handschuhe in Handgelenksl\u00e4nge"},"content":{"rendered":"<p>DOLCE &amp; GABBANA<\/p>\n<p>Wundersch\u00f6ne brandneu mit Tags, 100% Authentic Dolce &amp; Gabbana schwarze Biker-Handschuhe aus Nylon.<br \/>\nModell: Handschuhe<br \/>\nFarbe: Schwarz, Rot<br \/>\nMaterial: 80% Nylon 10% PU 10% Polyester<br \/>\nLogon yksityiskohdat<br \/>\nValmistettu Italiassa<br \/>\nEritt\u00e4in harvinainen l\u00f6yt\u00e4\u00e4 ja korkea k\u00e4sity\u00f6taito<\/p>","protected":false},"excerpt":{"rendered":"<p>DOLCE &amp; GABBANA Wundersch\u00f6ne brandneu mit Tags, 100% Authentic Dolce &amp; Gabbana schwarze Biker-Handschuhe aus Nylon. Modell: Handschuhe Farbe: Schwarz, Rot Material: 80% Nylon 10% PU 10% Polyester Logo-Details Hergestellt in Italien Sehr selten zu finden und hohe Handwerkskunst<\/p>","protected":false},"featured_media":204705,"template":"","meta":[],"product_brand":[1620],"product_cat":[1621,1631,1662],"product_tag":[],"class_list":{"0":"post-204710","1":"product","2":"type-product","3":"status-publish","4":"has-post-thumbnail","6":"product_brand-dolce-gabbana","7":"product_cat-accessoire","8":"product_cat-maenner-zubehoer","9":"product_cat-handschuhe","11":"first","12":"instock","13":"sale","14":"taxable","15":"shipping-taxable","16":"purchasable","17":"product-type-variable"},"_links":{"self":[{"href":"https:\/\/tpmadalina42.supserv.cozmoslabs.com\/fi\/wp-json\/wp\/v2\/product\/204710","targetHints":{"allow":["GET"]}}],"collection":[{"href":"https:\/\/tpmadalina42.supserv.cozmoslabs.com\/fi\/wp-json\/wp\/v2\/product"}],"about":[{"href":"https:\/\/tpmadalina42.supserv.cozmoslabs.com\/fi\/wp-json\/wp\/v2\/types\/product"}],"wp:featuredmedia":[{"embeddable":true,"href":"https:\/\/tpmadalina42.supserv.cozmoslabs.com\/fi\/wp-json\/wp\/v2\/media\/204705"}],"wp:attachment":[{"href":"https:\/\/tpmadalina42.supserv.cozmoslabs.com\/fi\/wp-json\/wp\/v2\/media?parent=204710"}],"wp:term":[{"taxonomy":"product_brand","embeddable":true,"href":"https:\/\/tpmadalina42.supserv.cozmoslabs.com\/fi\/wp-json\/wp\/v2\/product_brand?post=204710"},{"taxonomy":"product_cat","embeddable":true,"href":"https:\/\/tpmadalina42.supserv.cozmoslabs.com\/fi\/wp-json\/wp\/v2\/product_cat?post=204710"},{"taxonomy":"product_tag","embeddable":true,"href":"https:\/\/tpmadalina42.supserv.cozmoslabs.com\/fi\/wp-json\/wp\/v2\/product_tag?post=204710"}],"curies":[{"name":"wp","href":"https:\/\/api.w.org\/{rel}","templated":true}]}}