{"id":205127,"date":"2024-08-06T07:25:42","date_gmt":"2024-08-06T14:25:42","guid":{"rendered":"https:\/\/glandine.com\/product\/dolce-gabbana-slim-fit-distressed-skinny-denim-jeans\/"},"modified":"2024-11-29T23:16:47","modified_gmt":"2024-11-29T22:16:47","slug":"dolce-gabbana-slim-fit-distressed-skinny-denim-jeans","status":"publish","type":"product","link":"https:\/\/tpmadalina42.supserv.cozmoslabs.com\/fi\/tuote-2\/dolce-gabbana-slim-fit-distressed-skinny-denim-jeans\/","title":{"rendered":"Dolce &amp; Gabbana Slim Fit Distressed Skinny Denim Jeans"},"content":{"rendered":"<p>G\u00f6nnen Sie sich den Inbegriff italienischer Handwerkskunst mit dieser atemberaubenden Dolce &amp; Gabbana Skinny Denim Jeans. Die Hose in Dunkelbraun ist perfekt f\u00fcr modebewusste Menschen und hat eine schlanke, k\u00f6rperbetonte Passform. Die Distressed-Details verleihen Ihrem Look einen besonderen Touch, w\u00e4hrend die charakteristische D&amp;G-Kronenstickerei ein luxuri\u00f6ses Statement setzt. Die Jeans ist aus einer hochwertigen Baumwollmischung mit einem Hauch von Elastan f\u00fcr mehr Komfort gefertigt und vereint Stil und Funktionalit\u00e4t mit einem praktischen Rei\u00dfverschluss und Knopf.<\/p>\n<ul>\n<li>V\u00e4ri: Ruskea<\/li>\n<li>Materiaali: 98% puuvilla, 2% elastaani<\/li>\n<li>Alkuper\u00e4maa: Italia<\/li>\n<li>Logon yksityiskohdat<\/li>\n<\/ul>","protected":false},"excerpt":{"rendered":"<p>G\u00f6nnen Sie sich den Inbegriff italienischer Handwerkskunst mit dieser atemberaubenden Dolce &amp; Gabbana Skinny Denim Jeans. Die Hose in Dunkelbraun ist perfekt f\u00fcr modebewusste Menschen und hat eine schlanke, k\u00f6rperbetonte Passform. Die Distressed-Details verleihen Ihrem Look einen besonderen Touch, w\u00e4hrend die charakteristische D&amp;G-Kronenstickerei ein luxuri\u00f6ses Statement setzt. Die Jeans ist aus einer hochwertigen Baumwollmischung mit [&hellip;]<\/p>","protected":false},"featured_media":205124,"template":"","meta":[],"product_brand":[1620],"product_cat":[1633,1671,1623],"product_tag":[],"class_list":{"0":"post-205127","1":"product","2":"type-product","3":"status-publish","4":"has-post-thumbnail","6":"product_brand-dolce-gabbana","7":"product_cat-maenner-kleidung","8":"product_cat-jeans-hosen","9":"product_cat-kleidung","11":"first","12":"instock","13":"sale","14":"taxable","15":"shipping-taxable","16":"purchasable","17":"product-type-variable"},"_links":{"self":[{"href":"https:\/\/tpmadalina42.supserv.cozmoslabs.com\/fi\/wp-json\/wp\/v2\/product\/205127","targetHints":{"allow":["GET"]}}],"collection":[{"href":"https:\/\/tpmadalina42.supserv.cozmoslabs.com\/fi\/wp-json\/wp\/v2\/product"}],"about":[{"href":"https:\/\/tpmadalina42.supserv.cozmoslabs.com\/fi\/wp-json\/wp\/v2\/types\/product"}],"wp:featuredmedia":[{"embeddable":true,"href":"https:\/\/tpmadalina42.supserv.cozmoslabs.com\/fi\/wp-json\/wp\/v2\/media\/205124"}],"wp:attachment":[{"href":"https:\/\/tpmadalina42.supserv.cozmoslabs.com\/fi\/wp-json\/wp\/v2\/media?parent=205127"}],"wp:term":[{"taxonomy":"product_brand","embeddable":true,"href":"https:\/\/tpmadalina42.supserv.cozmoslabs.com\/fi\/wp-json\/wp\/v2\/product_brand?post=205127"},{"taxonomy":"product_cat","embeddable":true,"href":"https:\/\/tpmadalina42.supserv.cozmoslabs.com\/fi\/wp-json\/wp\/v2\/product_cat?post=205127"},{"taxonomy":"product_tag","embeddable":true,"href":"https:\/\/tpmadalina42.supserv.cozmoslabs.com\/fi\/wp-json\/wp\/v2\/product_tag?post=205127"}],"curies":[{"name":"wp","href":"https:\/\/api.w.org\/{rel}","templated":true}]}}