{"id":205268,"date":"2024-08-06T09:21:19","date_gmt":"2024-08-06T16:21:19","guid":{"rendered":"https:\/\/glandine.com\/product\/missoni-eleganter-grauer-wollschal-mit-signature-streifen\/"},"modified":"2024-11-29T18:47:24","modified_gmt":"2024-11-29T17:47:24","slug":"missoni-eleganter-grauer-wollschal-mit-signature-streifen","status":"publish","type":"product","link":"https:\/\/tpmadalina42.supserv.cozmoslabs.com\/fi\/tuote-2\/missoni-eleganter-grauer-wollschal-mit-signature-streifen\/","title":{"rendered":"Missoni Eleganter grauer Wollschal mit Signature-Streifen"},"content":{"rendered":"<p>Entdecken Sie zeitlose Eleganz mit diesem luxuri\u00f6sen <strong>Wollschal von Missoni<\/strong>, der eine perfekte Erg\u00e4nzung f\u00fcr jede Garderobe ist. Mit dem kultigen Streifenmuster und der dezenten Stickerei des Markenlogos ist dieser Schal nicht nur ein Accessoire, sondern ein Statement f\u00fcr raffinierten Geschmack. Er ist aus 100% Wolle gefertigt und bietet W\u00e4rme und Komfort in einem Unisex-Design, das durch geschmackvolle Fransen akzentuiert wird. Er wird mit Stolz in Italien hergestellt und bietet mit seinen gro\u00dfz\u00fcgigen Ma\u00dfen vielseitige Stylingm\u00f6glichkeiten.<\/p>\n<ul>\n<li>Materiaali: 100% villa<\/li>\n<li>V\u00e4ri: Harmaa<\/li>\n<li>Sukupuoli: Unisex<\/li>\n<li>Gr\u00f6\u00dfe: 180cm x 58cm<\/li>\n<li>Alkuper\u00e4maa: IT<\/li>\n<li>Logon yksityiskohdat<\/li>\n<li>Hapsut<\/li>\n<\/ul>","protected":false},"excerpt":{"rendered":"<p>Entdecken Sie zeitlose Eleganz mit diesem luxuri\u00f6sen Wollschal von Missoni, der eine perfekte Erg\u00e4nzung f\u00fcr jede Garderobe ist. Mit dem kultigen Streifenmuster und der dezenten Stickerei des Markenlogos ist dieser Schal nicht nur ein Accessoire, sondern ein Statement f\u00fcr raffinierten Geschmack. Er ist aus 100% Wolle gefertigt und bietet W\u00e4rme und Komfort in einem Unisex-Design, [&hellip;]<\/p>","protected":false},"featured_media":205264,"template":"","meta":[],"product_brand":[2082],"product_cat":[1621,1631,1693],"product_tag":[],"class_list":{"0":"post-205268","1":"product","2":"type-product","3":"status-publish","4":"has-post-thumbnail","6":"product_brand-missoni","7":"product_cat-accessoire","8":"product_cat-maenner-zubehoer","9":"product_cat-schals","11":"first","12":"instock","13":"sale","14":"taxable","15":"shipping-taxable","16":"purchasable","17":"product-type-simple"},"_links":{"self":[{"href":"https:\/\/tpmadalina42.supserv.cozmoslabs.com\/fi\/wp-json\/wp\/v2\/product\/205268","targetHints":{"allow":["GET"]}}],"collection":[{"href":"https:\/\/tpmadalina42.supserv.cozmoslabs.com\/fi\/wp-json\/wp\/v2\/product"}],"about":[{"href":"https:\/\/tpmadalina42.supserv.cozmoslabs.com\/fi\/wp-json\/wp\/v2\/types\/product"}],"wp:featuredmedia":[{"embeddable":true,"href":"https:\/\/tpmadalina42.supserv.cozmoslabs.com\/fi\/wp-json\/wp\/v2\/media\/205264"}],"wp:attachment":[{"href":"https:\/\/tpmadalina42.supserv.cozmoslabs.com\/fi\/wp-json\/wp\/v2\/media?parent=205268"}],"wp:term":[{"taxonomy":"product_brand","embeddable":true,"href":"https:\/\/tpmadalina42.supserv.cozmoslabs.com\/fi\/wp-json\/wp\/v2\/product_brand?post=205268"},{"taxonomy":"product_cat","embeddable":true,"href":"https:\/\/tpmadalina42.supserv.cozmoslabs.com\/fi\/wp-json\/wp\/v2\/product_cat?post=205268"},{"taxonomy":"product_tag","embeddable":true,"href":"https:\/\/tpmadalina42.supserv.cozmoslabs.com\/fi\/wp-json\/wp\/v2\/product_tag?post=205268"}],"curies":[{"name":"wp","href":"https:\/\/api.w.org\/{rel}","templated":true}]}}