{"id":206450,"date":"2024-08-06T17:43:30","date_gmt":"2024-08-07T00:43:30","guid":{"rendered":"https:\/\/glandine.com\/product\/dolce-gabbana-elegante-rote-seidenfliege-6\/"},"modified":"2024-11-30T03:29:00","modified_gmt":"2024-11-30T02:29:00","slug":"dolce-gabbana-elegante-rote-seidenfliege-6","status":"publish","type":"product","link":"https:\/\/tpmadalina42.supserv.cozmoslabs.com\/fi\/tuote-2\/dolce-gabbana-elegante-rote-seidenfliege-6\/","title":{"rendered":"Dolce &amp; Gabbana Elegantti punainen silkkirusetti"},"content":{"rendered":"<p>Verstr\u00f6men Sie raffinierten Charme mit dieser absolut umwerfenden, 100% authentischen Fliege von Dolce &amp; Gabbana. Dieses exklusive Accessoire ist nicht nur ein Statement-St\u00fcck, sondern ein Zeichen echter Handwerkskunst. Die leuchtend rote Farbe ist sicher eine auff\u00e4llige Erg\u00e4nzung zu jeder formellen Kleidung, und mit einem verstellbaren Nackenband, verspricht es eine perfekte Passform f\u00fcr jeden Gentleman.<\/p>\n<ul>\n<li>V\u00e4ri: punainen<\/li>\n<li>Materiaali: 100% silkki<\/li>\n<li>S\u00e4\u00e4dett\u00e4v\u00e4 kauluksen pituus, yksi koko sopii kaikille<\/li>\n<li>Breite: 3cm<\/li>\n<li>Valmistettu Italiassa<\/li>\n<\/ul>","protected":false},"excerpt":{"rendered":"<p>Verstr\u00f6men Sie raffinierten Charme mit dieser absolut umwerfenden, 100% authentischen Fliege von Dolce &amp; Gabbana. Dieses exklusive Accessoire ist nicht nur ein Statement-St\u00fcck, sondern ein Zeichen echter Handwerkskunst. Die leuchtend rote Farbe ist sicher eine auff\u00e4llige Erg\u00e4nzung zu jeder formellen Kleidung, und mit einem verstellbaren Nackenband, verspricht es eine perfekte Passform f\u00fcr jeden Gentleman. Farbe: [&hellip;]<\/p>","protected":false},"featured_media":206444,"template":"","meta":[],"product_brand":[1620],"product_cat":[1621,1631,1712],"product_tag":[],"class_list":{"0":"post-206450","1":"product","2":"type-product","3":"status-publish","4":"has-post-thumbnail","6":"product_brand-dolce-gabbana","7":"product_cat-accessoire","8":"product_cat-maenner-zubehoer","9":"product_cat-krawatten-fliegen","11":"first","12":"instock","13":"sale","14":"taxable","15":"shipping-taxable","16":"purchasable","17":"product-type-simple"},"_links":{"self":[{"href":"https:\/\/tpmadalina42.supserv.cozmoslabs.com\/fi\/wp-json\/wp\/v2\/product\/206450","targetHints":{"allow":["GET"]}}],"collection":[{"href":"https:\/\/tpmadalina42.supserv.cozmoslabs.com\/fi\/wp-json\/wp\/v2\/product"}],"about":[{"href":"https:\/\/tpmadalina42.supserv.cozmoslabs.com\/fi\/wp-json\/wp\/v2\/types\/product"}],"wp:featuredmedia":[{"embeddable":true,"href":"https:\/\/tpmadalina42.supserv.cozmoslabs.com\/fi\/wp-json\/wp\/v2\/media\/206444"}],"wp:attachment":[{"href":"https:\/\/tpmadalina42.supserv.cozmoslabs.com\/fi\/wp-json\/wp\/v2\/media?parent=206450"}],"wp:term":[{"taxonomy":"product_brand","embeddable":true,"href":"https:\/\/tpmadalina42.supserv.cozmoslabs.com\/fi\/wp-json\/wp\/v2\/product_brand?post=206450"},{"taxonomy":"product_cat","embeddable":true,"href":"https:\/\/tpmadalina42.supserv.cozmoslabs.com\/fi\/wp-json\/wp\/v2\/product_cat?post=206450"},{"taxonomy":"product_tag","embeddable":true,"href":"https:\/\/tpmadalina42.supserv.cozmoslabs.com\/fi\/wp-json\/wp\/v2\/product_tag?post=206450"}],"curies":[{"name":"wp","href":"https:\/\/api.w.org\/{rel}","templated":true}]}}