{"id":206639,"date":"2024-08-06T18:04:33","date_gmt":"2024-08-07T01:04:33","guid":{"rendered":"https:\/\/glandine.com\/product\/dolce-gabbana-eleganter-einreihiger-blazer-aus-wolle\/"},"modified":"2024-11-30T03:35:50","modified_gmt":"2024-11-30T02:35:50","slug":"dolce-gabbana-eleganter-einreihiger-blazer-aus-wolle","status":"publish","type":"product","link":"https:\/\/tpmadalina42.supserv.cozmoslabs.com\/fi\/tuote-2\/dolce-gabbana-eleganter-einreihiger-blazer-aus-wolle\/","title":{"rendered":"Dolce &amp; Gabbana Tyylik\u00e4s yksirivinen villableiseri"},"content":{"rendered":"<p>G\u00f6nnen Sie sich den Inbegriff von Raffinesse mit diesem tadellosen, 100% authentischen einreihigen Wollblazer von Dolce &amp; Gabbana. Dieser perfekt geschneiderte Blazer ist in schlichtem Schwarz gehalten und verf\u00fcgt \u00fcber ein klassisches Revers mit Kerbe und einen scharfen Zwei-Knopf-Verschluss, der f\u00fcr eine zeitlose und moderne Silhouette sorgt. Dieser in Italien gefertigte Blazer ist die perfekte Mischung aus Luxus und Eleganz f\u00fcr den anspruchsvollen Gentleman.<\/p>\n<ul>\n<li>V\u00e4ri: Musta<\/li>\n<li>Material: 99% Schurwolle, 1% Nylon<\/li>\n<li>Alkuper\u00e4maa: IT<\/li>\n<li>Logon yksityiskohdat<\/li>\n<\/ul>","protected":false},"excerpt":{"rendered":"<p>G\u00f6nnen Sie sich den Inbegriff von Raffinesse mit diesem tadellosen, 100% authentischen einreihigen Wollblazer von Dolce &amp; Gabbana. Dieser perfekt geschneiderte Blazer ist in schlichtem Schwarz gehalten und verf\u00fcgt \u00fcber ein klassisches Revers mit Kerbe und einen scharfen Zwei-Knopf-Verschluss, der f\u00fcr eine zeitlose und moderne Silhouette sorgt. Dieser in Italien gefertigte Blazer ist die perfekte [&hellip;]<\/p>","protected":false},"featured_media":206631,"template":"","meta":[],"product_brand":[1620],"product_cat":[1653,1633,1623],"product_tag":[],"class_list":{"0":"post-206639","1":"product","2":"type-product","3":"status-publish","4":"has-post-thumbnail","6":"product_brand-dolce-gabbana","7":"product_cat-blazers","8":"product_cat-maenner-kleidung","9":"product_cat-kleidung","11":"first","12":"instock","13":"sale","14":"taxable","15":"shipping-taxable","16":"purchasable","17":"product-type-variable"},"_links":{"self":[{"href":"https:\/\/tpmadalina42.supserv.cozmoslabs.com\/fi\/wp-json\/wp\/v2\/product\/206639","targetHints":{"allow":["GET"]}}],"collection":[{"href":"https:\/\/tpmadalina42.supserv.cozmoslabs.com\/fi\/wp-json\/wp\/v2\/product"}],"about":[{"href":"https:\/\/tpmadalina42.supserv.cozmoslabs.com\/fi\/wp-json\/wp\/v2\/types\/product"}],"wp:featuredmedia":[{"embeddable":true,"href":"https:\/\/tpmadalina42.supserv.cozmoslabs.com\/fi\/wp-json\/wp\/v2\/media\/206631"}],"wp:attachment":[{"href":"https:\/\/tpmadalina42.supserv.cozmoslabs.com\/fi\/wp-json\/wp\/v2\/media?parent=206639"}],"wp:term":[{"taxonomy":"product_brand","embeddable":true,"href":"https:\/\/tpmadalina42.supserv.cozmoslabs.com\/fi\/wp-json\/wp\/v2\/product_brand?post=206639"},{"taxonomy":"product_cat","embeddable":true,"href":"https:\/\/tpmadalina42.supserv.cozmoslabs.com\/fi\/wp-json\/wp\/v2\/product_cat?post=206639"},{"taxonomy":"product_tag","embeddable":true,"href":"https:\/\/tpmadalina42.supserv.cozmoslabs.com\/fi\/wp-json\/wp\/v2\/product_tag?post=206639"}],"curies":[{"name":"wp","href":"https:\/\/api.w.org\/{rel}","templated":true}]}}