{"id":206650,"date":"2024-08-06T18:05:07","date_gmt":"2024-08-07T01:05:07","guid":{"rendered":"https:\/\/glandine.com\/product\/dolce-gabbana-eleganter-einreihiger-blazer-aus-leinen\/"},"modified":"2024-11-30T03:36:00","modified_gmt":"2024-11-30T02:36:00","slug":"dolce-gabbana-eleganter-einreihiger-blazer-aus-leinen","status":"publish","type":"product","link":"https:\/\/tpmadalina42.supserv.cozmoslabs.com\/fi\/tuote-2\/dolce-gabbana-eleganter-einreihiger-blazer-aus-leinen\/","title":{"rendered":"Dolce &amp; Gabbana Tyylik\u00e4s yksirivinen pellavableiseri"},"content":{"rendered":"<p>Tauchen Sie ein in den Inbegriff von Luxus mit diesem 100% authentischen Dolce &amp; Gabbana ALTA SARTORIA Blazer. Das in Italien mit Pr\u00e4zision gefertigte dunkelblaue Leinen strahlt Raffinesse aus und ist mit einem Revers im Spitzenstil f\u00fcr eine scharfe Silhouette perfekt geschnitten. Dieser Blazer ist eine anspruchsvolle Wahl f\u00fcr jede Herrengarderobe und wird mit einem eleganten Ein-Knopf-Verschluss geschlossen, der mit den unverwechselbaren Logodetails versehen ist, die von seiner gesch\u00e4tzten Herkunft zeugen.<\/p>\n<ul>\n<li>Material: 100% Leinen<\/li>\n<li>Futter: 70% Seide, 30% Cupro<\/li>\n<li>V\u00e4ri: Sininen<\/li>\n<li>Alkuper\u00e4maa: IT<\/li>\n<\/ul>","protected":false},"excerpt":{"rendered":"<p>Tauchen Sie ein in den Inbegriff von Luxus mit diesem 100% authentischen Dolce &amp; Gabbana ALTA SARTORIA Blazer. Das in Italien mit Pr\u00e4zision gefertigte dunkelblaue Leinen strahlt Raffinesse aus und ist mit einem Revers im Spitzenstil f\u00fcr eine scharfe Silhouette perfekt geschnitten. Dieser Blazer ist eine anspruchsvolle Wahl f\u00fcr jede Herrengarderobe und wird mit einem [&hellip;]<\/p>","protected":false},"featured_media":206642,"template":"","meta":[],"product_brand":[1620],"product_cat":[1653,1633,1623],"product_tag":[],"class_list":{"0":"post-206650","1":"product","2":"type-product","3":"status-publish","4":"has-post-thumbnail","6":"product_brand-dolce-gabbana","7":"product_cat-blazers","8":"product_cat-maenner-kleidung","9":"product_cat-kleidung","11":"first","12":"instock","13":"sale","14":"taxable","15":"shipping-taxable","16":"purchasable","17":"product-type-variable"},"_links":{"self":[{"href":"https:\/\/tpmadalina42.supserv.cozmoslabs.com\/fi\/wp-json\/wp\/v2\/product\/206650","targetHints":{"allow":["GET"]}}],"collection":[{"href":"https:\/\/tpmadalina42.supserv.cozmoslabs.com\/fi\/wp-json\/wp\/v2\/product"}],"about":[{"href":"https:\/\/tpmadalina42.supserv.cozmoslabs.com\/fi\/wp-json\/wp\/v2\/types\/product"}],"wp:featuredmedia":[{"embeddable":true,"href":"https:\/\/tpmadalina42.supserv.cozmoslabs.com\/fi\/wp-json\/wp\/v2\/media\/206642"}],"wp:attachment":[{"href":"https:\/\/tpmadalina42.supserv.cozmoslabs.com\/fi\/wp-json\/wp\/v2\/media?parent=206650"}],"wp:term":[{"taxonomy":"product_brand","embeddable":true,"href":"https:\/\/tpmadalina42.supserv.cozmoslabs.com\/fi\/wp-json\/wp\/v2\/product_brand?post=206650"},{"taxonomy":"product_cat","embeddable":true,"href":"https:\/\/tpmadalina42.supserv.cozmoslabs.com\/fi\/wp-json\/wp\/v2\/product_cat?post=206650"},{"taxonomy":"product_tag","embeddable":true,"href":"https:\/\/tpmadalina42.supserv.cozmoslabs.com\/fi\/wp-json\/wp\/v2\/product_tag?post=206650"}],"curies":[{"name":"wp","href":"https:\/\/api.w.org\/{rel}","templated":true}]}}