{"id":206661,"date":"2024-08-06T18:05:40","date_gmt":"2024-08-07T01:05:40","guid":{"rendered":"https:\/\/glandine.com\/product\/dolce-gabbana-eleganter-taormina-blazer-aus-schwarzer-baumwolle\/"},"modified":"2024-11-30T03:36:09","modified_gmt":"2024-11-30T02:36:09","slug":"dolce-gabbana-eleganter-taormina-blazer-aus-schwarzer-baumwolle","status":"publish","type":"product","link":"https:\/\/tpmadalina42.supserv.cozmoslabs.com\/fi\/tuote-2\/dolce-gabbana-eleganter-taormina-blazer-aus-schwarzer-baumwolle\/","title":{"rendered":"Dolce &amp; Gabbana Eleganter Taormina Blazer aus schwarzer Baumwolle"},"content":{"rendered":"<p>G\u00f6nnen Sie sich den Inbegriff von Raffinesse mit diesem tadellos geschneiderten schwarzen Baumwollblazer <strong>Kirjailija: Dolce &amp; Gabbana<\/strong> Taormina. Dieser einreihige Blazer ist ideal f\u00fcr den anspruchsvollen Gentleman, der auf der Suche nach einem scharfen sartorialen Auftritt ist und Ihre Garderobe aufwerten m\u00f6chte. Der in Italien gefertigte Blazer ist mit luxuri\u00f6sem Seidenfutter gef\u00fcttert und zeichnet sich durch ein Spitzenrevers aus, das die Liebe zum Detail und das Engagement der Marke f\u00fcr Qualit\u00e4t unterstreicht.  Ob f\u00fcr eine formelle Veranstaltung oder einen eleganten Business-Look, dieser Blazer verleiht einen Hauch von Eleganz, der unverkennbar <strong>Dolce &amp; Gabbana<\/strong> ist.<\/p>\n<ul>\n<li>V\u00e4ri: Musta<\/li>\n<li>Materiaali: 100% puuvilla<\/li>\n<li>Sis\u00e4vuori: 100% silkki<\/li>\n<li>Alkuper\u00e4maa: IT<\/li>\n<li>Schnitt: Einreihig<\/li>\n<li>Verschluss: 2-Knopf<\/li>\n<li>Logon yksityiskohdat<\/li>\n<\/ul>","protected":false},"excerpt":{"rendered":"<p>G\u00f6nnen Sie sich den Inbegriff von Raffinesse mit diesem tadellos geschneiderten schwarzen Baumwollblazer von Dolce &amp; Gabbana Taormina. Dieser einreihige Blazer ist ideal f\u00fcr den anspruchsvollen Gentleman, der auf der Suche nach einem scharfen sartorialen Auftritt ist und Ihre Garderobe aufwerten m\u00f6chte. Der in Italien gefertigte Blazer ist mit luxuri\u00f6sem Seidenfutter gef\u00fcttert und zeichnet sich [&hellip;]<\/p>","protected":false},"featured_media":206653,"template":"","meta":[],"product_brand":[1620],"product_cat":[1653,1633,1623],"product_tag":[],"class_list":{"0":"post-206661","1":"product","2":"type-product","3":"status-publish","4":"has-post-thumbnail","6":"product_brand-dolce-gabbana","7":"product_cat-blazers","8":"product_cat-maenner-kleidung","9":"product_cat-kleidung","11":"first","12":"instock","13":"sale","14":"taxable","15":"shipping-taxable","16":"purchasable","17":"product-type-variable"},"_links":{"self":[{"href":"https:\/\/tpmadalina42.supserv.cozmoslabs.com\/fi\/wp-json\/wp\/v2\/product\/206661","targetHints":{"allow":["GET"]}}],"collection":[{"href":"https:\/\/tpmadalina42.supserv.cozmoslabs.com\/fi\/wp-json\/wp\/v2\/product"}],"about":[{"href":"https:\/\/tpmadalina42.supserv.cozmoslabs.com\/fi\/wp-json\/wp\/v2\/types\/product"}],"wp:featuredmedia":[{"embeddable":true,"href":"https:\/\/tpmadalina42.supserv.cozmoslabs.com\/fi\/wp-json\/wp\/v2\/media\/206653"}],"wp:attachment":[{"href":"https:\/\/tpmadalina42.supserv.cozmoslabs.com\/fi\/wp-json\/wp\/v2\/media?parent=206661"}],"wp:term":[{"taxonomy":"product_brand","embeddable":true,"href":"https:\/\/tpmadalina42.supserv.cozmoslabs.com\/fi\/wp-json\/wp\/v2\/product_brand?post=206661"},{"taxonomy":"product_cat","embeddable":true,"href":"https:\/\/tpmadalina42.supserv.cozmoslabs.com\/fi\/wp-json\/wp\/v2\/product_cat?post=206661"},{"taxonomy":"product_tag","embeddable":true,"href":"https:\/\/tpmadalina42.supserv.cozmoslabs.com\/fi\/wp-json\/wp\/v2\/product_tag?post=206661"}],"curies":[{"name":"wp","href":"https:\/\/api.w.org\/{rel}","templated":true}]}}