{"id":206672,"date":"2024-08-06T18:06:18","date_gmt":"2024-08-07T01:06:18","guid":{"rendered":"https:\/\/glandine.com\/product\/dolce-gabbana-mehrfarbig-gestreifter-doppelreihiger-blazer\/"},"modified":"2024-11-30T03:36:18","modified_gmt":"2024-11-30T02:36:18","slug":"dolce-gabbana-mehrfarbig-gestreifter-doppelreihiger-blazer","status":"publish","type":"product","link":"https:\/\/tpmadalina42.supserv.cozmoslabs.com\/fi\/tuote-2\/dolce-gabbana-mehrfarbig-gestreifter-doppelreihiger-blazer\/","title":{"rendered":"Dolce &amp; Gabbana Mehrfarbig gestreifter doppelreihiger Blazer"},"content":{"rendered":"<p>Erweitern Sie Ihre Garderobe mit diesem stilvollen doppelreihigen Blazer von <strong>Dolce &amp; Gabbana<\/strong>. Dieses exquisite St\u00fcck aus Wolle und Baumwolle verf\u00fcgt \u00fcber ein Spitzenrevers und ein scharfes, mehrfarbiges Streifenmuster, was es zu einer unbestreitbaren Wahl f\u00fcr den Gentleman macht, der nach Raffinesse strebt. Perfekt f\u00fcr eine Reihe von Anl\u00e4ssen, von der Arbeit bis zum Vergn\u00fcgen, ist dieser Blazer ein Zeugnis italienischer Handwerkskunst, verziert mit dem ikonischen Logo und ma\u00dfgeschneidert, um Ihr Ensemble aufzuwerten.<\/p>\n<ul>\n<li>Material: 50% Wolle, 50% Baumwolle<\/li>\n<li>V\u00e4ri: Moniv\u00e4rinen<\/li>\n<li>Alkuper\u00e4maa: IT<\/li>\n<li>Stil: Zweireiher<\/li>\n<li>2-Knopf-Verschluss<\/li>\n<\/ul>","protected":false},"excerpt":{"rendered":"<p>Erweitern Sie Ihre Garderobe mit diesem stilvollen doppelreihigen Blazer von Dolce &amp; Gabbana. Dieses exquisite St\u00fcck aus Wolle und Baumwolle verf\u00fcgt \u00fcber ein Spitzenrevers und ein scharfes, mehrfarbiges Streifenmuster, was es zu einer unbestreitbaren Wahl f\u00fcr den Gentleman macht, der nach Raffinesse strebt. Perfekt f\u00fcr eine Reihe von Anl\u00e4ssen, von der Arbeit bis zum Vergn\u00fcgen, [&hellip;]<\/p>","protected":false},"featured_media":206664,"template":"","meta":[],"product_brand":[1620],"product_cat":[1653,1633,1623],"product_tag":[],"class_list":{"0":"post-206672","1":"product","2":"type-product","3":"status-publish","4":"has-post-thumbnail","6":"product_brand-dolce-gabbana","7":"product_cat-blazers","8":"product_cat-maenner-kleidung","9":"product_cat-kleidung","11":"first","12":"instock","13":"sale","14":"taxable","15":"shipping-taxable","16":"purchasable","17":"product-type-variable"},"_links":{"self":[{"href":"https:\/\/tpmadalina42.supserv.cozmoslabs.com\/fi\/wp-json\/wp\/v2\/product\/206672","targetHints":{"allow":["GET"]}}],"collection":[{"href":"https:\/\/tpmadalina42.supserv.cozmoslabs.com\/fi\/wp-json\/wp\/v2\/product"}],"about":[{"href":"https:\/\/tpmadalina42.supserv.cozmoslabs.com\/fi\/wp-json\/wp\/v2\/types\/product"}],"wp:featuredmedia":[{"embeddable":true,"href":"https:\/\/tpmadalina42.supserv.cozmoslabs.com\/fi\/wp-json\/wp\/v2\/media\/206664"}],"wp:attachment":[{"href":"https:\/\/tpmadalina42.supserv.cozmoslabs.com\/fi\/wp-json\/wp\/v2\/media?parent=206672"}],"wp:term":[{"taxonomy":"product_brand","embeddable":true,"href":"https:\/\/tpmadalina42.supserv.cozmoslabs.com\/fi\/wp-json\/wp\/v2\/product_brand?post=206672"},{"taxonomy":"product_cat","embeddable":true,"href":"https:\/\/tpmadalina42.supserv.cozmoslabs.com\/fi\/wp-json\/wp\/v2\/product_cat?post=206672"},{"taxonomy":"product_tag","embeddable":true,"href":"https:\/\/tpmadalina42.supserv.cozmoslabs.com\/fi\/wp-json\/wp\/v2\/product_tag?post=206672"}],"curies":[{"name":"wp","href":"https:\/\/api.w.org\/{rel}","templated":true}]}}