{"id":206683,"date":"2024-08-06T18:06:51","date_gmt":"2024-08-07T01:06:51","guid":{"rendered":"https:\/\/glandine.com\/product\/dolce-gabbana-eleganter-einreihiger-blazer-aus-wolle-2\/"},"modified":"2024-11-30T03:36:27","modified_gmt":"2024-11-30T02:36:27","slug":"dolce-gabbana-eleganter-einreihiger-blazer-aus-wolle-2","status":"publish","type":"product","link":"https:\/\/tpmadalina42.supserv.cozmoslabs.com\/fi\/tuote-2\/dolce-gabbana-eleganter-einreihiger-blazer-aus-wolle-2\/","title":{"rendered":"Dolce &amp; Gabbana Tyylik\u00e4s yksirivinen villableiseri"},"content":{"rendered":"<p>Entdecken Sie zeitlose Raffinesse mit unserem einreihigen Blazer von Dolce &amp; Gabbana. Dieser Blazer ist aus einer kostbaren Mischung aus Schurwolle und Elastan gefertigt und verf\u00fcgt \u00fcber ein gekerbtes Revers f\u00fcr eine scharfe Silhouette. Perfekt f\u00fcr gehobene Anl\u00e4sse oder um Ihrem Alltagslook einen Hauch von Klasse zu verleihen.<\/p>\n<ul>\n<li>Material: 97% Schurwolle 3% Elastan<\/li>\n<li>Alkuper\u00e4maa: IT<\/li>\n<li>V\u00e4ri: Musta<\/li>\n<li>Stil: Einreihig mit 1 Knopfverschluss<\/li>\n<li>Merkmale: Revers im Kerbenstil mit Logodetails<\/li>\n<li>Entworfen in Italien<\/li>\n<\/ul>","protected":false},"excerpt":{"rendered":"<p>Entdecken Sie zeitlose Raffinesse mit unserem einreihigen Blazer von Dolce &amp; Gabbana. Dieser Blazer ist aus einer kostbaren Mischung aus Schurwolle und Elastan gefertigt und verf\u00fcgt \u00fcber ein gekerbtes Revers f\u00fcr eine scharfe Silhouette. Perfekt f\u00fcr gehobene Anl\u00e4sse oder um Ihrem Alltagslook einen Hauch von Klasse zu verleihen. Material: 97% Schurwolle 3% Elastan Herkunftsland: IT [&hellip;]<\/p>","protected":false},"featured_media":206675,"template":"","meta":[],"product_brand":[1620],"product_cat":[1653,1633,1623],"product_tag":[],"class_list":{"0":"post-206683","1":"product","2":"type-product","3":"status-publish","4":"has-post-thumbnail","6":"product_brand-dolce-gabbana","7":"product_cat-blazers","8":"product_cat-maenner-kleidung","9":"product_cat-kleidung","11":"first","12":"instock","13":"sale","14":"taxable","15":"shipping-taxable","16":"purchasable","17":"product-type-variable"},"_links":{"self":[{"href":"https:\/\/tpmadalina42.supserv.cozmoslabs.com\/fi\/wp-json\/wp\/v2\/product\/206683","targetHints":{"allow":["GET"]}}],"collection":[{"href":"https:\/\/tpmadalina42.supserv.cozmoslabs.com\/fi\/wp-json\/wp\/v2\/product"}],"about":[{"href":"https:\/\/tpmadalina42.supserv.cozmoslabs.com\/fi\/wp-json\/wp\/v2\/types\/product"}],"wp:featuredmedia":[{"embeddable":true,"href":"https:\/\/tpmadalina42.supserv.cozmoslabs.com\/fi\/wp-json\/wp\/v2\/media\/206675"}],"wp:attachment":[{"href":"https:\/\/tpmadalina42.supserv.cozmoslabs.com\/fi\/wp-json\/wp\/v2\/media?parent=206683"}],"wp:term":[{"taxonomy":"product_brand","embeddable":true,"href":"https:\/\/tpmadalina42.supserv.cozmoslabs.com\/fi\/wp-json\/wp\/v2\/product_brand?post=206683"},{"taxonomy":"product_cat","embeddable":true,"href":"https:\/\/tpmadalina42.supserv.cozmoslabs.com\/fi\/wp-json\/wp\/v2\/product_cat?post=206683"},{"taxonomy":"product_tag","embeddable":true,"href":"https:\/\/tpmadalina42.supserv.cozmoslabs.com\/fi\/wp-json\/wp\/v2\/product_tag?post=206683"}],"curies":[{"name":"wp","href":"https:\/\/api.w.org\/{rel}","templated":true}]}}