{"id":206694,"date":"2024-08-06T18:07:47","date_gmt":"2024-08-07T01:07:47","guid":{"rendered":"https:\/\/glandine.com\/product\/dolce-gabbana-eleganter-einreihiger-jacquard-blazer\/"},"modified":"2024-11-30T03:36:36","modified_gmt":"2024-11-30T02:36:36","slug":"dolce-gabbana-eleganter-einreihiger-jacquard-blazer","status":"publish","type":"product","link":"https:\/\/tpmadalina42.supserv.cozmoslabs.com\/fi\/tuote-2\/dolce-gabbana-eleganter-einreihiger-jacquard-blazer\/","title":{"rendered":"Dolce &amp; Gabbana Eleganter einreihiger Jacquard-Blazer"},"content":{"rendered":"<p>Verstr\u00f6men Sie Raffinesse mit diesem einreihigen Blazer von <strong>Dolce &amp; Gabbana<\/strong>, perfekt f\u00fcr alle, die den Gipfel der Luxusschneiderei sch\u00e4tzen. Dieser 100% authentische Blazer verf\u00fcgt \u00fcber ein auff\u00e4lliges schwarzes und goldenes Jacquard-Design, ein Revers im Spitzenstil und einen 1-Knopf-Verschluss, der einen scharfen und vornehmen Look f\u00fcr jeden formellen Anlass schafft.<\/p>\n<ul>\n<li>Material: 41% Polyester, 36% Acetat, 12% metallisierte Fasern, 11% Seide<\/li>\n<li>V\u00e4ri: Musta<\/li>\n<li>Alkuper\u00e4maa: Italia<\/li>\n<li>Logon yksityiskohdat<\/li>\n<\/ul>","protected":false},"excerpt":{"rendered":"<p>Verstr\u00f6men Sie Raffinesse mit diesem einreihigen Blazer von Dolce &amp; Gabbana, perfekt f\u00fcr alle, die den Gipfel der Luxusschneiderei sch\u00e4tzen. Dieser 100% authentische Blazer verf\u00fcgt \u00fcber ein auff\u00e4lliges schwarzes und goldenes Jacquard-Design, ein Revers im Spitzenstil und einen 1-Knopf-Verschluss, der einen scharfen und vornehmen Look f\u00fcr jeden formellen Anlass schafft. Material: 41% Polyester, 36% Acetat, [&hellip;]<\/p>","protected":false},"featured_media":206686,"template":"","meta":[],"product_brand":[1620],"product_cat":[1653,1633,1623],"product_tag":[],"class_list":{"0":"post-206694","1":"product","2":"type-product","3":"status-publish","4":"has-post-thumbnail","6":"product_brand-dolce-gabbana","7":"product_cat-blazers","8":"product_cat-maenner-kleidung","9":"product_cat-kleidung","11":"first","12":"instock","13":"sale","14":"taxable","15":"shipping-taxable","16":"purchasable","17":"product-type-variable"},"_links":{"self":[{"href":"https:\/\/tpmadalina42.supserv.cozmoslabs.com\/fi\/wp-json\/wp\/v2\/product\/206694","targetHints":{"allow":["GET"]}}],"collection":[{"href":"https:\/\/tpmadalina42.supserv.cozmoslabs.com\/fi\/wp-json\/wp\/v2\/product"}],"about":[{"href":"https:\/\/tpmadalina42.supserv.cozmoslabs.com\/fi\/wp-json\/wp\/v2\/types\/product"}],"wp:featuredmedia":[{"embeddable":true,"href":"https:\/\/tpmadalina42.supserv.cozmoslabs.com\/fi\/wp-json\/wp\/v2\/media\/206686"}],"wp:attachment":[{"href":"https:\/\/tpmadalina42.supserv.cozmoslabs.com\/fi\/wp-json\/wp\/v2\/media?parent=206694"}],"wp:term":[{"taxonomy":"product_brand","embeddable":true,"href":"https:\/\/tpmadalina42.supserv.cozmoslabs.com\/fi\/wp-json\/wp\/v2\/product_brand?post=206694"},{"taxonomy":"product_cat","embeddable":true,"href":"https:\/\/tpmadalina42.supserv.cozmoslabs.com\/fi\/wp-json\/wp\/v2\/product_cat?post=206694"},{"taxonomy":"product_tag","embeddable":true,"href":"https:\/\/tpmadalina42.supserv.cozmoslabs.com\/fi\/wp-json\/wp\/v2\/product_tag?post=206694"}],"curies":[{"name":"wp","href":"https:\/\/api.w.org\/{rel}","templated":true}]}}