{"id":206837,"date":"2024-08-06T18:15:54","date_gmt":"2024-08-07T01:15:54","guid":{"rendered":"https:\/\/glandine.com\/product\/dolce-gabbana-eleganter-einreihiger-blazer-aus-wolle-3\/"},"modified":"2024-11-30T03:38:41","modified_gmt":"2024-11-30T02:38:41","slug":"dolce-gabbana-eleganter-einreihiger-blazer-aus-wolle-3","status":"publish","type":"product","link":"https:\/\/tpmadalina42.supserv.cozmoslabs.com\/fi\/tuote-2\/dolce-gabbana-eleganter-einreihiger-blazer-aus-wolle-3\/","title":{"rendered":"Dolce &amp; Gabbana Tyylik\u00e4s yksirivinen villableiseri"},"content":{"rendered":"<p>Erleben Sie den Inbegriff italienischer Schneiderkunst mit dieser atemberaubenden Blazerjacke <strong>Kirjailija: Dolce &amp; Gabbana<\/strong>. Er wurde f\u00fcr den anspruchsvollen Gentleman entworfen und zeichnet sich durch einen raffinierten Einreiher mit Revers aus, der mit einem Ein-Knopf-Verschluss perfektioniert wird und eine schlanke und elegante Silhouette garantiert. Gefertigt aus feinster Schurwolle und Elastan und mit pr\u00e4zisen Logodetails, strahlt dieser Blazer Luxus aus und ist eine perfekte Erg\u00e4nzung Ihrer Garderobe f\u00fcr formelle und halbformelle Anl\u00e4sse.<\/p>\n<ul>\n<li>Material: 97% Schurwolle, 3% Elastan<\/li>\n<li>V\u00e4ri: Musta<\/li>\n<li>Alkuper\u00e4maa: Italia<\/li>\n<li>Stil: Einreihig mit einem Knopf<\/li>\n<li>Istuvuus: Ohut<\/li>\n<li>Logon yksityiskohdat<\/li>\n<\/ul>","protected":false},"excerpt":{"rendered":"<p>Erleben Sie den Inbegriff italienischer Schneiderkunst mit dieser atemberaubenden Blazerjacke von Dolce &amp; Gabbana. Er wurde f\u00fcr den anspruchsvollen Gentleman entworfen und zeichnet sich durch einen raffinierten Einreiher mit Revers aus, der mit einem Ein-Knopf-Verschluss perfektioniert wird und eine schlanke und elegante Silhouette garantiert. Gefertigt aus feinster Schurwolle und Elastan und mit pr\u00e4zisen Logodetails, strahlt [&hellip;]<\/p>","protected":false},"featured_media":206829,"template":"","meta":[],"product_brand":[1620],"product_cat":[1653,1633,1623],"product_tag":[],"class_list":{"0":"post-206837","1":"product","2":"type-product","3":"status-publish","4":"has-post-thumbnail","6":"product_brand-dolce-gabbana","7":"product_cat-blazers","8":"product_cat-maenner-kleidung","9":"product_cat-kleidung","11":"first","12":"instock","13":"sale","14":"taxable","15":"shipping-taxable","16":"purchasable","17":"product-type-variable"},"_links":{"self":[{"href":"https:\/\/tpmadalina42.supserv.cozmoslabs.com\/fi\/wp-json\/wp\/v2\/product\/206837","targetHints":{"allow":["GET"]}}],"collection":[{"href":"https:\/\/tpmadalina42.supserv.cozmoslabs.com\/fi\/wp-json\/wp\/v2\/product"}],"about":[{"href":"https:\/\/tpmadalina42.supserv.cozmoslabs.com\/fi\/wp-json\/wp\/v2\/types\/product"}],"wp:featuredmedia":[{"embeddable":true,"href":"https:\/\/tpmadalina42.supserv.cozmoslabs.com\/fi\/wp-json\/wp\/v2\/media\/206829"}],"wp:attachment":[{"href":"https:\/\/tpmadalina42.supserv.cozmoslabs.com\/fi\/wp-json\/wp\/v2\/media?parent=206837"}],"wp:term":[{"taxonomy":"product_brand","embeddable":true,"href":"https:\/\/tpmadalina42.supserv.cozmoslabs.com\/fi\/wp-json\/wp\/v2\/product_brand?post=206837"},{"taxonomy":"product_cat","embeddable":true,"href":"https:\/\/tpmadalina42.supserv.cozmoslabs.com\/fi\/wp-json\/wp\/v2\/product_cat?post=206837"},{"taxonomy":"product_tag","embeddable":true,"href":"https:\/\/tpmadalina42.supserv.cozmoslabs.com\/fi\/wp-json\/wp\/v2\/product_tag?post=206837"}],"curies":[{"name":"wp","href":"https:\/\/api.w.org\/{rel}","templated":true}]}}