{"id":206848,"date":"2024-08-06T18:16:35","date_gmt":"2024-08-07T01:16:35","guid":{"rendered":"https:\/\/glandine.com\/product\/dolce-gabbana-elegante-schmal-geschnittene-schwarze-blazerjacke\/"},"modified":"2024-11-30T03:38:50","modified_gmt":"2024-11-30T02:38:50","slug":"dolce-gabbana-elegante-schmal-geschnittene-schwarze-blazerjacke","status":"publish","type":"product","link":"https:\/\/tpmadalina42.supserv.cozmoslabs.com\/fi\/tuote-2\/dolce-gabbana-elegante-schmal-geschnittene-schwarze-blazerjacke\/","title":{"rendered":"Dolce &amp; Gabbana Elegante, schmal geschnittene schwarze Blazerjacke"},"content":{"rendered":"<p>Treten Sie in die ultimative Raffinesse mit dem atemberaubenden, 100% authentischen Dolce &amp; Gabbana slim fit Blazer. Das spitze Revers, die pr\u00e4zise Schnittf\u00fchrung und der Zwei-Knopf-Verschluss sorgen f\u00fcr einen eleganten Auftritt bei jeder Veranstaltung. Ein unverzichtbares Kleidungsst\u00fcck f\u00fcr den modernen Gentleman, der Stil und Qualit\u00e4t sch\u00e4tzt.<\/p>\n<ul>\n<li>Material: 98% Schurwolle 2% Elastan<\/li>\n<li>V\u00e4ri: Musta<\/li>\n<li>Alkuper\u00e4maa: IT<\/li>\n<li>Tyyli: Yksirivinen kahdella napilla<\/li>\n<li>Modell: MARTINI Blazer Jacke Mantel<\/li>\n<li>Passform: Schlank<\/li>\n<li>Logon yksityiskohdat<\/li>\n<li>Valmistettu Italiassa<\/li>\n<\/ul>","protected":false},"excerpt":{"rendered":"<p>Treten Sie in die ultimative Raffinesse mit dem atemberaubenden, 100% authentischen Dolce &amp; Gabbana slim fit Blazer. Das spitze Revers, die pr\u00e4zise Schnittf\u00fchrung und der Zwei-Knopf-Verschluss sorgen f\u00fcr einen eleganten Auftritt bei jeder Veranstaltung. Ein unverzichtbares Kleidungsst\u00fcck f\u00fcr den modernen Gentleman, der Stil und Qualit\u00e4t sch\u00e4tzt. Material: 98% Schurwolle 2% Elastan Farbe: Schwarz Herkunftsland: IT [&hellip;]<\/p>","protected":false},"featured_media":206840,"template":"","meta":[],"product_brand":[1620],"product_cat":[1653,1633,1623],"product_tag":[],"class_list":{"0":"post-206848","1":"product","2":"type-product","3":"status-publish","4":"has-post-thumbnail","6":"product_brand-dolce-gabbana","7":"product_cat-blazers","8":"product_cat-maenner-kleidung","9":"product_cat-kleidung","11":"first","12":"instock","13":"sale","14":"taxable","15":"shipping-taxable","16":"purchasable","17":"product-type-variable"},"_links":{"self":[{"href":"https:\/\/tpmadalina42.supserv.cozmoslabs.com\/fi\/wp-json\/wp\/v2\/product\/206848","targetHints":{"allow":["GET"]}}],"collection":[{"href":"https:\/\/tpmadalina42.supserv.cozmoslabs.com\/fi\/wp-json\/wp\/v2\/product"}],"about":[{"href":"https:\/\/tpmadalina42.supserv.cozmoslabs.com\/fi\/wp-json\/wp\/v2\/types\/product"}],"wp:featuredmedia":[{"embeddable":true,"href":"https:\/\/tpmadalina42.supserv.cozmoslabs.com\/fi\/wp-json\/wp\/v2\/media\/206840"}],"wp:attachment":[{"href":"https:\/\/tpmadalina42.supserv.cozmoslabs.com\/fi\/wp-json\/wp\/v2\/media?parent=206848"}],"wp:term":[{"taxonomy":"product_brand","embeddable":true,"href":"https:\/\/tpmadalina42.supserv.cozmoslabs.com\/fi\/wp-json\/wp\/v2\/product_brand?post=206848"},{"taxonomy":"product_cat","embeddable":true,"href":"https:\/\/tpmadalina42.supserv.cozmoslabs.com\/fi\/wp-json\/wp\/v2\/product_cat?post=206848"},{"taxonomy":"product_tag","embeddable":true,"href":"https:\/\/tpmadalina42.supserv.cozmoslabs.com\/fi\/wp-json\/wp\/v2\/product_tag?post=206848"}],"curies":[{"name":"wp","href":"https:\/\/api.w.org\/{rel}","templated":true}]}}