{"id":206859,"date":"2024-08-06T18:17:17","date_gmt":"2024-08-07T01:17:17","guid":{"rendered":"https:\/\/glandine.com\/product\/dolce-gabbana-eleganter-schwarzer-blazer-aus-baumwoll-wollgemisch\/"},"modified":"2024-11-30T03:39:00","modified_gmt":"2024-11-30T02:39:00","slug":"dolce-gabbana-eleganter-schwarzer-blazer-aus-baumwoll-wollgemisch","status":"publish","type":"product","link":"https:\/\/tpmadalina42.supserv.cozmoslabs.com\/fi\/tuote-2\/dolce-gabbana-eleganter-schwarzer-blazer-aus-baumwoll-wollgemisch\/","title":{"rendered":"Dolce &amp; Gabbana Eleganter schwarzer Blazer aus Baumwoll-Wollgemisch"},"content":{"rendered":"<p>Treten Sie ein in die Welt des Luxus mit dieser Blazerjacke <strong>Kirjailija: Dolce &amp; Gabbana<\/strong>, einem Musterbeispiel an Raffinesse und Stil. Dieser schmal geschnittene Einreiher ist aus feinsten Materialien gefertigt und verf\u00fcgt \u00fcber ein klassisches Revers mit Kerbe und einen eleganten Zwei-Knopf-Verschluss. Er ist das ideale Kleidungsst\u00fcck f\u00fcr formelle Anl\u00e4sse und l\u00e4ssige Veranstaltungen. Mit exquisiten Logodetails und einer zeitlosen schwarzen Farbe ist die Jacke so geschnitten, dass sie Eleganz und Exklusivit\u00e4t vermittelt.<\/p>\n<ul>\n<li>Material: 85% Baumwolle, 15% Schurwolle<\/li>\n<li>V\u00e4ri: Musta<\/li>\n<li>Alkuper\u00e4maa: Italia<\/li>\n<\/ul>","protected":false},"excerpt":{"rendered":"<p>Treten Sie ein in die Welt des Luxus mit dieser Blazerjacke von Dolce &amp; Gabbana, einem Musterbeispiel an Raffinesse und Stil. Dieser schmal geschnittene Einreiher ist aus feinsten Materialien gefertigt und verf\u00fcgt \u00fcber ein klassisches Revers mit Kerbe und einen eleganten Zwei-Knopf-Verschluss. Er ist das ideale Kleidungsst\u00fcck f\u00fcr formelle Anl\u00e4sse und l\u00e4ssige Veranstaltungen. Mit exquisiten [&hellip;]<\/p>","protected":false},"featured_media":206851,"template":"","meta":[],"product_brand":[1620],"product_cat":[1653,1633,1623],"product_tag":[],"class_list":{"0":"post-206859","1":"product","2":"type-product","3":"status-publish","4":"has-post-thumbnail","6":"product_brand-dolce-gabbana","7":"product_cat-blazers","8":"product_cat-maenner-kleidung","9":"product_cat-kleidung","11":"first","12":"instock","13":"sale","14":"taxable","15":"shipping-taxable","16":"purchasable","17":"product-type-variable"},"_links":{"self":[{"href":"https:\/\/tpmadalina42.supserv.cozmoslabs.com\/fi\/wp-json\/wp\/v2\/product\/206859","targetHints":{"allow":["GET"]}}],"collection":[{"href":"https:\/\/tpmadalina42.supserv.cozmoslabs.com\/fi\/wp-json\/wp\/v2\/product"}],"about":[{"href":"https:\/\/tpmadalina42.supserv.cozmoslabs.com\/fi\/wp-json\/wp\/v2\/types\/product"}],"wp:featuredmedia":[{"embeddable":true,"href":"https:\/\/tpmadalina42.supserv.cozmoslabs.com\/fi\/wp-json\/wp\/v2\/media\/206851"}],"wp:attachment":[{"href":"https:\/\/tpmadalina42.supserv.cozmoslabs.com\/fi\/wp-json\/wp\/v2\/media?parent=206859"}],"wp:term":[{"taxonomy":"product_brand","embeddable":true,"href":"https:\/\/tpmadalina42.supserv.cozmoslabs.com\/fi\/wp-json\/wp\/v2\/product_brand?post=206859"},{"taxonomy":"product_cat","embeddable":true,"href":"https:\/\/tpmadalina42.supserv.cozmoslabs.com\/fi\/wp-json\/wp\/v2\/product_cat?post=206859"},{"taxonomy":"product_tag","embeddable":true,"href":"https:\/\/tpmadalina42.supserv.cozmoslabs.com\/fi\/wp-json\/wp\/v2\/product_tag?post=206859"}],"curies":[{"name":"wp","href":"https:\/\/api.w.org\/{rel}","templated":true}]}}