{"id":206993,"date":"2024-08-06T18:24:55","date_gmt":"2024-08-07T01:24:55","guid":{"rendered":"https:\/\/glandine.com\/product\/dolce-gabbana-elegant-gemusterte-jacke-aus-wolle-im-zweireiher\/"},"modified":"2024-11-30T03:40:46","modified_gmt":"2024-11-30T02:40:46","slug":"dolce-gabbana-elegant-gemusterte-jacke-aus-wolle-im-zweireiher","status":"publish","type":"product","link":"https:\/\/tpmadalina42.supserv.cozmoslabs.com\/fi\/tuote-2\/dolce-gabbana-elegant-gemusterte-jacke-aus-wolle-im-zweireiher\/","title":{"rendered":"Dolce &amp; Gabbana Elegant gemusterte Jacke aus Wolle im Zweireiher"},"content":{"rendered":"<p>Umarmen Sie die Eleganz mit dieser absolut atemberaubenden doppelreihigen Jacke von Dolce &amp; Gabbana. Mit einem scharfen schwarz-grauen Muster geschm\u00fcckt, ist dieser Mantel eine wahre Verk\u00f6rperung der italienischen Handwerkskunst. Perfekt f\u00fcr alle, die eine Mischung aus modernem Stil und zeitlosem Design suchen. Die Jacke ist mit einem eleganten 1-Knopf-Verschluss und dem unverwechselbaren Dolce &amp; Gabbana-Logo versehen.<\/p>\n<p>Die in Italien gefertigte Jacke ist nicht nur ein Statement, sondern auch ein Beweis f\u00fcr die hohe Qualit\u00e4t der Materialien und der Konstruktion, die f\u00fcr W\u00e4rme und Haltbarkeit sorgen.<\/p>\n<ul>\n<li>V\u00e4ri: Musta<\/li>\n<li>Material: 60% Wolle, 20% Nylon, 15% Polyacryl, 5% Polyester<\/li>\n<li>Vuori: 100% viskoosi<\/li>\n<li>Alkuper\u00e4maa: Italia<\/li>\n<\/ul>","protected":false},"excerpt":{"rendered":"<p>Umarmen Sie die Eleganz mit dieser absolut atemberaubenden doppelreihigen Jacke von Dolce &amp; Gabbana. Mit einem scharfen schwarz-grauen Muster geschm\u00fcckt, ist dieser Mantel eine wahre Verk\u00f6rperung der italienischen Handwerkskunst. Perfekt f\u00fcr alle, die eine Mischung aus modernem Stil und zeitlosem Design suchen. Die Jacke ist mit einem eleganten 1-Knopf-Verschluss und dem unverwechselbaren Dolce &amp; Gabbana-Logo [&hellip;]<\/p>","protected":false},"featured_media":206985,"template":"","meta":[],"product_brand":[1620],"product_cat":[1633,1669,1623],"product_tag":[],"class_list":{"0":"post-206993","1":"product","2":"type-product","3":"status-publish","4":"has-post-thumbnail","6":"product_brand-dolce-gabbana","7":"product_cat-maenner-kleidung","8":"product_cat-jacken","9":"product_cat-kleidung","11":"first","12":"instock","13":"sale","14":"taxable","15":"shipping-taxable","16":"purchasable","17":"product-type-variable"},"_links":{"self":[{"href":"https:\/\/tpmadalina42.supserv.cozmoslabs.com\/fi\/wp-json\/wp\/v2\/product\/206993","targetHints":{"allow":["GET"]}}],"collection":[{"href":"https:\/\/tpmadalina42.supserv.cozmoslabs.com\/fi\/wp-json\/wp\/v2\/product"}],"about":[{"href":"https:\/\/tpmadalina42.supserv.cozmoslabs.com\/fi\/wp-json\/wp\/v2\/types\/product"}],"wp:featuredmedia":[{"embeddable":true,"href":"https:\/\/tpmadalina42.supserv.cozmoslabs.com\/fi\/wp-json\/wp\/v2\/media\/206985"}],"wp:attachment":[{"href":"https:\/\/tpmadalina42.supserv.cozmoslabs.com\/fi\/wp-json\/wp\/v2\/media?parent=206993"}],"wp:term":[{"taxonomy":"product_brand","embeddable":true,"href":"https:\/\/tpmadalina42.supserv.cozmoslabs.com\/fi\/wp-json\/wp\/v2\/product_brand?post=206993"},{"taxonomy":"product_cat","embeddable":true,"href":"https:\/\/tpmadalina42.supserv.cozmoslabs.com\/fi\/wp-json\/wp\/v2\/product_cat?post=206993"},{"taxonomy":"product_tag","embeddable":true,"href":"https:\/\/tpmadalina42.supserv.cozmoslabs.com\/fi\/wp-json\/wp\/v2\/product_tag?post=206993"}],"curies":[{"name":"wp","href":"https:\/\/api.w.org\/{rel}","templated":true}]}}