{"id":208360,"date":"2024-08-06T19:40:34","date_gmt":"2024-08-07T02:40:34","guid":{"rendered":"https:\/\/glandine.com\/product\/dolce-gabbana-elegantes-rotes-bodycon-midikleid\/"},"modified":"2024-11-30T04:05:15","modified_gmt":"2024-11-30T03:05:15","slug":"dolce-gabbana-elegantes-rotes-bodycon-midikleid","status":"publish","type":"product","link":"https:\/\/tpmadalina42.supserv.cozmoslabs.com\/fi\/tuote-2\/dolce-gabbana-elegantes-rotes-bodycon-midikleid\/","title":{"rendered":"Dolce &amp; Gabbana Elegantes Rotes Bodycon Midikleid"},"content":{"rendered":"<p>Verstr\u00f6men Sie Raffinesse und Charme mit diesem auff\u00e4lligen roten Midi-Bodycon-Kleid von <strong>Dolce &amp; Gabbana<\/strong>. Perfekt f\u00fcr einen aufsehenerregenden Look, umschmeichelt dieses Kleid Ihre Kurven mit seinem figurbetonten Schnitt, w\u00e4hrend der herzf\u00f6rmige Ausschnitt einen Hauch von Romantik verleiht. Mit einem sicheren Rei\u00dfverschluss am R\u00fccken ist dieses Kleid ebenso funktionell wie elegant. Das in Italien gefertigte Kleidungsst\u00fcck l\u00e4sst sich f\u00fcr einen eleganten Abend perfekt mit Heels und einer Clutch kombinieren.<\/p>\n<ul>\n<li>V\u00e4ri: punainen<\/li>\n<li>Material: 75% Viskose 17% Nylon 8% Elastan<\/li>\n<li>Futter: 81% Nylon 19% Elastan<\/li>\n<li>Alkuper\u00e4maa: IT<\/li>\n<\/ul>","protected":false},"excerpt":{"rendered":"<p>Verstr\u00f6men Sie Raffinesse und Charme mit diesem auff\u00e4lligen roten Midi-Bodycon-Kleid von Dolce &amp; Gabbana. Perfekt f\u00fcr einen aufsehenerregenden Look, umschmeichelt dieses Kleid Ihre Kurven mit seinem figurbetonten Schnitt, w\u00e4hrend der herzf\u00f6rmige Ausschnitt einen Hauch von Romantik verleiht. Mit einem sicheren Rei\u00dfverschluss am R\u00fccken ist dieses Kleid ebenso funktionell wie elegant. Das in Italien gefertigte Kleidungsst\u00fcck [&hellip;]<\/p>","protected":false},"featured_media":208354,"template":"","meta":[],"product_brand":[1620],"product_cat":[1637,1659,1623],"product_tag":[],"class_list":{"0":"post-208360","1":"product","2":"type-product","3":"status-publish","4":"has-post-thumbnail","6":"product_brand-dolce-gabbana","7":"product_cat-frauen-kleidung","8":"product_cat-kleider","9":"product_cat-kleidung","11":"first","12":"instock","13":"sale","14":"taxable","15":"shipping-taxable","16":"purchasable","17":"product-type-variable"},"_links":{"self":[{"href":"https:\/\/tpmadalina42.supserv.cozmoslabs.com\/fi\/wp-json\/wp\/v2\/product\/208360","targetHints":{"allow":["GET"]}}],"collection":[{"href":"https:\/\/tpmadalina42.supserv.cozmoslabs.com\/fi\/wp-json\/wp\/v2\/product"}],"about":[{"href":"https:\/\/tpmadalina42.supserv.cozmoslabs.com\/fi\/wp-json\/wp\/v2\/types\/product"}],"wp:featuredmedia":[{"embeddable":true,"href":"https:\/\/tpmadalina42.supserv.cozmoslabs.com\/fi\/wp-json\/wp\/v2\/media\/208354"}],"wp:attachment":[{"href":"https:\/\/tpmadalina42.supserv.cozmoslabs.com\/fi\/wp-json\/wp\/v2\/media?parent=208360"}],"wp:term":[{"taxonomy":"product_brand","embeddable":true,"href":"https:\/\/tpmadalina42.supserv.cozmoslabs.com\/fi\/wp-json\/wp\/v2\/product_brand?post=208360"},{"taxonomy":"product_cat","embeddable":true,"href":"https:\/\/tpmadalina42.supserv.cozmoslabs.com\/fi\/wp-json\/wp\/v2\/product_cat?post=208360"},{"taxonomy":"product_tag","embeddable":true,"href":"https:\/\/tpmadalina42.supserv.cozmoslabs.com\/fi\/wp-json\/wp\/v2\/product_tag?post=208360"}],"curies":[{"name":"wp","href":"https:\/\/api.w.org\/{rel}","templated":true}]}}