{"id":209810,"date":"2024-08-06T21:06:02","date_gmt":"2024-08-07T04:06:02","guid":{"rendered":"https:\/\/glandine.com\/product\/dolce-gabbana-ikonisches-schwarzes-baumwoll-t-shirt-mit-rundhalsausschnitt\/"},"modified":"2024-11-30T04:26:39","modified_gmt":"2024-11-30T03:26:39","slug":"dolce-gabbana-ikonisches-schwarzes-baumwoll-t-shirt-mit-rundhalsausschnitt","status":"publish","type":"product","link":"https:\/\/tpmadalina42.supserv.cozmoslabs.com\/fi\/tuote-2\/dolce-gabbana-ikonisches-schwarzes-baumwoll-t-shirt-mit-rundhalsausschnitt\/","title":{"rendered":"Dolce &amp; Gabbana Ikonisches schwarzes Baumwoll-T-Shirt mit Rundhalsausschnitt"},"content":{"rendered":"<p>Tauchen Sie ein in den Inbegriff luxuri\u00f6ser Freizeitkleidung mit diesem eleganten, 100% authentischen T-Shirt von Dolce &amp; Gabbana. Mit der Logo-Stickerei der Kultmarke ist dieses T-Shirt mit seinem klassischen schwarzen Farbton und dem bequemen Rundhalsausschnitt ein Zeugnis f\u00fcr schlichte Eleganz. Es hat eine regul\u00e4re Passform und ist das perfekte St\u00fcck, um Ihrem Alltagsoutfit einen Hauch von Designer-Raffinesse zu verleihen. Dieses mit Stolz in Italien gefertigte T-Shirt ist ein Muss f\u00fcr alle, die hochwertige Mode und zeitlosen Stil zu sch\u00e4tzen wissen.<\/p>\n<ul>\n<li>V\u00e4ri: Musta<\/li>\n<li>Materiaali: 100% puuvilla<\/li>\n<li>Istuvuus: Normaali<\/li>\n<li>Logon yksityiskohdat<\/li>\n<li>Alkuper\u00e4maa: IT<\/li>\n<\/ul>","protected":false},"excerpt":{"rendered":"<p>Tauchen Sie ein in den Inbegriff luxuri\u00f6ser Freizeitkleidung mit diesem eleganten, 100% authentischen T-Shirt von Dolce &amp; Gabbana. Mit der Logo-Stickerei der Kultmarke ist dieses T-Shirt mit seinem klassischen schwarzen Farbton und dem bequemen Rundhalsausschnitt ein Zeugnis f\u00fcr schlichte Eleganz. Es hat eine regul\u00e4re Passform und ist das perfekte St\u00fcck, um Ihrem Alltagsoutfit einen Hauch [&hellip;]<\/p>","protected":false},"featured_media":209804,"template":"","meta":[],"product_brand":[1620],"product_cat":[1633,1623,1710],"product_tag":[],"class_list":{"0":"post-209810","1":"product","2":"type-product","3":"status-publish","4":"has-post-thumbnail","6":"product_brand-dolce-gabbana","7":"product_cat-maenner-kleidung","8":"product_cat-kleidung","9":"product_cat-t-shirts","11":"first","12":"instock","13":"sale","14":"taxable","15":"shipping-taxable","16":"purchasable","17":"product-type-variable"},"_links":{"self":[{"href":"https:\/\/tpmadalina42.supserv.cozmoslabs.com\/fi\/wp-json\/wp\/v2\/product\/209810","targetHints":{"allow":["GET"]}}],"collection":[{"href":"https:\/\/tpmadalina42.supserv.cozmoslabs.com\/fi\/wp-json\/wp\/v2\/product"}],"about":[{"href":"https:\/\/tpmadalina42.supserv.cozmoslabs.com\/fi\/wp-json\/wp\/v2\/types\/product"}],"wp:featuredmedia":[{"embeddable":true,"href":"https:\/\/tpmadalina42.supserv.cozmoslabs.com\/fi\/wp-json\/wp\/v2\/media\/209804"}],"wp:attachment":[{"href":"https:\/\/tpmadalina42.supserv.cozmoslabs.com\/fi\/wp-json\/wp\/v2\/media?parent=209810"}],"wp:term":[{"taxonomy":"product_brand","embeddable":true,"href":"https:\/\/tpmadalina42.supserv.cozmoslabs.com\/fi\/wp-json\/wp\/v2\/product_brand?post=209810"},{"taxonomy":"product_cat","embeddable":true,"href":"https:\/\/tpmadalina42.supserv.cozmoslabs.com\/fi\/wp-json\/wp\/v2\/product_cat?post=209810"},{"taxonomy":"product_tag","embeddable":true,"href":"https:\/\/tpmadalina42.supserv.cozmoslabs.com\/fi\/wp-json\/wp\/v2\/product_tag?post=209810"}],"curies":[{"name":"wp","href":"https:\/\/api.w.org\/{rel}","templated":true}]}}