{"id":210024,"date":"2024-08-06T21:18:57","date_gmt":"2024-08-07T04:18:57","guid":{"rendered":"https:\/\/glandine.com\/product\/daniele-alessandrini-exklusive-seidenfliege-in-off-white\/"},"modified":"2024-11-30T04:28:46","modified_gmt":"2024-11-30T03:28:46","slug":"daniele-alessandrini-exklusive-seidenfliege-in-off-white","status":"publish","type":"product","link":"https:\/\/tpmadalina42.supserv.cozmoslabs.com\/fi\/tuote-2\/daniele-alessandrini-exklusive-seidenfliege-in-off-white\/","title":{"rendered":"Daniele Alessandrini Eksklusiivinen silkkirusetti luonnonvalkoisena"},"content":{"rendered":"<p>Erh\u00f6hen Sie Ihre formelle Kleidung mit dieser exquisiten off white Fliege von Daniele Alessandrini. Brandneu mit Etikett, diese 100% authentische Fliege ist fachm\u00e4nnisch aus feinster Seide gefertigt und bietet einen Hauch von italienischer Eleganz f\u00fcr Ihr Ensemble. Mit einem verstellbaren Nackenband verspricht sie eine perfekte Passform f\u00fcr jede Gr\u00f6\u00dfe und stellt sicher, dass Sie bei jeder anspruchsvollen Veranstaltung mit Raffinesse auffallen.<\/p>\n<ul>\n<li>Farbe: Off White<\/li>\n<li>Materiaali: 100% silkki<\/li>\n<li>Alkuper\u00e4maa: IT<\/li>\n<li>L\u00e4ngenverstellbares Halsband<\/li>\n<li>Valmistettu Italiassa<\/li>\n<\/ul>","protected":false},"excerpt":{"rendered":"<p>Erh\u00f6hen Sie Ihre formelle Kleidung mit dieser exquisiten off white Fliege von Daniele Alessandrini. Brandneu mit Etikett, diese 100% authentische Fliege ist fachm\u00e4nnisch aus feinster Seide gefertigt und bietet einen Hauch von italienischer Eleganz f\u00fcr Ihr Ensemble. Mit einem verstellbaren Nackenband verspricht sie eine perfekte Passform f\u00fcr jede Gr\u00f6\u00dfe und stellt sicher, dass Sie bei [&hellip;]<\/p>","protected":false},"featured_media":210021,"template":"","meta":[],"product_brand":[2048],"product_cat":[1621,1631,1712],"product_tag":[],"class_list":{"0":"post-210024","1":"product","2":"type-product","3":"status-publish","4":"has-post-thumbnail","6":"product_brand-daniele-alessandrini","7":"product_cat-accessoire","8":"product_cat-maenner-zubehoer","9":"product_cat-krawatten-fliegen","11":"first","12":"instock","13":"sale","14":"taxable","15":"shipping-taxable","16":"purchasable","17":"product-type-simple"},"_links":{"self":[{"href":"https:\/\/tpmadalina42.supserv.cozmoslabs.com\/fi\/wp-json\/wp\/v2\/product\/210024","targetHints":{"allow":["GET"]}}],"collection":[{"href":"https:\/\/tpmadalina42.supserv.cozmoslabs.com\/fi\/wp-json\/wp\/v2\/product"}],"about":[{"href":"https:\/\/tpmadalina42.supserv.cozmoslabs.com\/fi\/wp-json\/wp\/v2\/types\/product"}],"wp:featuredmedia":[{"embeddable":true,"href":"https:\/\/tpmadalina42.supserv.cozmoslabs.com\/fi\/wp-json\/wp\/v2\/media\/210021"}],"wp:attachment":[{"href":"https:\/\/tpmadalina42.supserv.cozmoslabs.com\/fi\/wp-json\/wp\/v2\/media?parent=210024"}],"wp:term":[{"taxonomy":"product_brand","embeddable":true,"href":"https:\/\/tpmadalina42.supserv.cozmoslabs.com\/fi\/wp-json\/wp\/v2\/product_brand?post=210024"},{"taxonomy":"product_cat","embeddable":true,"href":"https:\/\/tpmadalina42.supserv.cozmoslabs.com\/fi\/wp-json\/wp\/v2\/product_cat?post=210024"},{"taxonomy":"product_tag","embeddable":true,"href":"https:\/\/tpmadalina42.supserv.cozmoslabs.com\/fi\/wp-json\/wp\/v2\/product_tag?post=210024"}],"curies":[{"name":"wp","href":"https:\/\/api.w.org\/{rel}","templated":true}]}}