{"id":210356,"date":"2024-08-06T21:36:06","date_gmt":"2024-08-07T04:36:06","guid":{"rendered":"https:\/\/glandine.com\/product\/dolce-gabbana-eleganter-seiden-kummerbund-fuer-damen\/"},"modified":"2024-11-30T04:34:30","modified_gmt":"2024-11-30T03:34:30","slug":"dolce-gabbana-eleganter-seiden-kummerbund-fuer-damen","status":"publish","type":"product","link":"https:\/\/tpmadalina42.supserv.cozmoslabs.com\/fi\/tuote-2\/dolce-gabbana-eleganter-seiden-kummerbund-fuer-damen\/","title":{"rendered":"Dolce &amp; Gabbana Eleganter Seiden-Kummerbund f\u00fcr Damen"},"content":{"rendered":"<p>Verstr\u00f6men Sie Raffinesse mit diesem exquisiten Kummerbund aus dem renommierten Luxusmodehaus Dolce &amp; Gabbana. Das aus reiner Seide gefertigte Accessoire ist ein Zeugnis f\u00fcr tadellosen Stil und italienische Handwerkskunst. Der elegante Druckknopfverschluss sorgt f\u00fcr einen perfekten Sitz und wertet jedes Abendkleid oder jeden Ma\u00dfanzug auf. Dieses wundersch\u00f6ne St\u00fcck ist brandneu und bereit, Ihrer Garderobe einen Hauch von Eleganz zu verleihen.<\/p>\n<ul>\n<li>Materiaali: 100% silkki<\/li>\n<li>Alkuper\u00e4maa: IT<\/li>\n<li>V\u00e4ri: Musta<\/li>\n<li>Abmessungen: 75cm x 10cm<\/li>\n<\/ul>","protected":false},"excerpt":{"rendered":"<p>Verstr\u00f6men Sie Raffinesse mit diesem exquisiten Kummerbund aus dem renommierten Luxusmodehaus Dolce &amp; Gabbana. Das aus reiner Seide gefertigte Accessoire ist ein Zeugnis f\u00fcr tadellosen Stil und italienische Handwerkskunst. Der elegante Druckknopfverschluss sorgt f\u00fcr einen perfekten Sitz und wertet jedes Abendkleid oder jeden Ma\u00dfanzug auf. Dieses wundersch\u00f6ne St\u00fcck ist brandneu und bereit, Ihrer Garderobe einen [&hellip;]<\/p>","protected":false},"featured_media":210353,"template":"","meta":[],"product_brand":[1620],"product_cat":[1621,1632,1652],"product_tag":[],"class_list":{"0":"post-210356","1":"product","2":"type-product","3":"status-publish","4":"has-post-thumbnail","6":"product_brand-dolce-gabbana","7":"product_cat-accessoire","8":"product_cat-frauen-zubehoer","9":"product_cat-guertel-frauen-zubehoer","11":"first","12":"instock","13":"sale","14":"taxable","15":"shipping-taxable","16":"purchasable","17":"product-type-variable"},"_links":{"self":[{"href":"https:\/\/tpmadalina42.supserv.cozmoslabs.com\/fi\/wp-json\/wp\/v2\/product\/210356","targetHints":{"allow":["GET"]}}],"collection":[{"href":"https:\/\/tpmadalina42.supserv.cozmoslabs.com\/fi\/wp-json\/wp\/v2\/product"}],"about":[{"href":"https:\/\/tpmadalina42.supserv.cozmoslabs.com\/fi\/wp-json\/wp\/v2\/types\/product"}],"wp:featuredmedia":[{"embeddable":true,"href":"https:\/\/tpmadalina42.supserv.cozmoslabs.com\/fi\/wp-json\/wp\/v2\/media\/210353"}],"wp:attachment":[{"href":"https:\/\/tpmadalina42.supserv.cozmoslabs.com\/fi\/wp-json\/wp\/v2\/media?parent=210356"}],"wp:term":[{"taxonomy":"product_brand","embeddable":true,"href":"https:\/\/tpmadalina42.supserv.cozmoslabs.com\/fi\/wp-json\/wp\/v2\/product_brand?post=210356"},{"taxonomy":"product_cat","embeddable":true,"href":"https:\/\/tpmadalina42.supserv.cozmoslabs.com\/fi\/wp-json\/wp\/v2\/product_cat?post=210356"},{"taxonomy":"product_tag","embeddable":true,"href":"https:\/\/tpmadalina42.supserv.cozmoslabs.com\/fi\/wp-json\/wp\/v2\/product_tag?post=210356"}],"curies":[{"name":"wp","href":"https:\/\/api.w.org\/{rel}","templated":true}]}}