{"id":211174,"date":"2024-08-06T22:24:39","date_gmt":"2024-08-07T05:24:39","guid":{"rendered":"https:\/\/glandine.com\/product\/dolce-gabbana-eleganter-seidenschal-mit-tupfen-fuer-maenner-3\/"},"modified":"2024-11-30T04:45:07","modified_gmt":"2024-11-30T03:45:07","slug":"dolce-gabbana-eleganter-seidenschal-mit-tupfen-fuer-maenner-3","status":"publish","type":"product","link":"https:\/\/tpmadalina42.supserv.cozmoslabs.com\/fi\/tuote-2\/dolce-gabbana-eleganter-seidenschal-mit-tupfen-fuer-maenner-3\/","title":{"rendered":"Dolce &amp; Gabbana Eleganter Seidenschal mit Tupfen f\u00fcr M\u00e4nner"},"content":{"rendered":"<p>G\u00f6nnen Sie sich den Inbegriff von Luxus mit diesem exquisiten Dolce &amp; Gabbana Herrenschal. Dieser Schal aus 100 % Seide wurde f\u00fcr den modernen Gentleman entworfen, der keine Kompromisse bei Qualit\u00e4t und Stil eingeht. Er ist in einem raffinierten Schwarz gehalten und mit eleganten wei\u00dfen Tupfen verziert. Dieser Schal ist perfekt, um Ihrer Garderobe einen Hauch italienischer Handwerkskunst zu verleihen. Er verleiht jedem Outfit einen Hauch von Opulenz und bietet die ideale Kombination aus W\u00e4rme und einem seidig-weichen Tragegef\u00fchl. Dieses in Italien gefertigte Accessoire sorgt mit dem markanten Logodetail f\u00fcr einen makellosen Look. <\/p>\n<p>Materiaali: 100% silkki<br \/>V\u00e4ri: Musta<br \/>Alkuper\u00e4maa: Italia<br \/>Gr\u00f6\u00dfe: 56 cm x 56 cm<\/p>","protected":false},"excerpt":{"rendered":"<p>G\u00f6nnen Sie sich den Inbegriff von Luxus mit diesem exquisiten Dolce &amp; Gabbana Herrenschal. Dieser Schal aus 100 % Seide wurde f\u00fcr den modernen Gentleman entworfen, der keine Kompromisse bei Qualit\u00e4t und Stil eingeht. Er ist in einem raffinierten Schwarz gehalten und mit eleganten wei\u00dfen Tupfen verziert. Dieser Schal ist perfekt, um Ihrer Garderobe einen [&hellip;]<\/p>","protected":false},"featured_media":211170,"template":"","meta":[],"product_brand":[1620],"product_cat":[1621,1631,1693],"product_tag":[],"class_list":{"0":"post-211174","1":"product","2":"type-product","3":"status-publish","4":"has-post-thumbnail","6":"product_brand-dolce-gabbana","7":"product_cat-accessoire","8":"product_cat-maenner-zubehoer","9":"product_cat-schals","11":"first","12":"instock","13":"sale","14":"taxable","15":"shipping-taxable","16":"purchasable","17":"product-type-simple"},"_links":{"self":[{"href":"https:\/\/tpmadalina42.supserv.cozmoslabs.com\/fi\/wp-json\/wp\/v2\/product\/211174","targetHints":{"allow":["GET"]}}],"collection":[{"href":"https:\/\/tpmadalina42.supserv.cozmoslabs.com\/fi\/wp-json\/wp\/v2\/product"}],"about":[{"href":"https:\/\/tpmadalina42.supserv.cozmoslabs.com\/fi\/wp-json\/wp\/v2\/types\/product"}],"wp:featuredmedia":[{"embeddable":true,"href":"https:\/\/tpmadalina42.supserv.cozmoslabs.com\/fi\/wp-json\/wp\/v2\/media\/211170"}],"wp:attachment":[{"href":"https:\/\/tpmadalina42.supserv.cozmoslabs.com\/fi\/wp-json\/wp\/v2\/media?parent=211174"}],"wp:term":[{"taxonomy":"product_brand","embeddable":true,"href":"https:\/\/tpmadalina42.supserv.cozmoslabs.com\/fi\/wp-json\/wp\/v2\/product_brand?post=211174"},{"taxonomy":"product_cat","embeddable":true,"href":"https:\/\/tpmadalina42.supserv.cozmoslabs.com\/fi\/wp-json\/wp\/v2\/product_cat?post=211174"},{"taxonomy":"product_tag","embeddable":true,"href":"https:\/\/tpmadalina42.supserv.cozmoslabs.com\/fi\/wp-json\/wp\/v2\/product_tag?post=211174"}],"curies":[{"name":"wp","href":"https:\/\/api.w.org\/{rel}","templated":true}]}}