{"id":211749,"date":"2024-08-06T23:04:14","date_gmt":"2024-08-07T06:04:14","guid":{"rendered":"https:\/\/glandine.com\/product\/dolce-gabbana-elegante-weisse-langaermelige-strickjacke\/"},"modified":"2024-11-30T04:53:17","modified_gmt":"2024-11-30T03:53:17","slug":"dolce-gabbana-elegante-weisse-langaermelige-strickjacke","status":"publish","type":"product","link":"https:\/\/tpmadalina42.supserv.cozmoslabs.com\/fi\/tuote-2\/dolce-gabbana-elegante-weisse-langaermelige-strickjacke\/","title":{"rendered":"Dolce &amp; Gabbana Elegantti valkoinen pitk\u00e4hihainen villatakki"},"content":{"rendered":"<p>G\u00f6nnen Sie sich den Inbegriff italienischer Handwerkskunst mit dieser exquisiten wei\u00dfen Strickjacke von Dolce &amp; Gabbana. Perfekt geschnitten, um Ihre Garderobe aufzuwerten, ist dieses Kleidungsst\u00fcck ein Sinnbild f\u00fcr den Luxus und die Eleganz, f\u00fcr die die Marke steht. Die subtilen Logodetails sorgen f\u00fcr einen unaufdringlichen und doch unverwechselbaren Stil und machen dieses St\u00fcck zu mehr als nur einem Grundnahrungsmittel &#8211; es ist ein Statement der High-End-Mode. Hergestellt in Italien, garantiert es die Exzellenz und Exklusivit\u00e4t, die von den anspruchsvollsten Modefans gew\u00fcnscht wird.<\/p>\n<ul>\n<li>V\u00e4ri: Valkoinen<\/li>\n<li>Material: 85% Polyester-Filmfaser, 20% Polyester, 15% Nylon<\/li>\n<li>Alkuper\u00e4maa: Italia<\/li>\n<li>Istuvuus: Normaali<\/li>\n<\/ul>","protected":false},"excerpt":{"rendered":"<p>G\u00f6nnen Sie sich den Inbegriff italienischer Handwerkskunst mit dieser exquisiten wei\u00dfen Strickjacke von Dolce &amp; Gabbana. Perfekt geschnitten, um Ihre Garderobe aufzuwerten, ist dieses Kleidungsst\u00fcck ein Sinnbild f\u00fcr den Luxus und die Eleganz, f\u00fcr die die Marke steht. Die subtilen Logodetails sorgen f\u00fcr einen unaufdringlichen und doch unverwechselbaren Stil und machen dieses St\u00fcck zu mehr [&hellip;]<\/p>","protected":false},"featured_media":211743,"template":"","meta":[],"product_brand":[1620],"product_cat":[1637,1670,1623],"product_tag":[],"class_list":{"0":"post-211749","1":"product","2":"type-product","3":"status-publish","4":"has-post-thumbnail","6":"product_brand-dolce-gabbana","7":"product_cat-frauen-kleidung","8":"product_cat-jacken-maentel","9":"product_cat-kleidung","11":"first","12":"instock","13":"sale","14":"taxable","15":"shipping-taxable","16":"purchasable","17":"product-type-variable"},"_links":{"self":[{"href":"https:\/\/tpmadalina42.supserv.cozmoslabs.com\/fi\/wp-json\/wp\/v2\/product\/211749","targetHints":{"allow":["GET"]}}],"collection":[{"href":"https:\/\/tpmadalina42.supserv.cozmoslabs.com\/fi\/wp-json\/wp\/v2\/product"}],"about":[{"href":"https:\/\/tpmadalina42.supserv.cozmoslabs.com\/fi\/wp-json\/wp\/v2\/types\/product"}],"wp:featuredmedia":[{"embeddable":true,"href":"https:\/\/tpmadalina42.supserv.cozmoslabs.com\/fi\/wp-json\/wp\/v2\/media\/211743"}],"wp:attachment":[{"href":"https:\/\/tpmadalina42.supserv.cozmoslabs.com\/fi\/wp-json\/wp\/v2\/media?parent=211749"}],"wp:term":[{"taxonomy":"product_brand","embeddable":true,"href":"https:\/\/tpmadalina42.supserv.cozmoslabs.com\/fi\/wp-json\/wp\/v2\/product_brand?post=211749"},{"taxonomy":"product_cat","embeddable":true,"href":"https:\/\/tpmadalina42.supserv.cozmoslabs.com\/fi\/wp-json\/wp\/v2\/product_cat?post=211749"},{"taxonomy":"product_tag","embeddable":true,"href":"https:\/\/tpmadalina42.supserv.cozmoslabs.com\/fi\/wp-json\/wp\/v2\/product_tag?post=211749"}],"curies":[{"name":"wp","href":"https:\/\/api.w.org\/{rel}","templated":true}]}}