{"id":212029,"date":"2024-08-06T23:23:02","date_gmt":"2024-08-07T06:23:02","guid":{"rendered":"https:\/\/glandine.com\/product\/dolce-gabbana-schicke-schwarze-denim-hose-zeitlose-eleganz\/"},"modified":"2024-11-30T04:57:20","modified_gmt":"2024-11-30T03:57:20","slug":"dolce-gabbana-schicke-schwarze-denim-hose-zeitlose-eleganz","status":"publish","type":"product","link":"https:\/\/tpmadalina42.supserv.cozmoslabs.com\/fi\/tuote-2\/dolce-gabbana-schicke-schwarze-denim-hose-zeitlose-eleganz\/","title":{"rendered":"Dolce &amp; Gabbana Schicke schwarze Denim-Hose &#8211; zeitlose Eleganz"},"content":{"rendered":"<p>Mit dieser eleganten schwarzen Denim-Hose von Dolce &amp; Gabbana sind Sie der Inbegriff von High-Fashion. Diese wundersch\u00f6ne Jeans wird neu mit Etikett geliefert, was ihre Authentizit\u00e4t und ihren tadellosen Zustand garantiert. Sie ist die perfekte Mischung aus Komfort und Couture und zeichnet sich durch eine moderne Silhouette aus, die durch das subtile, aber ikonische Logo-Detail erg\u00e4nzt wird &#8211; ein Symbol f\u00fcr die sorgf\u00e4ltige Handwerkskunst des Designers. Diese in Italien gefertigte Jeans bietet eine schlanke Passform, die dank der hochwertigen Baumwollmischung mit einem Hauch von Stretch stilvoll und bequem ist. Peppen Sie Ihre Jeans-Kollektion mit dieser Jeans von Dolce &amp; Gabbana auf.<\/p>\n<ul>\n<li>V\u00e4ri: Musta<\/li>\n<li>Materiaali: 98% puuvilla 2% elastaani<\/li>\n<li>Alkuper\u00e4maa: IT<\/li>\n<li>Vetoketju<\/li>\n<li>Logon yksityiskohdat<\/li>\n<\/ul>","protected":false},"excerpt":{"rendered":"<p>Mit dieser eleganten schwarzen Denim-Hose von Dolce &amp; Gabbana sind Sie der Inbegriff von High-Fashion. Diese wundersch\u00f6ne Jeans wird neu mit Etikett geliefert, was ihre Authentizit\u00e4t und ihren tadellosen Zustand garantiert. Sie ist die perfekte Mischung aus Komfort und Couture und zeichnet sich durch eine moderne Silhouette aus, die durch das subtile, aber ikonische Logo-Detail [&hellip;]<\/p>","protected":false},"featured_media":212021,"template":"","meta":[],"product_brand":[1620],"product_cat":[1637,1686,1623],"product_tag":[],"class_list":{"0":"post-212029","1":"product","2":"type-product","3":"status-publish","4":"has-post-thumbnail","6":"product_brand-dolce-gabbana","7":"product_cat-frauen-kleidung","8":"product_cat-jeans-hosen-frauen-kleidung","9":"product_cat-kleidung","11":"first","12":"instock","13":"sale","14":"taxable","15":"shipping-taxable","16":"purchasable","17":"product-type-variable"},"_links":{"self":[{"href":"https:\/\/tpmadalina42.supserv.cozmoslabs.com\/fi\/wp-json\/wp\/v2\/product\/212029","targetHints":{"allow":["GET"]}}],"collection":[{"href":"https:\/\/tpmadalina42.supserv.cozmoslabs.com\/fi\/wp-json\/wp\/v2\/product"}],"about":[{"href":"https:\/\/tpmadalina42.supserv.cozmoslabs.com\/fi\/wp-json\/wp\/v2\/types\/product"}],"wp:featuredmedia":[{"embeddable":true,"href":"https:\/\/tpmadalina42.supserv.cozmoslabs.com\/fi\/wp-json\/wp\/v2\/media\/212021"}],"wp:attachment":[{"href":"https:\/\/tpmadalina42.supserv.cozmoslabs.com\/fi\/wp-json\/wp\/v2\/media?parent=212029"}],"wp:term":[{"taxonomy":"product_brand","embeddable":true,"href":"https:\/\/tpmadalina42.supserv.cozmoslabs.com\/fi\/wp-json\/wp\/v2\/product_brand?post=212029"},{"taxonomy":"product_cat","embeddable":true,"href":"https:\/\/tpmadalina42.supserv.cozmoslabs.com\/fi\/wp-json\/wp\/v2\/product_cat?post=212029"},{"taxonomy":"product_tag","embeddable":true,"href":"https:\/\/tpmadalina42.supserv.cozmoslabs.com\/fi\/wp-json\/wp\/v2\/product_tag?post=212029"}],"curies":[{"name":"wp","href":"https:\/\/api.w.org\/{rel}","templated":true}]}}