{"id":212350,"date":"2024-08-06T23:45:32","date_gmt":"2024-08-07T06:45:32","guid":{"rendered":"https:\/\/glandine.com\/product\/dolce-gabbana-elegante-weisse-spitzen-dessous-shorts\/"},"modified":"2024-11-30T05:01:58","modified_gmt":"2024-11-30T04:01:58","slug":"dolce-gabbana-elegante-weisse-spitzen-dessous-shorts","status":"publish","type":"product","link":"https:\/\/tpmadalina42.supserv.cozmoslabs.com\/fi\/tuote-2\/dolce-gabbana-elegante-weisse-spitzen-dessous-shorts\/","title":{"rendered":"Dolce &amp; Gabbana Tyylikk\u00e4\u00e4t valkoiset pitsiset alusasushortsit"},"content":{"rendered":"<p>G\u00f6nnen Sie sich den Luxus purer Eleganz mit unseren hinrei\u00dfenden neuen Lingerie-Shorts, die durch zarte Spitzendetails hervorgehoben werden. Aus einer kostbaren Mischung aus Seide, Baumwolle und Nylon gefertigt, sind diese Dolce &amp; Gabbana Shorts ein Beweis f\u00fcr italienische Handwerkskunst und schicken Stil. Perfekt, um Ihrer Intimkollektion einen Hauch von Raffinesse zu verleihen.<\/p>\n<ul>\n<li>V\u00e4ri: Valkoinen<\/li>\n<li>Material: 80% Seide 16% Baumwolle 4% Nylon<\/li>\n<li>Alkuper\u00e4maa: IT<\/li>\n<li>Logon yksityiskohdat<\/li>\n<\/ul>","protected":false},"excerpt":{"rendered":"<p>G\u00f6nnen Sie sich den Luxus purer Eleganz mit unseren hinrei\u00dfenden neuen Lingerie-Shorts, die durch zarte Spitzendetails hervorgehoben werden. Aus einer kostbaren Mischung aus Seide, Baumwolle und Nylon gefertigt, sind diese Dolce &amp; Gabbana Shorts ein Beweis f\u00fcr italienische Handwerkskunst und schicken Stil. Perfekt, um Ihrer Intimkollektion einen Hauch von Raffinesse zu verleihen. Farbe: Wei\u00df Material: [&hellip;]<\/p>","protected":false},"featured_media":212342,"template":"","meta":[],"product_brand":[1620],"product_cat":[1637,1623,1717],"product_tag":[],"class_list":{"0":"post-212350","1":"product","2":"type-product","3":"status-publish","4":"has-post-thumbnail","6":"product_brand-dolce-gabbana","7":"product_cat-frauen-kleidung","8":"product_cat-kleidung","9":"product_cat-unterwaesche","11":"first","12":"instock","13":"sale","14":"taxable","15":"shipping-taxable","16":"purchasable","17":"product-type-variable"},"_links":{"self":[{"href":"https:\/\/tpmadalina42.supserv.cozmoslabs.com\/fi\/wp-json\/wp\/v2\/product\/212350","targetHints":{"allow":["GET"]}}],"collection":[{"href":"https:\/\/tpmadalina42.supserv.cozmoslabs.com\/fi\/wp-json\/wp\/v2\/product"}],"about":[{"href":"https:\/\/tpmadalina42.supserv.cozmoslabs.com\/fi\/wp-json\/wp\/v2\/types\/product"}],"wp:featuredmedia":[{"embeddable":true,"href":"https:\/\/tpmadalina42.supserv.cozmoslabs.com\/fi\/wp-json\/wp\/v2\/media\/212342"}],"wp:attachment":[{"href":"https:\/\/tpmadalina42.supserv.cozmoslabs.com\/fi\/wp-json\/wp\/v2\/media?parent=212350"}],"wp:term":[{"taxonomy":"product_brand","embeddable":true,"href":"https:\/\/tpmadalina42.supserv.cozmoslabs.com\/fi\/wp-json\/wp\/v2\/product_brand?post=212350"},{"taxonomy":"product_cat","embeddable":true,"href":"https:\/\/tpmadalina42.supserv.cozmoslabs.com\/fi\/wp-json\/wp\/v2\/product_cat?post=212350"},{"taxonomy":"product_tag","embeddable":true,"href":"https:\/\/tpmadalina42.supserv.cozmoslabs.com\/fi\/wp-json\/wp\/v2\/product_tag?post=212350"}],"curies":[{"name":"wp","href":"https:\/\/api.w.org\/{rel}","templated":true}]}}