{"id":212668,"date":"2024-08-07T00:09:48","date_gmt":"2024-08-07T07:09:48","guid":{"rendered":"https:\/\/glandine.com\/product\/dolce-gabbana-eleganter-weisser-einreihiger-sicilia-blazer\/"},"modified":"2024-11-30T05:08:38","modified_gmt":"2024-11-30T04:08:38","slug":"dolce-gabbana-eleganter-weisser-einreihiger-sicilia-blazer","status":"publish","type":"product","link":"https:\/\/tpmadalina42.supserv.cozmoslabs.com\/fi\/tuote-2\/dolce-gabbana-eleganter-weisser-einreihiger-sicilia-blazer\/","title":{"rendered":"Dolce &amp; Gabbana Eleganter wei\u00dfer einreihiger Sicilia-Blazer"},"content":{"rendered":"<p>Erleben Sie raffinierte Eleganz mit diesem absolut umwerfenden wei\u00dfen Blazer, einem charakteristischen St\u00fcck aus der neuesten Kollektion von Dolce &amp; Gabbana. Perfekt f\u00fcr den anspruchsvollen Gentleman, verk\u00f6rpert dieser Blazer italienische Handwerkskunst und sartoriale Exzellenz. Der elegante Sicilia-Stil und das einreihige Design machen ihn zu einem zeitlosen Klassiker f\u00fcr jeden formellen oder modischen Anlass.<\/p>\n<p>Einzelheiten:<\/p>\n<ul>\n<li>Material: 95% Leinen, 3% Seide, 2% Polyester<\/li>\n<li>Vuori: 100% viskoosi<\/li>\n<li>V\u00e4ri: Valkoinen<\/li>\n<li>Stil: Sicilia, Einreihig<\/li>\n<li>Alkuper\u00e4maa: IT<\/li>\n<li>Zwei-Knopf-Verschluss<\/li>\n<li>Logon yksityiskohdat<\/li>\n<li>Garantierte Echtheit mit Etikett<\/li>\n<\/ul>","protected":false},"excerpt":{"rendered":"<p>Erleben Sie raffinierte Eleganz mit diesem absolut umwerfenden wei\u00dfen Blazer, einem charakteristischen St\u00fcck aus der neuesten Kollektion von Dolce &amp; Gabbana. Perfekt f\u00fcr den anspruchsvollen Gentleman, verk\u00f6rpert dieser Blazer italienische Handwerkskunst und sartoriale Exzellenz. Der elegante Sicilia-Stil und das einreihige Design machen ihn zu einem zeitlosen Klassiker f\u00fcr jeden formellen oder modischen Anlass. Einzelheiten: Material: [&hellip;]<\/p>","protected":false},"featured_media":212661,"template":"","meta":[],"product_brand":[1620],"product_cat":[1653,1633,1623],"product_tag":[],"class_list":{"0":"post-212668","1":"product","2":"type-product","3":"status-publish","4":"has-post-thumbnail","6":"product_brand-dolce-gabbana","7":"product_cat-blazers","8":"product_cat-maenner-kleidung","9":"product_cat-kleidung","11":"first","12":"instock","13":"sale","14":"taxable","15":"shipping-taxable","16":"purchasable","17":"product-type-variable"},"_links":{"self":[{"href":"https:\/\/tpmadalina42.supserv.cozmoslabs.com\/fi\/wp-json\/wp\/v2\/product\/212668","targetHints":{"allow":["GET"]}}],"collection":[{"href":"https:\/\/tpmadalina42.supserv.cozmoslabs.com\/fi\/wp-json\/wp\/v2\/product"}],"about":[{"href":"https:\/\/tpmadalina42.supserv.cozmoslabs.com\/fi\/wp-json\/wp\/v2\/types\/product"}],"wp:featuredmedia":[{"embeddable":true,"href":"https:\/\/tpmadalina42.supserv.cozmoslabs.com\/fi\/wp-json\/wp\/v2\/media\/212661"}],"wp:attachment":[{"href":"https:\/\/tpmadalina42.supserv.cozmoslabs.com\/fi\/wp-json\/wp\/v2\/media?parent=212668"}],"wp:term":[{"taxonomy":"product_brand","embeddable":true,"href":"https:\/\/tpmadalina42.supserv.cozmoslabs.com\/fi\/wp-json\/wp\/v2\/product_brand?post=212668"},{"taxonomy":"product_cat","embeddable":true,"href":"https:\/\/tpmadalina42.supserv.cozmoslabs.com\/fi\/wp-json\/wp\/v2\/product_cat?post=212668"},{"taxonomy":"product_tag","embeddable":true,"href":"https:\/\/tpmadalina42.supserv.cozmoslabs.com\/fi\/wp-json\/wp\/v2\/product_tag?post=212668"}],"curies":[{"name":"wp","href":"https:\/\/api.w.org\/{rel}","templated":true}]}}