{"id":212701,"date":"2024-08-07T00:11:51","date_gmt":"2024-08-07T07:11:51","guid":{"rendered":"https:\/\/glandine.com\/product\/dolce-gabbana-eleganter-einreihiger-blazer-aus-schwarzer-wolle\/"},"modified":"2024-11-30T05:08:57","modified_gmt":"2024-11-30T04:08:57","slug":"dolce-gabbana-eleganter-einreihiger-blazer-aus-schwarzer-wolle","status":"publish","type":"product","link":"https:\/\/tpmadalina42.supserv.cozmoslabs.com\/fi\/tuote-2\/dolce-gabbana-eleganter-einreihiger-blazer-aus-schwarzer-wolle\/","title":{"rendered":"Dolce &amp; Gabbana Eleganter einreihiger Blazer aus schwarzer Wolle"},"content":{"rendered":"<p>Verstr\u00f6men Sie Raffinesse mit diesem absolut atemberaubenden 100% authentischen Dolce &amp; Gabbana Blazer, brandneu mit Etiketten. Der in Italien gefertigte einreihige Blazer ist in schlichtem Schwarz gehalten und mit einer einzigartigen Crown Bee-Stickerei auf der Brust verziert. Die scharfe Silhouette wird durch einen Zwei-Knopf-Verschluss, drei Au\u00dfentaschen und zwei Innentaschen f\u00fcr Ihre wichtigsten Utensilien vervollst\u00e4ndigt. Mit viel Liebe zum Detail und luxuri\u00f6sen Materialien ist dieser Blazer ein wahrer Vertreter von High Fashion und Eleganz.<\/p>\n<ul>\n<li>V\u00e4ri: Musta<\/li>\n<li>Materiaali: 100% villa<\/li>\n<li>Futter: 57% Cupro, 43% Polyester<\/li>\n<li>Alkuper\u00e4maa: IT<\/li>\n<\/ul>","protected":false},"excerpt":{"rendered":"<p>Verstr\u00f6men Sie Raffinesse mit diesem absolut atemberaubenden 100% authentischen Dolce &amp; Gabbana Blazer, brandneu mit Etiketten. Der in Italien gefertigte einreihige Blazer ist in schlichtem Schwarz gehalten und mit einer einzigartigen Crown Bee-Stickerei auf der Brust verziert. Die scharfe Silhouette wird durch einen Zwei-Knopf-Verschluss, drei Au\u00dfentaschen und zwei Innentaschen f\u00fcr Ihre wichtigsten Utensilien vervollst\u00e4ndigt. Mit [&hellip;]<\/p>","protected":false},"featured_media":212693,"template":"","meta":[],"product_brand":[1620],"product_cat":[1653,1633,1623],"product_tag":[],"class_list":{"0":"post-212701","1":"product","2":"type-product","3":"status-publish","4":"has-post-thumbnail","6":"product_brand-dolce-gabbana","7":"product_cat-blazers","8":"product_cat-maenner-kleidung","9":"product_cat-kleidung","11":"first","12":"instock","13":"sale","14":"taxable","15":"shipping-taxable","16":"purchasable","17":"product-type-variable"},"_links":{"self":[{"href":"https:\/\/tpmadalina42.supserv.cozmoslabs.com\/fi\/wp-json\/wp\/v2\/product\/212701","targetHints":{"allow":["GET"]}}],"collection":[{"href":"https:\/\/tpmadalina42.supserv.cozmoslabs.com\/fi\/wp-json\/wp\/v2\/product"}],"about":[{"href":"https:\/\/tpmadalina42.supserv.cozmoslabs.com\/fi\/wp-json\/wp\/v2\/types\/product"}],"wp:featuredmedia":[{"embeddable":true,"href":"https:\/\/tpmadalina42.supserv.cozmoslabs.com\/fi\/wp-json\/wp\/v2\/media\/212693"}],"wp:attachment":[{"href":"https:\/\/tpmadalina42.supserv.cozmoslabs.com\/fi\/wp-json\/wp\/v2\/media?parent=212701"}],"wp:term":[{"taxonomy":"product_brand","embeddable":true,"href":"https:\/\/tpmadalina42.supserv.cozmoslabs.com\/fi\/wp-json\/wp\/v2\/product_brand?post=212701"},{"taxonomy":"product_cat","embeddable":true,"href":"https:\/\/tpmadalina42.supserv.cozmoslabs.com\/fi\/wp-json\/wp\/v2\/product_cat?post=212701"},{"taxonomy":"product_tag","embeddable":true,"href":"https:\/\/tpmadalina42.supserv.cozmoslabs.com\/fi\/wp-json\/wp\/v2\/product_tag?post=212701"}],"curies":[{"name":"wp","href":"https:\/\/api.w.org\/{rel}","templated":true}]}}