{"id":213453,"date":"2024-08-07T01:03:12","date_gmt":"2024-08-07T08:03:12","guid":{"rendered":"https:\/\/glandine.com\/product\/dolce-gabbana-eleganter-blazer-aus-grauer-wolle-mit-blauer-rosenstickerei\/"},"modified":"2024-11-30T05:18:18","modified_gmt":"2024-11-30T04:18:18","slug":"dolce-gabbana-eleganter-blazer-aus-grauer-wolle-mit-blauer-rosenstickerei","status":"publish","type":"product","link":"https:\/\/tpmadalina42.supserv.cozmoslabs.com\/fi\/tuote-2\/dolce-gabbana-eleganter-blazer-aus-grauer-wolle-mit-blauer-rosenstickerei\/","title":{"rendered":"Dolce &amp; Gabbana Eleganter Blazer aus grauer Wolle mit blauer Rosenstickerei"},"content":{"rendered":"<p>Entdecken Sie den Inbegriff italienischer Handwerkskunst mit diesem atemberaubenden, 100% authentischen einreihigen Blazer von Dolce &amp; Gabbana. Dieser elegante graue Blazer mit exquisiter blauer Rosenstickerei ist ein echtes Statement f\u00fcr alle, die Luxusmode und raffinierten Stil zu sch\u00e4tzen wissen. Perfekt f\u00fcr jede gehobene Veranstaltung oder ein professionelles Umfeld, verf\u00fcgt er \u00fcber einen klassischen Drei-Knopf-Verschluss und kommt mit praktischen Details wie drei Fronttaschen und zwei Innentaschen f\u00fcr Funktionalit\u00e4t und Bequemlichkeit.<\/p>\n<ul>\n<li>Materiaali: 100% villa<\/li>\n<li>Futter: 36% Rayon, 34% Acetat, 30% Cupro<\/li>\n<li>V\u00e4ri: Harmaa<\/li>\n<li>Alkuper\u00e4maa: IT<\/li>\n<\/ul>","protected":false},"excerpt":{"rendered":"<p>Entdecken Sie den Inbegriff italienischer Handwerkskunst mit diesem atemberaubenden, 100% authentischen einreihigen Blazer von Dolce &amp; Gabbana. Dieser elegante graue Blazer mit exquisiter blauer Rosenstickerei ist ein echtes Statement f\u00fcr alle, die Luxusmode und raffinierten Stil zu sch\u00e4tzen wissen. Perfekt f\u00fcr jede gehobene Veranstaltung oder ein professionelles Umfeld, verf\u00fcgt er \u00fcber einen klassischen Drei-Knopf-Verschluss und [&hellip;]<\/p>","protected":false},"featured_media":213445,"template":"","meta":[],"product_brand":[1620],"product_cat":[1653,1633,1623],"product_tag":[],"class_list":{"0":"post-213453","1":"product","2":"type-product","3":"status-publish","4":"has-post-thumbnail","6":"product_brand-dolce-gabbana","7":"product_cat-blazers","8":"product_cat-maenner-kleidung","9":"product_cat-kleidung","11":"first","12":"instock","13":"sale","14":"taxable","15":"shipping-taxable","16":"purchasable","17":"product-type-variable"},"_links":{"self":[{"href":"https:\/\/tpmadalina42.supserv.cozmoslabs.com\/fi\/wp-json\/wp\/v2\/product\/213453","targetHints":{"allow":["GET"]}}],"collection":[{"href":"https:\/\/tpmadalina42.supserv.cozmoslabs.com\/fi\/wp-json\/wp\/v2\/product"}],"about":[{"href":"https:\/\/tpmadalina42.supserv.cozmoslabs.com\/fi\/wp-json\/wp\/v2\/types\/product"}],"wp:featuredmedia":[{"embeddable":true,"href":"https:\/\/tpmadalina42.supserv.cozmoslabs.com\/fi\/wp-json\/wp\/v2\/media\/213445"}],"wp:attachment":[{"href":"https:\/\/tpmadalina42.supserv.cozmoslabs.com\/fi\/wp-json\/wp\/v2\/media?parent=213453"}],"wp:term":[{"taxonomy":"product_brand","embeddable":true,"href":"https:\/\/tpmadalina42.supserv.cozmoslabs.com\/fi\/wp-json\/wp\/v2\/product_brand?post=213453"},{"taxonomy":"product_cat","embeddable":true,"href":"https:\/\/tpmadalina42.supserv.cozmoslabs.com\/fi\/wp-json\/wp\/v2\/product_cat?post=213453"},{"taxonomy":"product_tag","embeddable":true,"href":"https:\/\/tpmadalina42.supserv.cozmoslabs.com\/fi\/wp-json\/wp\/v2\/product_tag?post=213453"}],"curies":[{"name":"wp","href":"https:\/\/api.w.org\/{rel}","templated":true}]}}