{"id":213465,"date":"2024-08-07T01:04:04","date_gmt":"2024-08-07T08:04:04","guid":{"rendered":"https:\/\/glandine.com\/product\/dolce-gabbana-eleganter-weiss-gestreifter-einreihiger-blazer\/"},"modified":"2024-11-30T05:18:25","modified_gmt":"2024-11-30T04:18:25","slug":"dolce-gabbana-eleganter-weiss-gestreifter-einreihiger-blazer","status":"publish","type":"product","link":"https:\/\/tpmadalina42.supserv.cozmoslabs.com\/fi\/tuote-2\/dolce-gabbana-eleganter-weiss-gestreifter-einreihiger-blazer\/","title":{"rendered":"Dolce &amp; Gabbana Eleganter wei\u00df gestreifter einreihiger Blazer"},"content":{"rendered":"<p>G\u00f6nnen Sie sich den Gipfel italienischer Handwerkskunst mit diesem umwerfenden 100% authentischen wei\u00dfen Blazer von Dolce &amp; Gabbana. Mit stilvollen schwarzen Streifen geschm\u00fcckt, ist diese einreihige Jacke eine perfekte Verschmelzung von klassischer Eleganz und zeitgen\u00f6ssischer Mode. Perfekt geschneidert, verf\u00fcgt er \u00fcber einen eleganten Zwei-Knopf-Verschluss, vielseitige Fronttaschen und raffinierte Innentaschen. Logodetails zeugen von der Herkunft der gesch\u00e4tzten Marke. Dieser Blazer ist nicht nur ein optischer Genuss, sondern verspricht dank des hochwertigen Baumwollmaterials und des weichen Viskosefutters auch einen unvergleichlichen Tragekomfort. In Italien gefertigt, spiegelt er die exquisite Essenz des Designethos von Dolce &amp; Gabbana wider.<\/p>\n<ul>\n<li>Materiaali: 100% puuvilla<\/li>\n<li>Innenfutter: 100% Viskose<\/li>\n<li>Farbe: Wei\u00df mit schwarzen Streifen<\/li>\n<li>Alkuper\u00e4maa: IT<\/li>\n<\/ul>","protected":false},"excerpt":{"rendered":"<p>G\u00f6nnen Sie sich den Gipfel italienischer Handwerkskunst mit diesem umwerfenden 100% authentischen wei\u00dfen Blazer von Dolce &amp; Gabbana. Mit stilvollen schwarzen Streifen geschm\u00fcckt, ist diese einreihige Jacke eine perfekte Verschmelzung von klassischer Eleganz und zeitgen\u00f6ssischer Mode. Perfekt geschneidert, verf\u00fcgt er \u00fcber einen eleganten Zwei-Knopf-Verschluss, vielseitige Fronttaschen und raffinierte Innentaschen. Logodetails zeugen von der Herkunft der [&hellip;]<\/p>","protected":false},"featured_media":213458,"template":"","meta":[],"product_brand":[1620],"product_cat":[1653,1633,1623],"product_tag":[],"class_list":{"0":"post-213465","1":"product","2":"type-product","3":"status-publish","4":"has-post-thumbnail","6":"product_brand-dolce-gabbana","7":"product_cat-blazers","8":"product_cat-maenner-kleidung","9":"product_cat-kleidung","11":"first","12":"instock","13":"sale","14":"taxable","15":"shipping-taxable","16":"purchasable","17":"product-type-variable"},"_links":{"self":[{"href":"https:\/\/tpmadalina42.supserv.cozmoslabs.com\/fi\/wp-json\/wp\/v2\/product\/213465","targetHints":{"allow":["GET"]}}],"collection":[{"href":"https:\/\/tpmadalina42.supserv.cozmoslabs.com\/fi\/wp-json\/wp\/v2\/product"}],"about":[{"href":"https:\/\/tpmadalina42.supserv.cozmoslabs.com\/fi\/wp-json\/wp\/v2\/types\/product"}],"wp:featuredmedia":[{"embeddable":true,"href":"https:\/\/tpmadalina42.supserv.cozmoslabs.com\/fi\/wp-json\/wp\/v2\/media\/213458"}],"wp:attachment":[{"href":"https:\/\/tpmadalina42.supserv.cozmoslabs.com\/fi\/wp-json\/wp\/v2\/media?parent=213465"}],"wp:term":[{"taxonomy":"product_brand","embeddable":true,"href":"https:\/\/tpmadalina42.supserv.cozmoslabs.com\/fi\/wp-json\/wp\/v2\/product_brand?post=213465"},{"taxonomy":"product_cat","embeddable":true,"href":"https:\/\/tpmadalina42.supserv.cozmoslabs.com\/fi\/wp-json\/wp\/v2\/product_cat?post=213465"},{"taxonomy":"product_tag","embeddable":true,"href":"https:\/\/tpmadalina42.supserv.cozmoslabs.com\/fi\/wp-json\/wp\/v2\/product_tag?post=213465"}],"curies":[{"name":"wp","href":"https:\/\/api.w.org\/{rel}","templated":true}]}}