{"id":213810,"date":"2024-08-07T01:32:30","date_gmt":"2024-08-07T08:32:30","guid":{"rendered":"https:\/\/glandine.com\/product\/dolce-gabbana-atemberaubende-tattered-denim-italian-jeans\/"},"modified":"2024-11-30T05:24:29","modified_gmt":"2024-11-30T04:24:29","slug":"dolce-gabbana-atemberaubende-tattered-denim-italian-jeans","status":"publish","type":"product","link":"https:\/\/tpmadalina42.supserv.cozmoslabs.com\/fi\/tuote-2\/dolce-gabbana-atemberaubende-tattered-denim-italian-jeans\/","title":{"rendered":"Dolce &amp; Gabbana Atemberaubende Tattered Denim Italian Jeans"},"content":{"rendered":"<p>Entdecken Sie den Inbegriff italienischer Handwerkskunst mit diesen atemberaubenden zerschlissenen Jeans aus der prestigetr\u00e4chtigen MainLine Kollektion. Diese 100% authentischen Dolce &amp; Gabbana Jeans sind Ihre perfekte Wahl f\u00fcr eine tadellose Mischung aus Komfort und Stil. Fachm\u00e4nnisch in Italien hergestellt, unterstreicht sie Ihre Individualit\u00e4t und garantiert eine schmeichelhafte Passform.<\/p>\n<ul>\n<li>V\u00e4ri: Sininen<\/li>\n<li>Materiaali: 100% puuvilla<\/li>\n<li>Alkuper\u00e4maa: IT<\/li>\n<li>Logon yksityiskohdat<\/li>\n<\/ul>","protected":false},"excerpt":{"rendered":"<p>Entdecken Sie den Inbegriff italienischer Handwerkskunst mit diesen atemberaubenden zerschlissenen Jeans aus der prestigetr\u00e4chtigen MainLine Kollektion. Diese 100% authentischen Dolce &amp; Gabbana Jeans sind Ihre perfekte Wahl f\u00fcr eine tadellose Mischung aus Komfort und Stil. Fachm\u00e4nnisch in Italien hergestellt, unterstreicht sie Ihre Individualit\u00e4t und garantiert eine schmeichelhafte Passform. Farbe: Blau Material: 100% Baumwolle Herkunftsland: IT [&hellip;]<\/p>","protected":false},"featured_media":213802,"template":"","meta":[],"product_brand":[1620],"product_cat":[1633,1671,1623],"product_tag":[],"class_list":{"0":"post-213810","1":"product","2":"type-product","3":"status-publish","4":"has-post-thumbnail","6":"product_brand-dolce-gabbana","7":"product_cat-maenner-kleidung","8":"product_cat-jeans-hosen","9":"product_cat-kleidung","11":"first","12":"instock","13":"sale","14":"taxable","15":"shipping-taxable","16":"purchasable","17":"product-type-variable"},"_links":{"self":[{"href":"https:\/\/tpmadalina42.supserv.cozmoslabs.com\/fi\/wp-json\/wp\/v2\/product\/213810","targetHints":{"allow":["GET"]}}],"collection":[{"href":"https:\/\/tpmadalina42.supserv.cozmoslabs.com\/fi\/wp-json\/wp\/v2\/product"}],"about":[{"href":"https:\/\/tpmadalina42.supserv.cozmoslabs.com\/fi\/wp-json\/wp\/v2\/types\/product"}],"wp:featuredmedia":[{"embeddable":true,"href":"https:\/\/tpmadalina42.supserv.cozmoslabs.com\/fi\/wp-json\/wp\/v2\/media\/213802"}],"wp:attachment":[{"href":"https:\/\/tpmadalina42.supserv.cozmoslabs.com\/fi\/wp-json\/wp\/v2\/media?parent=213810"}],"wp:term":[{"taxonomy":"product_brand","embeddable":true,"href":"https:\/\/tpmadalina42.supserv.cozmoslabs.com\/fi\/wp-json\/wp\/v2\/product_brand?post=213810"},{"taxonomy":"product_cat","embeddable":true,"href":"https:\/\/tpmadalina42.supserv.cozmoslabs.com\/fi\/wp-json\/wp\/v2\/product_cat?post=213810"},{"taxonomy":"product_tag","embeddable":true,"href":"https:\/\/tpmadalina42.supserv.cozmoslabs.com\/fi\/wp-json\/wp\/v2\/product_tag?post=213810"}],"curies":[{"name":"wp","href":"https:\/\/api.w.org\/{rel}","templated":true}]}}