{"id":213925,"date":"2024-08-07T01:39:30","date_gmt":"2024-08-07T08:39:30","guid":{"rendered":"https:\/\/glandine.com\/product\/dolce-gabbana-eleganter-silver-slim-fit-anzug-dreiteilig\/"},"modified":"2024-12-02T20:43:10","modified_gmt":"2024-12-02T19:43:10","slug":"dolce-gabbana-eleganter-silver-slim-fit-anzug-dreiteilig","status":"publish","type":"product","link":"https:\/\/tpmadalina42.supserv.cozmoslabs.com\/fi\/tuote-2\/dolce-gabbana-eleganter-silver-slim-fit-anzug-dreiteilig\/","title":{"rendered":"Dolce &amp; Gabbana Eleganter Silver Slim Fit Anzug dreiteilig"},"content":{"rendered":"<p>Treten Sie ein in die Welt der High Fashion mit diesem atemberaubenden dreiteiligen Anzug <strong>Kirjailija: Dolce &amp; Gabbana<\/strong>, brandneu mit Etiketten. Dieses schmal geschnittene Ensemble gl\u00e4nzt in einem schimmernden Silberton und ist perfekt, um bei jedem gehobenen Event oder Gesch\u00e4ftstreffen ein unvergessliches Statement abzugeben.<\/p>\n<ul>\n<li>Farbe: Silber uni<\/li>\n<li>Stil: Einreihiger 3-teiliger Anzug<\/li>\n<li>Verschluss: Zwei-Knopf-Verschluss<\/li>\n<li>Passform: Schlanke Passform<\/li>\n<li>Sis\u00e4ll\u00e4 taskut<\/li>\n<li>R\u00fcckenschlitz<\/li>\n<li>Hosenrei\u00dfverschluss<\/li>\n<li>Alkuper\u00e4maa: IT<\/li>\n<li>Material: 82% Wolle, 18% Seide<\/li>\n<li>Futter: 85% Seide, 15% Viskose<\/li>\n<\/ul>\n<p>Dieser exquisite, in Italien gefertigte Anzug zeigt das Engagement der Marke f\u00fcr Luxus und Liebe zum Detail und sorgt daf\u00fcr, dass Sie scharf und tadellos aussehen. Erh\u00f6hen Sie Ihre Garderobe mit diesem unverzichtbaren St\u00fcck hoher Handwerkskunst.<\/p>","protected":false},"excerpt":{"rendered":"<p>Treten Sie ein in die Welt der High Fashion mit diesem atemberaubenden dreiteiligen Anzug von Dolce &amp; Gabbana, brandneu mit Etiketten. Dieses schmal geschnittene Ensemble gl\u00e4nzt in einem schimmernden Silberton und ist perfekt, um bei jedem gehobenen Event oder Gesch\u00e4ftstreffen ein unvergessliches Statement abzugeben. Farbe: Silber uni Stil: Einreihiger 3-teiliger Anzug Verschluss: Zwei-Knopf-Verschluss Passform: Schlanke [&hellip;]<\/p>","protected":false},"featured_media":213917,"template":"","meta":[],"product_brand":[1620],"product_cat":[1705,1633,1623],"product_tag":[],"class_list":{"0":"post-213925","1":"product","2":"type-product","3":"status-publish","4":"has-post-thumbnail","6":"product_brand-dolce-gabbana","7":"product_cat-anzuege","8":"product_cat-maenner-kleidung","9":"product_cat-kleidung","11":"first","12":"instock","13":"sale","14":"taxable","15":"shipping-taxable","16":"purchasable","17":"product-type-variable"},"_links":{"self":[{"href":"https:\/\/tpmadalina42.supserv.cozmoslabs.com\/fi\/wp-json\/wp\/v2\/product\/213925","targetHints":{"allow":["GET"]}}],"collection":[{"href":"https:\/\/tpmadalina42.supserv.cozmoslabs.com\/fi\/wp-json\/wp\/v2\/product"}],"about":[{"href":"https:\/\/tpmadalina42.supserv.cozmoslabs.com\/fi\/wp-json\/wp\/v2\/types\/product"}],"wp:featuredmedia":[{"embeddable":true,"href":"https:\/\/tpmadalina42.supserv.cozmoslabs.com\/fi\/wp-json\/wp\/v2\/media\/213917"}],"wp:attachment":[{"href":"https:\/\/tpmadalina42.supserv.cozmoslabs.com\/fi\/wp-json\/wp\/v2\/media?parent=213925"}],"wp:term":[{"taxonomy":"product_brand","embeddable":true,"href":"https:\/\/tpmadalina42.supserv.cozmoslabs.com\/fi\/wp-json\/wp\/v2\/product_brand?post=213925"},{"taxonomy":"product_cat","embeddable":true,"href":"https:\/\/tpmadalina42.supserv.cozmoslabs.com\/fi\/wp-json\/wp\/v2\/product_cat?post=213925"},{"taxonomy":"product_tag","embeddable":true,"href":"https:\/\/tpmadalina42.supserv.cozmoslabs.com\/fi\/wp-json\/wp\/v2\/product_tag?post=213925"}],"curies":[{"name":"wp","href":"https:\/\/api.w.org\/{rel}","templated":true}]}}