{"id":213976,"date":"2024-08-07T01:50:03","date_gmt":"2024-08-07T08:50:03","guid":{"rendered":"https:\/\/glandine.com\/product\/paolo-pecora-milano-schlankes-schwarzes-aermelloses-tank-mit-v-ausschnitt\/"},"modified":"2024-11-30T05:29:42","modified_gmt":"2024-11-30T04:29:42","slug":"paolo-pecora-milano-schlankes-schwarzes-aermelloses-tank-mit-v-ausschnitt","status":"publish","type":"product","link":"https:\/\/tpmadalina42.supserv.cozmoslabs.com\/fi\/tuote-2\/paolo-pecora-milano-schlankes-schwarzes-aermelloses-tank-mit-v-ausschnitt\/","title":{"rendered":"Paolo Pecora Milano Schlankes schwarzes \u00e4rmelloses Tank mit V-Ausschnitt"},"content":{"rendered":"<p>Verstr\u00f6men Sie m\u00fchelosen Stil mit diesem eleganten, schwarzen \u00e4rmellosen Tank-Top mit V-Ausschnitt von Paolo Pecora Milano. Gefertigt aus 100 % hochwertiger Baumwolle ist dieses Oberteil nicht nur ein Beweis f\u00fcr Komfort, sondern auch f\u00fcr die Raffinesse italienischer Handwerkskunst. Das Designer-Logo macht es zu einem unverzichtbaren Bestandteil Ihrer eleganten Garderobe und verleiht ihm einen klassischen Charme.<\/p>\n<ul>\n<li>Materiaali: 100% puuvilla<\/li>\n<li>V\u00e4ri: Musta<\/li>\n<li>Alkuper\u00e4maa: IT<\/li>\n<\/ul>","protected":false},"excerpt":{"rendered":"<p>Verstr\u00f6men Sie m\u00fchelosen Stil mit diesem eleganten, schwarzen \u00e4rmellosen Tank-Top mit V-Ausschnitt von Paolo Pecora Milano. Gefertigt aus 100 % hochwertiger Baumwolle ist dieses Oberteil nicht nur ein Beweis f\u00fcr Komfort, sondern auch f\u00fcr die Raffinesse italienischer Handwerkskunst. Das Designer-Logo macht es zu einem unverzichtbaren Bestandteil Ihrer eleganten Garderobe und verleiht ihm einen klassischen Charme. [&hellip;]<\/p>","protected":false},"featured_media":213970,"template":"","meta":[],"product_brand":[2499],"product_cat":[1633,1623,1710],"product_tag":[],"class_list":{"0":"post-213976","1":"product","2":"type-product","3":"status-publish","4":"has-post-thumbnail","6":"product_brand-paolo-pecora-milano","7":"product_cat-maenner-kleidung","8":"product_cat-kleidung","9":"product_cat-t-shirts","11":"first","12":"instock","13":"sale","14":"taxable","15":"shipping-taxable","16":"purchasable","17":"product-type-variable"},"_links":{"self":[{"href":"https:\/\/tpmadalina42.supserv.cozmoslabs.com\/fi\/wp-json\/wp\/v2\/product\/213976","targetHints":{"allow":["GET"]}}],"collection":[{"href":"https:\/\/tpmadalina42.supserv.cozmoslabs.com\/fi\/wp-json\/wp\/v2\/product"}],"about":[{"href":"https:\/\/tpmadalina42.supserv.cozmoslabs.com\/fi\/wp-json\/wp\/v2\/types\/product"}],"wp:featuredmedia":[{"embeddable":true,"href":"https:\/\/tpmadalina42.supserv.cozmoslabs.com\/fi\/wp-json\/wp\/v2\/media\/213970"}],"wp:attachment":[{"href":"https:\/\/tpmadalina42.supserv.cozmoslabs.com\/fi\/wp-json\/wp\/v2\/media?parent=213976"}],"wp:term":[{"taxonomy":"product_brand","embeddable":true,"href":"https:\/\/tpmadalina42.supserv.cozmoslabs.com\/fi\/wp-json\/wp\/v2\/product_brand?post=213976"},{"taxonomy":"product_cat","embeddable":true,"href":"https:\/\/tpmadalina42.supserv.cozmoslabs.com\/fi\/wp-json\/wp\/v2\/product_cat?post=213976"},{"taxonomy":"product_tag","embeddable":true,"href":"https:\/\/tpmadalina42.supserv.cozmoslabs.com\/fi\/wp-json\/wp\/v2\/product_tag?post=213976"}],"curies":[{"name":"wp","href":"https:\/\/api.w.org\/{rel}","templated":true}]}}