{"id":214123,"date":"2024-08-07T02:25:28","date_gmt":"2024-08-07T09:25:28","guid":{"rendered":"https:\/\/glandine.com\/product\/dolce-gabbana-eleganter-roter-lederguertel-mit-goldfarbener-schnalle\/"},"modified":"2024-11-30T05:44:45","modified_gmt":"2024-11-30T04:44:45","slug":"dolce-gabbana-eleganter-roter-lederguertel-mit-goldfarbener-schnalle","status":"publish","type":"product","link":"https:\/\/tpmadalina42.supserv.cozmoslabs.com\/fi\/tuote-2\/dolce-gabbana-eleganter-roter-lederguertel-mit-goldfarbener-schnalle\/","title":{"rendered":"Dolce &amp; Gabbana Eleganter roter Lederg\u00fcrtel mit goldfarbener Schnalle"},"content":{"rendered":"<p>G\u00f6nnen Sie sich den Inbegriff von Luxus mit diesem umwerfenden, brandneuen, 100% authentischen Dolce &amp; Gabbana G\u00fcrtel. Dieses Premium-Accessoire, komplett mit Etikett und Originalverpackung, verf\u00fcgt \u00fcber eine spektakul\u00e4re goldene Schnalle mit Logogravur, die sich von dem leuchtend roten Leder abhebt. Er wurde mit viel Liebe zum Detail gefertigt und ist das perfekte Accessoire, um Ihr Outfit mit einem Hauch von Eleganz zu vervollst\u00e4ndigen.<\/p>\n<ul>\n<li>Materiaali: nahka<\/li>\n<li>V\u00e4ri: punainen<\/li>\n<li>Sukupuoli: naiset<\/li>\n<li>Logon yksityiskohdat<\/li>\n<li>Valmistettu Italiassa<\/li>\n<li>Leveys: 3 cm<\/li>\n<\/ul>","protected":false},"excerpt":{"rendered":"<p>G\u00f6nnen Sie sich den Inbegriff von Luxus mit diesem umwerfenden, brandneuen, 100% authentischen Dolce &amp; Gabbana G\u00fcrtel. Dieses Premium-Accessoire, komplett mit Etikett und Originalverpackung, verf\u00fcgt \u00fcber eine spektakul\u00e4re goldene Schnalle mit Logogravur, die sich von dem leuchtend roten Leder abhebt. Er wurde mit viel Liebe zum Detail gefertigt und ist das perfekte Accessoire, um Ihr [&hellip;]<\/p>","protected":false},"featured_media":214118,"template":"","meta":[],"product_brand":[1620],"product_cat":[1621,1632,1652],"product_tag":[],"class_list":{"0":"post-214123","1":"product","2":"type-product","3":"status-publish","4":"has-post-thumbnail","6":"product_brand-dolce-gabbana","7":"product_cat-accessoire","8":"product_cat-frauen-zubehoer","9":"product_cat-guertel-frauen-zubehoer","11":"first","12":"instock","13":"sale","14":"taxable","15":"shipping-taxable","16":"purchasable","17":"product-type-variable"},"_links":{"self":[{"href":"https:\/\/tpmadalina42.supserv.cozmoslabs.com\/fi\/wp-json\/wp\/v2\/product\/214123","targetHints":{"allow":["GET"]}}],"collection":[{"href":"https:\/\/tpmadalina42.supserv.cozmoslabs.com\/fi\/wp-json\/wp\/v2\/product"}],"about":[{"href":"https:\/\/tpmadalina42.supserv.cozmoslabs.com\/fi\/wp-json\/wp\/v2\/types\/product"}],"wp:featuredmedia":[{"embeddable":true,"href":"https:\/\/tpmadalina42.supserv.cozmoslabs.com\/fi\/wp-json\/wp\/v2\/media\/214118"}],"wp:attachment":[{"href":"https:\/\/tpmadalina42.supserv.cozmoslabs.com\/fi\/wp-json\/wp\/v2\/media?parent=214123"}],"wp:term":[{"taxonomy":"product_brand","embeddable":true,"href":"https:\/\/tpmadalina42.supserv.cozmoslabs.com\/fi\/wp-json\/wp\/v2\/product_brand?post=214123"},{"taxonomy":"product_cat","embeddable":true,"href":"https:\/\/tpmadalina42.supserv.cozmoslabs.com\/fi\/wp-json\/wp\/v2\/product_cat?post=214123"},{"taxonomy":"product_tag","embeddable":true,"href":"https:\/\/tpmadalina42.supserv.cozmoslabs.com\/fi\/wp-json\/wp\/v2\/product_tag?post=214123"}],"curies":[{"name":"wp","href":"https:\/\/api.w.org\/{rel}","templated":true}]}}