{"id":214141,"date":"2024-08-07T02:26:29","date_gmt":"2024-08-07T09:26:29","guid":{"rendered":"https:\/\/glandine.com\/product\/dolce-gabbana-eleganter-schwarzer-lederguertel-mit-goldfarbener-schnalle\/"},"modified":"2024-11-30T05:44:56","modified_gmt":"2024-11-30T04:44:56","slug":"dolce-gabbana-eleganter-schwarzer-lederguertel-mit-goldfarbener-schnalle","status":"publish","type":"product","link":"https:\/\/tpmadalina42.supserv.cozmoslabs.com\/fi\/tuote-2\/dolce-gabbana-eleganter-schwarzer-lederguertel-mit-goldfarbener-schnalle\/","title":{"rendered":"Dolce &amp; Gabbana Eleganter schwarzer Lederg\u00fcrtel mit goldfarbener Schnalle"},"content":{"rendered":"<p>Erleben Sie Luxus mit diesem wundersch\u00f6nen, neuwertigen G\u00fcrtel aus dem gesch\u00e4tzten Hause Dolce &amp; Gabbana. Aus hochwertigem schwarzem Leder gefertigt und mit einer atemberaubenden goldfarbenen Schnalle mit Logogravur versehen, ist dieser G\u00fcrtel ein Statement-St\u00fcck, das jedem Ensemble italienische Eleganz verleiht. <\/p>\n<ul>\n<li>Merkki: Dolce &amp; Gabbana<\/li>\n<li>Materiaali: nahka<\/li>\n<li>V\u00e4ri: Musta<\/li>\n<li>Sukupuoli: naiset<\/li>\n<li>Logon yksityiskohdat<\/li>\n<li>Valmistettu Italiassa<\/li>\n<li>Breite: 3,5 cm<\/li>\n<\/ul>","protected":false},"excerpt":{"rendered":"<p>Erleben Sie Luxus mit diesem wundersch\u00f6nen, neuwertigen G\u00fcrtel aus dem gesch\u00e4tzten Hause Dolce &amp; Gabbana. Aus hochwertigem schwarzem Leder gefertigt und mit einer atemberaubenden goldfarbenen Schnalle mit Logogravur versehen, ist dieser G\u00fcrtel ein Statement-St\u00fcck, das jedem Ensemble italienische Eleganz verleiht. Marke: Dolce &amp; Gabbana Material: Leder Farbe: Schwarz Geschlecht: Frauen Logo-Details Hergestellt in Italien Breite: [&hellip;]<\/p>","protected":false},"featured_media":214136,"template":"","meta":[],"product_brand":[1620],"product_cat":[1621,1632,1652],"product_tag":[],"class_list":{"0":"post-214141","1":"product","2":"type-product","3":"status-publish","4":"has-post-thumbnail","6":"product_brand-dolce-gabbana","7":"product_cat-accessoire","8":"product_cat-frauen-zubehoer","9":"product_cat-guertel-frauen-zubehoer","11":"first","12":"instock","13":"sale","14":"taxable","15":"shipping-taxable","16":"purchasable","17":"product-type-variable"},"_links":{"self":[{"href":"https:\/\/tpmadalina42.supserv.cozmoslabs.com\/fi\/wp-json\/wp\/v2\/product\/214141","targetHints":{"allow":["GET"]}}],"collection":[{"href":"https:\/\/tpmadalina42.supserv.cozmoslabs.com\/fi\/wp-json\/wp\/v2\/product"}],"about":[{"href":"https:\/\/tpmadalina42.supserv.cozmoslabs.com\/fi\/wp-json\/wp\/v2\/types\/product"}],"wp:featuredmedia":[{"embeddable":true,"href":"https:\/\/tpmadalina42.supserv.cozmoslabs.com\/fi\/wp-json\/wp\/v2\/media\/214136"}],"wp:attachment":[{"href":"https:\/\/tpmadalina42.supserv.cozmoslabs.com\/fi\/wp-json\/wp\/v2\/media?parent=214141"}],"wp:term":[{"taxonomy":"product_brand","embeddable":true,"href":"https:\/\/tpmadalina42.supserv.cozmoslabs.com\/fi\/wp-json\/wp\/v2\/product_brand?post=214141"},{"taxonomy":"product_cat","embeddable":true,"href":"https:\/\/tpmadalina42.supserv.cozmoslabs.com\/fi\/wp-json\/wp\/v2\/product_cat?post=214141"},{"taxonomy":"product_tag","embeddable":true,"href":"https:\/\/tpmadalina42.supserv.cozmoslabs.com\/fi\/wp-json\/wp\/v2\/product_tag?post=214141"}],"curies":[{"name":"wp","href":"https:\/\/api.w.org\/{rel}","templated":true}]}}