{"id":214420,"date":"2024-08-07T02:45:20","date_gmt":"2024-08-07T09:45:20","guid":{"rendered":"https:\/\/glandine.com\/product\/dolce-gabbana-eleganter-bronze-lederguertel-mit-logoschnalle\/"},"modified":"2024-11-30T05:50:10","modified_gmt":"2024-11-30T04:50:10","slug":"dolce-gabbana-eleganter-bronze-lederguertel-mit-logoschnalle","status":"publish","type":"product","link":"https:\/\/tpmadalina42.supserv.cozmoslabs.com\/fi\/tuote-2\/dolce-gabbana-eleganter-bronze-lederguertel-mit-logoschnalle\/","title":{"rendered":"Dolce &amp; Gabbana Eleganter Bronze-Lederg\u00fcrtel mit Logoschnalle"},"content":{"rendered":"<p>G\u00f6nnen Sie sich den Inbegriff italienischer Handwerkskunst mit diesem atemberaubenden G\u00fcrtel von <strong>Dolce &amp; Gabbana<\/strong>. Dieser wundersch\u00f6ne G\u00fcrtel, der Funktionalit\u00e4t und High Fashion perfekt miteinander verbindet, ist einzigartig gestaltet und unterstreicht jedes Outfit. Er ist mit einer Metallschnalle mit Logogravur verziert und steht f\u00fcr die Liebe zum Detail und die Qualit\u00e4t der Marke. Dieses exquisite St\u00fcck ist mehr als nur ein G\u00fcrtel; es ist ein Statement von Eleganz und Stil.<\/p>\n<ul>\n<li>Materiaali: nahka<\/li>\n<li>V\u00e4ri: Pronssi<\/li>\n<li>Sukupuoli: naiset<\/li>\n<li>Logon yksityiskohdat<\/li>\n<li>Valmistettu Italiassa<\/li>\n<li>Leveys: 3 cm<\/li>\n<\/ul>","protected":false},"excerpt":{"rendered":"<p>G\u00f6nnen Sie sich den Inbegriff italienischer Handwerkskunst mit diesem atemberaubenden G\u00fcrtel von Dolce &amp; Gabbana. Dieser wundersch\u00f6ne G\u00fcrtel, der Funktionalit\u00e4t und High Fashion perfekt miteinander verbindet, ist einzigartig gestaltet und unterstreicht jedes Outfit. Er ist mit einer Metallschnalle mit Logogravur verziert und steht f\u00fcr die Liebe zum Detail und die Qualit\u00e4t der Marke. Dieses exquisite [&hellip;]<\/p>","protected":false},"featured_media":214415,"template":"","meta":[],"product_brand":[1620],"product_cat":[1621,1632,1652],"product_tag":[],"class_list":{"0":"post-214420","1":"product","2":"type-product","3":"status-publish","4":"has-post-thumbnail","6":"product_brand-dolce-gabbana","7":"product_cat-accessoire","8":"product_cat-frauen-zubehoer","9":"product_cat-guertel-frauen-zubehoer","11":"first","12":"instock","13":"sale","14":"taxable","15":"shipping-taxable","16":"purchasable","17":"product-type-variable"},"_links":{"self":[{"href":"https:\/\/tpmadalina42.supserv.cozmoslabs.com\/fi\/wp-json\/wp\/v2\/product\/214420","targetHints":{"allow":["GET"]}}],"collection":[{"href":"https:\/\/tpmadalina42.supserv.cozmoslabs.com\/fi\/wp-json\/wp\/v2\/product"}],"about":[{"href":"https:\/\/tpmadalina42.supserv.cozmoslabs.com\/fi\/wp-json\/wp\/v2\/types\/product"}],"wp:featuredmedia":[{"embeddable":true,"href":"https:\/\/tpmadalina42.supserv.cozmoslabs.com\/fi\/wp-json\/wp\/v2\/media\/214415"}],"wp:attachment":[{"href":"https:\/\/tpmadalina42.supserv.cozmoslabs.com\/fi\/wp-json\/wp\/v2\/media?parent=214420"}],"wp:term":[{"taxonomy":"product_brand","embeddable":true,"href":"https:\/\/tpmadalina42.supserv.cozmoslabs.com\/fi\/wp-json\/wp\/v2\/product_brand?post=214420"},{"taxonomy":"product_cat","embeddable":true,"href":"https:\/\/tpmadalina42.supserv.cozmoslabs.com\/fi\/wp-json\/wp\/v2\/product_cat?post=214420"},{"taxonomy":"product_tag","embeddable":true,"href":"https:\/\/tpmadalina42.supserv.cozmoslabs.com\/fi\/wp-json\/wp\/v2\/product_tag?post=214420"}],"curies":[{"name":"wp","href":"https:\/\/api.w.org\/{rel}","templated":true}]}}