{"id":214429,"date":"2024-08-07T02:45:54","date_gmt":"2024-08-07T09:45:54","guid":{"rendered":"https:\/\/glandine.com\/product\/dolce-gabbana-eleganter-lederguertel-mit-eingravierter-schnalle-5\/"},"modified":"2024-11-30T05:50:20","modified_gmt":"2024-11-30T04:50:20","slug":"dolce-gabbana-eleganter-lederguertel-mit-eingravierter-schnalle-5","status":"publish","type":"product","link":"https:\/\/tpmadalina42.supserv.cozmoslabs.com\/fi\/tuote-2\/dolce-gabbana-eleganter-lederguertel-mit-eingravierter-schnalle-5\/","title":{"rendered":"Dolce &amp; Gabbana Eleganter Lederg\u00fcrtel mit eingravierter Schnalle"},"content":{"rendered":"<p>Entdecken Sie den Inbegriff italienischer Handwerkskunst mit diesem umwerfenden, brandneuen, 100% authentischen Dolce &amp; Gabbana Lederg\u00fcrtel. Akzentuieren Sie Ihre Silhouette mit dem luxuri\u00f6sen Touch von hochwertigem Leder und einer auff\u00e4lligen Metallschnalle mit Logogravur. Dieses raffinierte Accessoire ist eine perfekte Mischung aus Stil und Raffinesse und wertet jedes Outfit auf. Setzen Sie ein Statement mit diesem exquisiten St\u00fcck von Dolce &amp; Gabbana, das in Ihrer Garderobe nicht fehlen darf.<\/p>\n<ul>\n<li>Materiaali: nahka<\/li>\n<li>V\u00e4ri: Harmaa<\/li>\n<li>Sukupuoli: naiset<\/li>\n<li>Logon yksityiskohdat<\/li>\n<li>Valmistettu Italiassa<\/li>\n<li>Leveys: 3 cm<\/li>\n<\/ul>","protected":false},"excerpt":{"rendered":"<p>Entdecken Sie den Inbegriff italienischer Handwerkskunst mit diesem umwerfenden, brandneuen, 100% authentischen Dolce &amp; Gabbana Lederg\u00fcrtel. Akzentuieren Sie Ihre Silhouette mit dem luxuri\u00f6sen Touch von hochwertigem Leder und einer auff\u00e4lligen Metallschnalle mit Logogravur. Dieses raffinierte Accessoire ist eine perfekte Mischung aus Stil und Raffinesse und wertet jedes Outfit auf. Setzen Sie ein Statement mit diesem [&hellip;]<\/p>","protected":false},"featured_media":214423,"template":"","meta":[],"product_brand":[1620],"product_cat":[1621,1632,1652],"product_tag":[],"class_list":{"0":"post-214429","1":"product","2":"type-product","3":"status-publish","4":"has-post-thumbnail","6":"product_brand-dolce-gabbana","7":"product_cat-accessoire","8":"product_cat-frauen-zubehoer","9":"product_cat-guertel-frauen-zubehoer","11":"first","12":"instock","13":"sale","14":"taxable","15":"shipping-taxable","16":"purchasable","17":"product-type-variable"},"_links":{"self":[{"href":"https:\/\/tpmadalina42.supserv.cozmoslabs.com\/fi\/wp-json\/wp\/v2\/product\/214429","targetHints":{"allow":["GET"]}}],"collection":[{"href":"https:\/\/tpmadalina42.supserv.cozmoslabs.com\/fi\/wp-json\/wp\/v2\/product"}],"about":[{"href":"https:\/\/tpmadalina42.supserv.cozmoslabs.com\/fi\/wp-json\/wp\/v2\/types\/product"}],"wp:featuredmedia":[{"embeddable":true,"href":"https:\/\/tpmadalina42.supserv.cozmoslabs.com\/fi\/wp-json\/wp\/v2\/media\/214423"}],"wp:attachment":[{"href":"https:\/\/tpmadalina42.supserv.cozmoslabs.com\/fi\/wp-json\/wp\/v2\/media?parent=214429"}],"wp:term":[{"taxonomy":"product_brand","embeddable":true,"href":"https:\/\/tpmadalina42.supserv.cozmoslabs.com\/fi\/wp-json\/wp\/v2\/product_brand?post=214429"},{"taxonomy":"product_cat","embeddable":true,"href":"https:\/\/tpmadalina42.supserv.cozmoslabs.com\/fi\/wp-json\/wp\/v2\/product_cat?post=214429"},{"taxonomy":"product_tag","embeddable":true,"href":"https:\/\/tpmadalina42.supserv.cozmoslabs.com\/fi\/wp-json\/wp\/v2\/product_tag?post=214429"}],"curies":[{"name":"wp","href":"https:\/\/api.w.org\/{rel}","templated":true}]}}