{"id":214854,"date":"2024-08-07T03:11:52","date_gmt":"2024-08-07T10:11:52","guid":{"rendered":"https:\/\/glandine.com\/product\/bencivenga-elegante-gestreifte-anzugshosen-fuer-maenner\/"},"modified":"2024-11-30T05:57:19","modified_gmt":"2024-11-30T04:57:19","slug":"bencivenga-elegante-gestreifte-anzugshosen-fuer-maenner","status":"publish","type":"product","link":"https:\/\/tpmadalina42.supserv.cozmoslabs.com\/fi\/tuote-2\/bencivenga-elegante-gestreifte-anzugshosen-fuer-maenner\/","title":{"rendered":"BENCIVENGA Elegante gestreifte Anzugshosen f\u00fcr M\u00e4nner"},"content":{"rendered":"<p>Diese wundersch\u00f6ne, brandneue Hose mit Etikett, die direkt aus den eleganten Linien von BENCIVENGA COUTURE stammt, ist ein wahres Symbol f\u00fcr Raffinesse und Stil. Mit viel Liebe zum Detail gefertigt, zeigt diese Hose ein klassisches braunes Streifenmuster, das zeitlose Eleganz ausstrahlt und perfekt ist, um die Garderobe eines jeden Gentleman aufzuwerten. Fachm\u00e4nnisch geschneidert und entworfen, um ein Grundnahrungsmittel f\u00fcr formelle und l\u00e4ssige Anl\u00e4sse zu sein, verk\u00f6rpert sie italienische Mode vom Feinsten.<\/p>\n<ul>\n<li>V\u00e4ri: Ruskea<\/li>\n<li>Alkuper\u00e4maa: Italia<\/li>\n<li>Logon yksityiskohdat<\/li>\n<\/ul>","protected":false},"excerpt":{"rendered":"<p>Diese wundersch\u00f6ne, brandneue Hose mit Etikett, die direkt aus den eleganten Linien von BENCIVENGA COUTURE stammt, ist ein wahres Symbol f\u00fcr Raffinesse und Stil. Mit viel Liebe zum Detail gefertigt, zeigt diese Hose ein klassisches braunes Streifenmuster, das zeitlose Eleganz ausstrahlt und perfekt ist, um die Garderobe eines jeden Gentleman aufzuwerten. Fachm\u00e4nnisch geschneidert und entworfen, [&hellip;]<\/p>","protected":false},"featured_media":214849,"template":"","meta":[],"product_brand":[2017],"product_cat":[1633,1671,1623],"product_tag":[],"class_list":{"0":"post-214854","1":"product","2":"type-product","3":"status-publish","4":"has-post-thumbnail","6":"product_brand-bencivenga","7":"product_cat-maenner-kleidung","8":"product_cat-jeans-hosen","9":"product_cat-kleidung","11":"first","12":"instock","13":"sale","14":"taxable","15":"shipping-taxable","16":"purchasable","17":"product-type-variable"},"_links":{"self":[{"href":"https:\/\/tpmadalina42.supserv.cozmoslabs.com\/fi\/wp-json\/wp\/v2\/product\/214854","targetHints":{"allow":["GET"]}}],"collection":[{"href":"https:\/\/tpmadalina42.supserv.cozmoslabs.com\/fi\/wp-json\/wp\/v2\/product"}],"about":[{"href":"https:\/\/tpmadalina42.supserv.cozmoslabs.com\/fi\/wp-json\/wp\/v2\/types\/product"}],"wp:featuredmedia":[{"embeddable":true,"href":"https:\/\/tpmadalina42.supserv.cozmoslabs.com\/fi\/wp-json\/wp\/v2\/media\/214849"}],"wp:attachment":[{"href":"https:\/\/tpmadalina42.supserv.cozmoslabs.com\/fi\/wp-json\/wp\/v2\/media?parent=214854"}],"wp:term":[{"taxonomy":"product_brand","embeddable":true,"href":"https:\/\/tpmadalina42.supserv.cozmoslabs.com\/fi\/wp-json\/wp\/v2\/product_brand?post=214854"},{"taxonomy":"product_cat","embeddable":true,"href":"https:\/\/tpmadalina42.supserv.cozmoslabs.com\/fi\/wp-json\/wp\/v2\/product_cat?post=214854"},{"taxonomy":"product_tag","embeddable":true,"href":"https:\/\/tpmadalina42.supserv.cozmoslabs.com\/fi\/wp-json\/wp\/v2\/product_tag?post=214854"}],"curies":[{"name":"wp","href":"https:\/\/api.w.org\/{rel}","templated":true}]}}