{"id":215024,"date":"2024-08-07T03:20:42","date_gmt":"2024-08-07T10:20:42","guid":{"rendered":"https:\/\/glandine.com\/product\/dolce-gabbana-eleganter-schwarzer-martini-blazer-aus-wolle\/"},"modified":"2024-11-30T06:01:05","modified_gmt":"2024-11-30T05:01:05","slug":"dolce-gabbana-eleganter-schwarzer-martini-blazer-aus-wolle","status":"publish","type":"product","link":"https:\/\/tpmadalina42.supserv.cozmoslabs.com\/fi\/tuote-2\/dolce-gabbana-eleganter-schwarzer-martini-blazer-aus-wolle\/","title":{"rendered":"Dolce &amp; Gabbana Eleganter schwarzer Martini-Blazer aus Wolle"},"content":{"rendered":"<p>Treten Sie ein in die klassische Raffinesse mit unserer atemberaubenden, neu mit Tags, 100% Authentic Dolce &amp; Gabbana Black Martini Blazer. Dieser einreihige Blazer ist perfekt auf den modebewussten Gentleman zugeschnitten und ist ein wahres Symbol f\u00fcr hochwertige Handwerkskunst. Mit seiner Konstruktion aus reiner Schurwolle, dem exquisiten Futter und den raffinierten Logodetails bietet er luxuri\u00f6se Sensibilit\u00e4t. Perfekt f\u00fcr einen eleganten Look, hergestellt mit Stolz in Italien.<\/p>\n<ul>\n<li>Materiaali: 100% neitsytvilla<\/li>\n<li>Innenfutter: 100% Viskose<\/li>\n<li>V\u00e4ri: Musta<\/li>\n<li>Alkuper\u00e4maa: IT<\/li>\n<li>Zwei Knopfverschl\u00fcsse vorne<\/li>\n<li>Zwei Vordertaschen<\/li>\n<\/ul>","protected":false},"excerpt":{"rendered":"<p>Treten Sie ein in die klassische Raffinesse mit unserer atemberaubenden, neu mit Tags, 100% Authentic Dolce &amp; Gabbana Black Martini Blazer. Dieser einreihige Blazer ist perfekt auf den modebewussten Gentleman zugeschnitten und ist ein wahres Symbol f\u00fcr hochwertige Handwerkskunst. Mit seiner Konstruktion aus reiner Schurwolle, dem exquisiten Futter und den raffinierten Logodetails bietet er luxuri\u00f6se [&hellip;]<\/p>","protected":false},"featured_media":215016,"template":"","meta":[],"product_brand":[1620],"product_cat":[1653,1633,1623],"product_tag":[],"class_list":{"0":"post-215024","1":"product","2":"type-product","3":"status-publish","4":"has-post-thumbnail","6":"product_brand-dolce-gabbana","7":"product_cat-blazers","8":"product_cat-maenner-kleidung","9":"product_cat-kleidung","11":"first","12":"instock","13":"sale","14":"taxable","15":"shipping-taxable","16":"purchasable","17":"product-type-variable"},"_links":{"self":[{"href":"https:\/\/tpmadalina42.supserv.cozmoslabs.com\/fi\/wp-json\/wp\/v2\/product\/215024","targetHints":{"allow":["GET"]}}],"collection":[{"href":"https:\/\/tpmadalina42.supserv.cozmoslabs.com\/fi\/wp-json\/wp\/v2\/product"}],"about":[{"href":"https:\/\/tpmadalina42.supserv.cozmoslabs.com\/fi\/wp-json\/wp\/v2\/types\/product"}],"wp:featuredmedia":[{"embeddable":true,"href":"https:\/\/tpmadalina42.supserv.cozmoslabs.com\/fi\/wp-json\/wp\/v2\/media\/215016"}],"wp:attachment":[{"href":"https:\/\/tpmadalina42.supserv.cozmoslabs.com\/fi\/wp-json\/wp\/v2\/media?parent=215024"}],"wp:term":[{"taxonomy":"product_brand","embeddable":true,"href":"https:\/\/tpmadalina42.supserv.cozmoslabs.com\/fi\/wp-json\/wp\/v2\/product_brand?post=215024"},{"taxonomy":"product_cat","embeddable":true,"href":"https:\/\/tpmadalina42.supserv.cozmoslabs.com\/fi\/wp-json\/wp\/v2\/product_cat?post=215024"},{"taxonomy":"product_tag","embeddable":true,"href":"https:\/\/tpmadalina42.supserv.cozmoslabs.com\/fi\/wp-json\/wp\/v2\/product_tag?post=215024"}],"curies":[{"name":"wp","href":"https:\/\/api.w.org\/{rel}","templated":true}]}}