{"id":215035,"date":"2024-08-07T03:21:36","date_gmt":"2024-08-07T10:21:36","guid":{"rendered":"https:\/\/glandine.com\/product\/dolce-gabbana-eleganter-gestreifter-morgenmantel-aus-seidenmischung\/"},"modified":"2024-11-30T06:01:11","modified_gmt":"2024-11-30T05:01:11","slug":"dolce-gabbana-eleganter-gestreifter-morgenmantel-aus-seidenmischung","status":"publish","type":"product","link":"https:\/\/tpmadalina42.supserv.cozmoslabs.com\/fi\/tuote-2\/dolce-gabbana-eleganter-gestreifter-morgenmantel-aus-seidenmischung\/","title":{"rendered":"Dolce &amp; Gabbana Eleganter gestreifter Morgenmantel aus Seidenmischung"},"content":{"rendered":"<p>Genie\u00dfen Sie den luxuri\u00f6sen Komfort dieses eleganten schwarz-blau gestreiften Bademantels von Dolce &amp; Gabbana. Aus einer hochwertigen Mischung aus Polyester und Seide gefertigt, eignet sich dieses raffinierte St\u00fcck perfekt zum stilvollen Faulenzen. Mit seinem G\u00fcrtelverschluss und zwei Fronttaschen verbindet er Mode mit Funktionalit\u00e4t. Diese lange Robe ist mit den ikonischen Logodetails verziert und zeugt von Dolce &amp; Gabbanas Engagement f\u00fcr Exzellenz, die mit Liebe in Italien hergestellt wird.<\/p>\n<ul>\n<li>V\u00e4ri: musta ja sininen<\/li>\n<li>Material: 90% Polyester 10% Seide<\/li>\n<li>Sis\u00e4vuori: 100% silkki<\/li>\n<li>Alkuper\u00e4maa: IT<\/li>\n<\/ul>","protected":false},"excerpt":{"rendered":"<p>Genie\u00dfen Sie den luxuri\u00f6sen Komfort dieses eleganten schwarz-blau gestreiften Bademantels von Dolce &amp; Gabbana. Aus einer hochwertigen Mischung aus Polyester und Seide gefertigt, eignet sich dieses raffinierte St\u00fcck perfekt zum stilvollen Faulenzen. Mit seinem G\u00fcrtelverschluss und zwei Fronttaschen verbindet er Mode mit Funktionalit\u00e4t. Diese lange Robe ist mit den ikonischen Logodetails verziert und zeugt von [&hellip;]<\/p>","protected":false},"featured_media":215027,"template":"","meta":[],"product_brand":[1620],"product_cat":[1653,1633,1623],"product_tag":[],"class_list":{"0":"post-215035","1":"product","2":"type-product","3":"status-publish","4":"has-post-thumbnail","6":"product_brand-dolce-gabbana","7":"product_cat-blazers","8":"product_cat-maenner-kleidung","9":"product_cat-kleidung","11":"first","12":"instock","13":"sale","14":"taxable","15":"shipping-taxable","16":"purchasable","17":"product-type-variable"},"_links":{"self":[{"href":"https:\/\/tpmadalina42.supserv.cozmoslabs.com\/fi\/wp-json\/wp\/v2\/product\/215035","targetHints":{"allow":["GET"]}}],"collection":[{"href":"https:\/\/tpmadalina42.supserv.cozmoslabs.com\/fi\/wp-json\/wp\/v2\/product"}],"about":[{"href":"https:\/\/tpmadalina42.supserv.cozmoslabs.com\/fi\/wp-json\/wp\/v2\/types\/product"}],"wp:featuredmedia":[{"embeddable":true,"href":"https:\/\/tpmadalina42.supserv.cozmoslabs.com\/fi\/wp-json\/wp\/v2\/media\/215027"}],"wp:attachment":[{"href":"https:\/\/tpmadalina42.supserv.cozmoslabs.com\/fi\/wp-json\/wp\/v2\/media?parent=215035"}],"wp:term":[{"taxonomy":"product_brand","embeddable":true,"href":"https:\/\/tpmadalina42.supserv.cozmoslabs.com\/fi\/wp-json\/wp\/v2\/product_brand?post=215035"},{"taxonomy":"product_cat","embeddable":true,"href":"https:\/\/tpmadalina42.supserv.cozmoslabs.com\/fi\/wp-json\/wp\/v2\/product_cat?post=215035"},{"taxonomy":"product_tag","embeddable":true,"href":"https:\/\/tpmadalina42.supserv.cozmoslabs.com\/fi\/wp-json\/wp\/v2\/product_tag?post=215035"}],"curies":[{"name":"wp","href":"https:\/\/api.w.org\/{rel}","templated":true}]}}