{"id":215157,"date":"2024-08-07T03:29:07","date_gmt":"2024-08-07T10:29:07","guid":{"rendered":"https:\/\/glandine.com\/product\/dolce-gabbana-schwarzer-martini-slim-fit-designer-anzug\/"},"modified":"2024-11-30T06:02:32","modified_gmt":"2024-11-30T05:02:32","slug":"dolce-gabbana-schwarzer-martini-slim-fit-designer-anzug","status":"publish","type":"product","link":"https:\/\/tpmadalina42.supserv.cozmoslabs.com\/fi\/tuote-2\/dolce-gabbana-schwarzer-martini-slim-fit-designer-anzug\/","title":{"rendered":"Dolce &amp; Gabbana Schwarzer Martini Slim Fit Designer Anzug"},"content":{"rendered":"<p>Tauchen Sie ein in den Inbegriff von Eleganz mit unserem zweiteiligen Dolce &amp; Gabbana MARTINI Anzug. Dieses schlank geschnittene Ensemble sorgt f\u00fcr einen polierten und eleganten Auftritt bei jeder hochkar\u00e4tigen Veranstaltung. Die Anzugsjacke verf\u00fcgt \u00fcber ein elegantes Revers mit Kerbe, eine raffinierte Knopfmanschette und eine Reihe von Taschen, die sowohl Stil als auch Funktion bieten. Passend zum Sakko verk\u00f6rpert die Hose Raffinesse. Sie ist mittelhoch geschnitten, hat einen sicheren Knopf- und Rei\u00dfverschluss und ist mit geschmackvollen G\u00fcrtelschlaufen ausgestattet. Jedes Detail, von der luxuri\u00f6sen Stoffmischung bis zu den dezenten Logo-Akzenten, zeugt von der italienischen Handwerkskunst.<\/p>\n<ul>\n<li>V\u00e4ri: Musta<\/li>\n<li>Material: 40% Polyester 38% Acetat 20% Nylon 2% Elastan<\/li>\n<li>Futter: 75% Seide 20% Viskose 5% Elastan<\/li>\n<li>Verschluss: Zwei-Knopf-Verschluss<\/li>\n<li>Istuvuus: Kapea istuvuus<\/li>\n<li>Alkuper\u00e4maa: IT<\/li>\n<\/ul>","protected":false},"excerpt":{"rendered":"<p>Tauchen Sie ein in den Inbegriff von Eleganz mit unserem zweiteiligen Dolce &amp; Gabbana MARTINI Anzug. Dieses schlank geschnittene Ensemble sorgt f\u00fcr einen polierten und eleganten Auftritt bei jeder hochkar\u00e4tigen Veranstaltung. Die Anzugsjacke verf\u00fcgt \u00fcber ein elegantes Revers mit Kerbe, eine raffinierte Knopfmanschette und eine Reihe von Taschen, die sowohl Stil als auch Funktion bieten. [&hellip;]<\/p>","protected":false},"featured_media":215149,"template":"","meta":[],"product_brand":[1620],"product_cat":[1705,1633,1623],"product_tag":[],"class_list":{"0":"post-215157","1":"product","2":"type-product","3":"status-publish","4":"has-post-thumbnail","6":"product_brand-dolce-gabbana","7":"product_cat-anzuege","8":"product_cat-maenner-kleidung","9":"product_cat-kleidung","11":"first","12":"instock","13":"sale","14":"taxable","15":"shipping-taxable","16":"purchasable","17":"product-type-variable"},"_links":{"self":[{"href":"https:\/\/tpmadalina42.supserv.cozmoslabs.com\/fi\/wp-json\/wp\/v2\/product\/215157","targetHints":{"allow":["GET"]}}],"collection":[{"href":"https:\/\/tpmadalina42.supserv.cozmoslabs.com\/fi\/wp-json\/wp\/v2\/product"}],"about":[{"href":"https:\/\/tpmadalina42.supserv.cozmoslabs.com\/fi\/wp-json\/wp\/v2\/types\/product"}],"wp:featuredmedia":[{"embeddable":true,"href":"https:\/\/tpmadalina42.supserv.cozmoslabs.com\/fi\/wp-json\/wp\/v2\/media\/215149"}],"wp:attachment":[{"href":"https:\/\/tpmadalina42.supserv.cozmoslabs.com\/fi\/wp-json\/wp\/v2\/media?parent=215157"}],"wp:term":[{"taxonomy":"product_brand","embeddable":true,"href":"https:\/\/tpmadalina42.supserv.cozmoslabs.com\/fi\/wp-json\/wp\/v2\/product_brand?post=215157"},{"taxonomy":"product_cat","embeddable":true,"href":"https:\/\/tpmadalina42.supserv.cozmoslabs.com\/fi\/wp-json\/wp\/v2\/product_cat?post=215157"},{"taxonomy":"product_tag","embeddable":true,"href":"https:\/\/tpmadalina42.supserv.cozmoslabs.com\/fi\/wp-json\/wp\/v2\/product_tag?post=215157"}],"curies":[{"name":"wp","href":"https:\/\/api.w.org\/{rel}","templated":true}]}}