{"id":215503,"date":"2024-08-07T03:50:24","date_gmt":"2024-08-07T10:50:24","guid":{"rendered":"https:\/\/glandine.com\/product\/emporio-armani-anspruchsvolle-chronographenuhr-aus-silberstahl\/"},"modified":"2024-11-30T06:11:05","modified_gmt":"2024-11-30T05:11:05","slug":"emporio-armani-anspruchsvolle-chronographenuhr-aus-silberstahl","status":"publish","type":"product","link":"https:\/\/tpmadalina42.supserv.cozmoslabs.com\/fi\/tuote-2\/emporio-armani-anspruchsvolle-chronographenuhr-aus-silberstahl\/","title":{"rendered":"Emporio Armani Hienostunut kronografikello hopeater\u00e4ksest\u00e4"},"content":{"rendered":"<p>Emporio Armani miesten kronografikello on kello, jossa yhdistyv\u00e4t toiminnallisuus ja moderni estetiikka. T\u00e4m\u00e4 eksklusiivinen lis\u00e4varuste ei ole vain symboli tarkasta ajank\u00e4yt\u00f6st\u00e4, vaan my\u00f6s hienostuneen maun ilmaus. Vankka 43 mm:n ruostumattomasta ter\u00e4ksest\u00e4 valmistettu kotelo hienostuneella, mattahopealla viimeistelyll\u00e4 ja siihen sopiva harmaa kellotaulu ilment\u00e4v\u00e4t modernia miest\u00e4 eteenp\u00e4in katsovaa tyyli\u00e4.<\/p>\n<p>Huolellisesti muotoillussa ruostumattomasta ter\u00e4ksest\u00e4 valmistetun mesh-rannekkeessa on turvallinen nepparikiinnitys, joka varmistaa mukavan istuvuuden jokap\u00e4iv\u00e4isess\u00e4 k\u00e4yt\u00f6ss\u00e4. Jopa 50 metrin vedenpit\u00e4vyydess\u00e4 se yhdist\u00e4\u00e4 saumattomasti kest\u00e4vyyden ja eleganssin. Emporio Armanin sitoutumista huippuosaamiseen korostaa entisest\u00e4\u00e4n ostoksesi mukana tuleva kansainv\u00e4linen takuu.<\/p>\n<ul>\n<li>Merkki: Emporio Armani<\/li>\n<li>Sukupuoli: mies<\/li>\n<li>Kellotaulun v\u00e4ri: Harmaa<\/li>\n<li>Rannekorun materiaali: ter\u00e4s<\/li>\n<li>Kotelon materiaali: ter\u00e4s<\/li>\n<li>Kotelon koko: 43 mm<\/li>\n<li>Vedenkest\u00e4vyys: 50m \u2013 5ATM \u2013 5bar<\/li>\n<li>Liike: Kvartsi<\/li>\n<li>Rannekorun v\u00e4ri: hopea\/ter\u00e4s<\/li>\n<li>Rannekorun lukko: neppari<\/li>\n<li>Alkuper\u00e4maa: IT<\/li>\n<li>V\u00e4ri: hopea<\/li>\n<\/ul>","protected":false},"excerpt":{"rendered":"<p>Die Emporio Armani Herren-Chronographenuhr ist ein Zeitmesser, der Funktionalit\u00e4t mit moderner \u00c4sthetik verbindet. Dieses exklusive Accessoire ist nicht nur ein Symbol f\u00fcr pr\u00e4zise Zeitmessung, sondern auch ein Ausdruck von raffiniertem Geschmack. Das robuste 43-mm-Edelstahlgeh\u00e4use in edlem, mattsilbernem Finish und das dazu passende graue Zifferblatt verk\u00f6rpern einen zukunftsweisenden Stil f\u00fcr den modernen Mann. Das sorgf\u00e4ltig gefertigte [&hellip;]<\/p>","protected":false},"featured_media":215499,"template":"","meta":[],"product_brand":[2239],"product_cat":[1628,1643],"product_tag":[],"class_list":{"0":"post-215503","1":"product","2":"type-product","3":"status-publish","4":"has-post-thumbnail","6":"product_brand-emporio-armani","7":"product_cat-uhren","8":"product_cat-uhren-fuer-maenner","10":"first","11":"instock","12":"sale","13":"taxable","14":"shipping-taxable","15":"purchasable","16":"product-type-simple"},"_links":{"self":[{"href":"https:\/\/tpmadalina42.supserv.cozmoslabs.com\/fi\/wp-json\/wp\/v2\/product\/215503","targetHints":{"allow":["GET"]}}],"collection":[{"href":"https:\/\/tpmadalina42.supserv.cozmoslabs.com\/fi\/wp-json\/wp\/v2\/product"}],"about":[{"href":"https:\/\/tpmadalina42.supserv.cozmoslabs.com\/fi\/wp-json\/wp\/v2\/types\/product"}],"wp:featuredmedia":[{"embeddable":true,"href":"https:\/\/tpmadalina42.supserv.cozmoslabs.com\/fi\/wp-json\/wp\/v2\/media\/215499"}],"wp:attachment":[{"href":"https:\/\/tpmadalina42.supserv.cozmoslabs.com\/fi\/wp-json\/wp\/v2\/media?parent=215503"}],"wp:term":[{"taxonomy":"product_brand","embeddable":true,"href":"https:\/\/tpmadalina42.supserv.cozmoslabs.com\/fi\/wp-json\/wp\/v2\/product_brand?post=215503"},{"taxonomy":"product_cat","embeddable":true,"href":"https:\/\/tpmadalina42.supserv.cozmoslabs.com\/fi\/wp-json\/wp\/v2\/product_cat?post=215503"},{"taxonomy":"product_tag","embeddable":true,"href":"https:\/\/tpmadalina42.supserv.cozmoslabs.com\/fi\/wp-json\/wp\/v2\/product_tag?post=215503"}],"curies":[{"name":"wp","href":"https:\/\/api.w.org\/{rel}","templated":true}]}}