{"id":215645,"date":"2024-08-07T03:57:50","date_gmt":"2024-08-07T10:57:50","guid":{"rendered":"https:\/\/glandine.com\/product\/prada-elegante-rosa-absaetze-mit-quadratischer-spitze\/"},"modified":"2024-11-30T06:12:58","modified_gmt":"2024-11-30T05:12:58","slug":"prada-elegante-rosa-absaetze-mit-quadratischer-spitze","status":"publish","type":"product","link":"https:\/\/tpmadalina42.supserv.cozmoslabs.com\/fi\/tuote-2\/prada-elegante-rosa-absaetze-mit-quadratischer-spitze\/","title":{"rendered":"Prada Elegant vaaleanpunaiset neli\u00f6m\u00e4iset korkokeng\u00e4t"},"content":{"rendered":"<p>G\u00f6nnen Sie sich den Inbegriff von Raffinesse mit unseren atemberaubenden Pumps mit quadratischer Spitze, pr\u00e4sentiert vom renommierten Haus Prada. Diese sch\u00f6nen Schuhe sind tadellos neu mit Tags, so dass ein Unboxing so luxuri\u00f6s wie das Produkt selbst. Eine perfekte Mischung aus Mode und Anmut, entworfen, um Ihr Ensemble zu neuen H\u00f6hen der Eleganz zu erheben.<\/p>\n<ul>\n<li>V\u00e4ri: Pinkki<\/li>\n<li>Materiaali: 100% nahka<\/li>\n<li>Alkuper\u00e4maa: SE<\/li>\n<li>Mit tadelloser Qualit\u00e4t in Italien gefertigt<\/li>\n<li>Mit dem kultigen Prada-Logo-Detail<\/li>\n<li>Exquisite Lederlaufsohle f\u00fcr einen Hauch von Luxus<\/li>\n<\/ul>","protected":false},"excerpt":{"rendered":"<p>G\u00f6nnen Sie sich den Inbegriff von Raffinesse mit unseren atemberaubenden Pumps mit quadratischer Spitze, pr\u00e4sentiert vom renommierten Haus Prada. Diese sch\u00f6nen Schuhe sind tadellos neu mit Tags, so dass ein Unboxing so luxuri\u00f6s wie das Produkt selbst. Eine perfekte Mischung aus Mode und Anmut, entworfen, um Ihr Ensemble zu neuen H\u00f6hen der Eleganz zu erheben. [&hellip;]<\/p>","protected":false},"featured_media":215638,"template":"","meta":[],"product_brand":[2356],"product_cat":[1635,1688,1624],"product_tag":[],"class_list":{"0":"post-215645","1":"product","2":"type-product","3":"status-publish","4":"has-post-thumbnail","6":"product_brand-prada","7":"product_cat-frauen-schuhe","8":"product_cat-pumpen","9":"product_cat-schuhe","11":"first","12":"instock","13":"sale","14":"taxable","15":"shipping-taxable","16":"purchasable","17":"product-type-variable"},"_links":{"self":[{"href":"https:\/\/tpmadalina42.supserv.cozmoslabs.com\/fi\/wp-json\/wp\/v2\/product\/215645","targetHints":{"allow":["GET"]}}],"collection":[{"href":"https:\/\/tpmadalina42.supserv.cozmoslabs.com\/fi\/wp-json\/wp\/v2\/product"}],"about":[{"href":"https:\/\/tpmadalina42.supserv.cozmoslabs.com\/fi\/wp-json\/wp\/v2\/types\/product"}],"wp:featuredmedia":[{"embeddable":true,"href":"https:\/\/tpmadalina42.supserv.cozmoslabs.com\/fi\/wp-json\/wp\/v2\/media\/215638"}],"wp:attachment":[{"href":"https:\/\/tpmadalina42.supserv.cozmoslabs.com\/fi\/wp-json\/wp\/v2\/media?parent=215645"}],"wp:term":[{"taxonomy":"product_brand","embeddable":true,"href":"https:\/\/tpmadalina42.supserv.cozmoslabs.com\/fi\/wp-json\/wp\/v2\/product_brand?post=215645"},{"taxonomy":"product_cat","embeddable":true,"href":"https:\/\/tpmadalina42.supserv.cozmoslabs.com\/fi\/wp-json\/wp\/v2\/product_cat?post=215645"},{"taxonomy":"product_tag","embeddable":true,"href":"https:\/\/tpmadalina42.supserv.cozmoslabs.com\/fi\/wp-json\/wp\/v2\/product_tag?post=215645"}],"curies":[{"name":"wp","href":"https:\/\/api.w.org\/{rel}","templated":true}]}}