{"id":215687,"date":"2024-08-07T03:59:45","date_gmt":"2024-08-07T10:59:45","guid":{"rendered":"https:\/\/glandine.com\/product\/prada-schicke-rosa-lackleder-plateausandalen\/"},"modified":"2024-11-30T06:13:17","modified_gmt":"2024-11-30T05:13:17","slug":"prada-schicke-rosa-lackleder-plateausandalen","status":"publish","type":"product","link":"https:\/\/tpmadalina42.supserv.cozmoslabs.com\/fi\/tuote-2\/prada-schicke-rosa-lackleder-plateausandalen\/","title":{"rendered":"Prada Chic vaaleanpunaiset kiiltonahkasandaalit"},"content":{"rendered":"<p>Mit diesen exquisiten rosafarbenen Plateausandalen von Prada treten Sie in den Luxus ein. Die aus hochwertigem Lackleder gefertigten Sandalen verk\u00f6rpern mit ihrem schlichten Design und den dezenten Logodetails Eleganz. Die italienische Handwerkskunst sorgt nicht nur f\u00fcr eine atemberaubende \u00c4sthetik, sondern auch f\u00fcr eine lange Lebensdauer. Sp\u00fcren Sie den Komfort der Lederbrandsohle, perfekt f\u00fcr einen Tag im Freien oder eine besondere Abendveranstaltung. Diese brandneuen, mit Etikett versehenen Abs\u00e4tze sind ein Muss f\u00fcr alle, die ihrer Garderobe einen Hauch von Klasse verleihen m\u00f6chten.<\/p>\n<ul>\n<li>V\u00e4ri: Pinkki<\/li>\n<li>Material: 100% Lackleder<\/li>\n<li>Alkuper\u00e4maa: IT<\/li>\n<li>Valmistettu Italiassa<\/li>\n<li>Logon yksityiskohdat<\/li>\n<\/ul>","protected":false},"excerpt":{"rendered":"<p>Mit diesen exquisiten rosafarbenen Plateausandalen von Prada treten Sie in den Luxus ein. Die aus hochwertigem Lackleder gefertigten Sandalen verk\u00f6rpern mit ihrem schlichten Design und den dezenten Logodetails Eleganz. Die italienische Handwerkskunst sorgt nicht nur f\u00fcr eine atemberaubende \u00c4sthetik, sondern auch f\u00fcr eine lange Lebensdauer. Sp\u00fcren Sie den Komfort der Lederbrandsohle, perfekt f\u00fcr einen Tag [&hellip;]<\/p>","protected":false},"featured_media":215680,"template":"","meta":[],"product_brand":[2356],"product_cat":[1635,1692,1624],"product_tag":[],"class_list":{"0":"post-215687","1":"product","2":"type-product","3":"status-publish","4":"has-post-thumbnail","6":"product_brand-prada","7":"product_cat-frauen-schuhe","8":"product_cat-sandalen-frauen-schuhe","9":"product_cat-schuhe","11":"first","12":"instock","13":"sale","14":"taxable","15":"shipping-taxable","16":"purchasable","17":"product-type-variable"},"_links":{"self":[{"href":"https:\/\/tpmadalina42.supserv.cozmoslabs.com\/fi\/wp-json\/wp\/v2\/product\/215687","targetHints":{"allow":["GET"]}}],"collection":[{"href":"https:\/\/tpmadalina42.supserv.cozmoslabs.com\/fi\/wp-json\/wp\/v2\/product"}],"about":[{"href":"https:\/\/tpmadalina42.supserv.cozmoslabs.com\/fi\/wp-json\/wp\/v2\/types\/product"}],"wp:featuredmedia":[{"embeddable":true,"href":"https:\/\/tpmadalina42.supserv.cozmoslabs.com\/fi\/wp-json\/wp\/v2\/media\/215680"}],"wp:attachment":[{"href":"https:\/\/tpmadalina42.supserv.cozmoslabs.com\/fi\/wp-json\/wp\/v2\/media?parent=215687"}],"wp:term":[{"taxonomy":"product_brand","embeddable":true,"href":"https:\/\/tpmadalina42.supserv.cozmoslabs.com\/fi\/wp-json\/wp\/v2\/product_brand?post=215687"},{"taxonomy":"product_cat","embeddable":true,"href":"https:\/\/tpmadalina42.supserv.cozmoslabs.com\/fi\/wp-json\/wp\/v2\/product_cat?post=215687"},{"taxonomy":"product_tag","embeddable":true,"href":"https:\/\/tpmadalina42.supserv.cozmoslabs.com\/fi\/wp-json\/wp\/v2\/product_tag?post=215687"}],"curies":[{"name":"wp","href":"https:\/\/api.w.org\/{rel}","templated":true}]}}